{"id":44132,"date":"2019-07-03T16:03:25","date_gmt":"2019-07-03T20:03:25","guid":{"rendered":"https:\/\/ccbc.com\/canada-china-tourism\/"},"modified":"2024-02-27T18:03:11","modified_gmt":"2024-02-27T23:03:11","slug":"canada-china-tourism","status":"publish","type":"page","link":"https:\/\/ccbc.com\/fr\/canada-china-tourism\/","title":{"rendered":"Tourisme"},"content":{"rendered":"[et_pb_section fb_built=\u00a0\u00bb1&Prime; fullwidth=\u00a0\u00bbon\u00a0\u00bb _builder_version=\u00a0\u00bb4.16&Prime; z_index_tablet=\u00a0\u00bb500&Prime; border_width_bottom=\u00a0\u00bb3px\u00a0\u00bb border_color_bottom=\u00a0\u00bb#e3002b\u00a0\u00bb box_shadow_horizontal_tablet=\u00a0\u00bb0px\u00a0\u00bb box_shadow_vertical_tablet=\u00a0\u00bb0px\u00a0\u00bb box_shadow_blur_tablet=\u00a0\u00bb40px\u00a0\u00bb box_shadow_spread_tablet=\u00a0\u00bb0px\u00a0\u00bb global_colors_info=\u00a0\u00bb{}\u00a0\u00bb][et_pb_fullwidth_header title=\u00a0\u00bbTOURISME\u00a0\u00bb subhead=\u00a0\u00bb- &#8211;  Perspectives  &#8211; &#8211;\u00a0\u00bb text_orientation=\u00a0\u00bbcenter\u00a0\u00bb content_max_width=\u00a0\u00bbnone\u00a0\u00bb admin_label=\u00a0\u00bbTOURISM header\u00a0\u00bb _builder_version=\u00a0\u00bb4.16&Prime; background_color=\u00a0\u00bb#34536e\u00a0\u00bb background_image=\u00a0\u00bbhttps:\/\/ccbc.com\/wp-content\/uploads\/2019\/06\/education-header.jpg\u00a0\u00bb max_width_tablet=\u00a0\u00bb50px\u00a0\u00bb z_index_tablet=\u00a0\u00bb500&Prime; content_link_text_shadow_horizontal_length_tablet=\u00a0\u00bb0px\u00a0\u00bb content_link_text_shadow_vertical_length_tablet=\u00a0\u00bb0px\u00a0\u00bb content_link_text_shadow_blur_strength_tablet=\u00a0\u00bb1px\u00a0\u00bb content_ul_text_shadow_horizontal_length_tablet=\u00a0\u00bb0px\u00a0\u00bb content_ul_text_shadow_vertical_length_tablet=\u00a0\u00bb0px\u00a0\u00bb content_ul_text_shadow_blur_strength_tablet=\u00a0\u00bb1px\u00a0\u00bb content_ol_text_shadow_horizontal_length_tablet=\u00a0\u00bb0px\u00a0\u00bb content_ol_text_shadow_vertical_length_tablet=\u00a0\u00bb0px\u00a0\u00bb content_ol_text_shadow_blur_strength_tablet=\u00a0\u00bb1px\u00a0\u00bb content_quote_text_shadow_horizontal_length_tablet=\u00a0\u00bb0px\u00a0\u00bb content_quote_text_shadow_vertical_length_tablet=\u00a0\u00bb0px\u00a0\u00bb content_quote_text_shadow_blur_strength_tablet=\u00a0\u00bb1px\u00a0\u00bb border_width_all_image=\u00a0\u00bb3px\u00a0\u00bb border_color_all_image=\u00a0\u00bb#e3002b\u00a0\u00bb box_shadow_horizontal_tablet=\u00a0\u00bb0px\u00a0\u00bb box_shadow_vertical_tablet=\u00a0\u00bb0px\u00a0\u00bb box_shadow_blur_tablet=\u00a0\u00bb40px\u00a0\u00bb box_shadow_spread_tablet=\u00a0\u00bb0px\u00a0\u00bb box_shadow_horizontal_image_tablet=\u00a0\u00bb0px\u00a0\u00bb box_shadow_vertical_image_tablet=\u00a0\u00bb0px\u00a0\u00bb box_shadow_blur_image_tablet=\u00a0\u00bb40px\u00a0\u00bb box_shadow_spread_image_tablet=\u00a0\u00bb0px\u00a0\u00bb box_shadow_horizontal_button_one_tablet=\u00a0\u00bb0px\u00a0\u00bb box_shadow_vertical_button_one_tablet=\u00a0\u00bb0px\u00a0\u00bb box_shadow_blur_button_one_tablet=\u00a0\u00bb40px\u00a0\u00bb box_shadow_spread_button_one_tablet=\u00a0\u00bb0px\u00a0\u00bb box_shadow_horizontal_button_two_tablet=\u00a0\u00bb0px\u00a0\u00bb box_shadow_vertical_button_two_tablet=\u00a0\u00bb0px\u00a0\u00bb box_shadow_blur_button_two_tablet=\u00a0\u00bb40px\u00a0\u00bb box_shadow_spread_button_two_tablet=\u00a0\u00bb0px\u00a0\u00bb global_colors_info=\u00a0\u00bb{}\u00a0\u00bb button_one_text_size__hover_enabled=\u00a0\u00bboff\u00a0\u00bb button_one_text_size__hover=\u00a0\u00bbnull\u00a0\u00bb button_two_text_size__hover_enabled=\u00a0\u00bboff\u00a0\u00bb button_two_text_size__hover=\u00a0\u00bbnull\u00a0\u00bb button_one_text_color__hover_enabled=\u00a0\u00bboff\u00a0\u00bb button_one_text_color__hover=\u00a0\u00bbnull\u00a0\u00bb button_two_text_color__hover_enabled=\u00a0\u00bboff\u00a0\u00bb button_two_text_color__hover=\u00a0\u00bbnull\u00a0\u00bb button_one_border_width__hover_enabled=\u00a0\u00bboff\u00a0\u00bb button_one_border_width__hover=\u00a0\u00bbnull\u00a0\u00bb button_two_border_width__hover_enabled=\u00a0\u00bboff\u00a0\u00bb button_two_border_width__hover=\u00a0\u00bbnull\u00a0\u00bb button_one_border_color__hover_enabled=\u00a0\u00bboff\u00a0\u00bb button_one_border_color__hover=\u00a0\u00bbnull\u00a0\u00bb button_two_border_color__hover_enabled=\u00a0\u00bboff\u00a0\u00bb button_two_border_color__hover=\u00a0\u00bbnull\u00a0\u00bb button_one_border_radius__hover_enabled=\u00a0\u00bboff\u00a0\u00bb button_one_border_radius__hover=\u00a0\u00bbnull\u00a0\u00bb button_two_border_radius__hover_enabled=\u00a0\u00bboff\u00a0\u00bb button_two_border_radius__hover=\u00a0\u00bbnull\u00a0\u00bb button_one_letter_spacing__hover_enabled=\u00a0\u00bboff\u00a0\u00bb button_one_letter_spacing__hover=\u00a0\u00bbnull\u00a0\u00bb button_two_letter_spacing__hover_enabled=\u00a0\u00bboff\u00a0\u00bb button_two_letter_spacing__hover=\u00a0\u00bbnull\u00a0\u00bb button_one_bg_color__hover_enabled=\u00a0\u00bboff\u00a0\u00bb button_one_bg_color__hover=\u00a0\u00bbnull\u00a0\u00bb button_two_bg_color__hover_enabled=\u00a0\u00bboff\u00a0\u00bb button_two_bg_color__hover=\u00a0\u00bbnull\u00a0\u00bb][\/et_pb_fullwidth_header][\/et_pb_section][et_pb_section fb_built=\u00a0\u00bb1&Prime; _builder_version=\u00a0\u00bb4.16&Prime; custom_padding=\u00a0\u00bb||0px|\u00a0\u00bb global_colors_info=\u00a0\u00bb{}\u00a0\u00bb][et_pb_row module_id=\u00a0\u00bbbb-absolute-row\u00a0\u00bb _builder_version=\u00a0\u00bb4.16&Prime; global_colors_info=\u00a0\u00bb{}\u00a0\u00bb column_structure=\u00a0\u00bb2_3,1_3&Prime;][et_pb_column type=\u00a0\u00bb2_3&Prime; _builder_version=\u00a0\u00bb4.16&Prime; background_position=\u00a0\u00bbtop_left\u00a0\u00bb custom_padding=\u00a0\u00bb|||\u00a0\u00bb global_colors_info=\u00a0\u00bb{}\u00a0\u00bb custom_padding__hover=\u00a0\u00bb|||\u00a0\u00bb][\/et_pb_column][et_pb_column type=\u00a0\u00bb1_3&Prime; _builder_version=\u00a0\u00bb4.16&Prime; background_position=\u00a0\u00bbtop_left\u00a0\u00bb custom_padding=\u00a0\u00bb|||\u00a0\u00bb global_colors_info=\u00a0\u00bb{}\u00a0\u00bb custom_padding__hover=\u00a0\u00bb|||\u00a0\u00bb][et_pb_image src=\u00a0\u00bbhttps:\/\/ccbc.com\/wp-content\/uploads\/2019\/07\/Spirit-Island-in-Maligne-Lake-Jasper-National-Park-Alberta-Canada-shutterstock_255015211.jpg\u00a0\u00bb align=\u00a0\u00bbcenter\u00a0\u00bb force_fullwidth=\u00a0\u00bbon\u00a0\u00bb align_tablet=\u00a0\u00bbcenter\u00a0\u00bb align_phone=\u00a0\u00bb\u00a0\u00bb align_last_edited=\u00a0\u00bbon|desktop\u00a0\u00bb disabled_on=\u00a0\u00bboff|off|off\u00a0\u00bb _builder_version=\u00a0\u00bb4.16&Prime; z_index_tablet=\u00a0\u00bb500&Prime; box_shadow_horizontal_tablet=\u00a0\u00bb0px\u00a0\u00bb box_shadow_vertical_tablet=\u00a0\u00bb0px\u00a0\u00bb box_shadow_blur_tablet=\u00a0\u00bb40px\u00a0\u00bb box_shadow_spread_tablet=\u00a0\u00bb0px\u00a0\u00bb animation=\u00a0\u00bboff\u00a0\u00bb sticky=\u00a0\u00bboff\u00a0\u00bb border_style=\u00a0\u00bbsolid\u00a0\u00bb global_colors_info=\u00a0\u00bb{}\u00a0\u00bb]\n<p>\n&nbsp;<\/p>\n[\/et_pb_image][\/et_pb_column][\/et_pb_row][et_pb_row make_equal=\u00a0\u00bbon\u00a0\u00bb module_class=\u00a0\u00bbbb-adjusted-widths\u00a0\u00bb _builder_version=\u00a0\u00bb4.16&Prime; custom_padding=\u00a0\u00bb||0px|\u00a0\u00bb global_colors_info=\u00a0\u00bb{}\u00a0\u00bb column_structure=\u00a0\u00bb2_3,1_3&Prime;][et_pb_column type=\u00a0\u00bb2_3&Prime; _builder_version=\u00a0\u00bb4.16&Prime; background_position=\u00a0\u00bbtop_left\u00a0\u00bb custom_padding=\u00a0\u00bb|||\u00a0\u00bb global_colors_info=\u00a0\u00bb{}\u00a0\u00bb custom_padding__hover=\u00a0\u00bb|||\u00a0\u00bb][et_pb_text disabled_on=\u00a0\u00bb||off\u00a0\u00bb _builder_version=\u00a0\u00bb4.16&Prime; custom_margin=\u00a0\u00bb0px|0px|0px|0px\u00a0\u00bb custom_padding=\u00a0\u00bb0px|0px||0px\u00a0\u00bb z_index_tablet=\u00a0\u00bb500&Prime; box_shadow_horizontal_tablet=\u00a0\u00bb0px\u00a0\u00bb box_shadow_vertical_tablet=\u00a0\u00bb0px\u00a0\u00bb box_shadow_blur_tablet=\u00a0\u00bb40px\u00a0\u00bb box_shadow_spread_tablet=\u00a0\u00bb0px\u00a0\u00bb border_style=\u00a0\u00bbsolid\u00a0\u00bb saved_tabs=\u00a0\u00bball\u00a0\u00bb global_colors_info=\u00a0\u00bb{}\u00a0\u00bb]\n<p>Les citoyens chinois vivent de plus en plus dans l\u2019aisance. Ceci, combin\u00e9 avec l\u2019assouplissement des restrictions sur les visas, a entra\u00een\u00e9 une croissance importante du nombre de touristes chinois. En 2017, ils ont d\u00e9pens\u00e9 258 milliards $ lors de voyages \u00e0 l\u2019ext\u00e9rieur du pays<a href=\"#_ftn1\" name=\"_ftnref1\"><sup>[1]<\/sup><\/a>. D\u2019apr\u00e8s Destination Canada, il y a eu au Canada un nombre record de visiteurs chinois en 2017, soit 737\u2009000. Cela repr\u00e9sente une hausse de six pour cent par rapport \u00e0 l\u2019ann\u00e9e pr\u00e9c\u00e9dente et constitue le double du nombre de visiteurs chinois de 2013<a href=\"#_ftn2\" name=\"_ftnref2\"><sup>[2]<\/sup><\/a>. La Chine est d\u00e9sormais la seconde plus grande source de visiteurs au Canada. Elle a surpass\u00e9 le R.-U. qui \u00e9tait historiquement notre deuxi\u00e8me source de visiteurs apr\u00e8s les \u00c9.-U.<\/p>\n<p>\u00a0<\/p>\n<p>Le gouvernement f\u00e9d\u00e9ral encourage la hausse du nombre de touristes chinois au pays. En effet, il a d\u00e9clar\u00e9 que 2018 \u00e9tait l\u2019ann\u00e9e du tourisme Canada-Chine. En outre, le Canada a ouvert de nouveaux centres de demandes de visas en Chine. Il est donc plus facile pour les visiteurs chinois de demander des visas.<\/p>\n<p>\u00a0<\/p>\n<p>D\u2019apr\u00e8s Destination Canada, les mois de juillet et d\u2019ao\u00fbt sont les plus populaires pour voyager. Les touristes chinois passent en moyenne 31 nuits au pays. D\u2019apr\u00e8s<a href=\"https:\/\/www.destinationcanada.com\/sites\/default\/files\/archive\/737-Global Tourism Watch - China - 2017\/2017 GTW China Summary Report_Public_English.pdf\" target=\"_blank\" rel=\"noopener noreferrer\">un sondage effectu\u00e9 par l\u2019agence<\/a> en 2017, plus de 90 pour cent des visiteurs ont utilis\u00e9 un agent de voyages ou un voyagiste pour planifier ou r\u00e9server leur plus r\u00e9cent voyage. Parmi les autres sources de renseignements, on compte les parents et les membres de la famille, les \u00e9missions de t\u00e9l\u00e9vision et les d\u00e9pliants de voyage.<\/p>\n<p>\u00a0<\/p>\n<p><strong>Domaines de croissance<\/strong><\/p>\n<p>Le <a href=\"https:\/\/www.destinationcanada.com\/sites\/default\/files\/archive\/737-Global Tourism Watch - China - 2017\/2017 GTW China Summary Report_Public_English.pdf\" target=\"_blank\" rel=\"noopener noreferrer\"> Rapport sommaire public 2017 sur la Chine de la veille touristique de Destination Canada<\/a> note que le tourisme chinois continuera d\u2019augmenter : \u00ab\u2009\u00c0 elle seule, la Chine repr\u00e9sente le quart des d\u00e9penses touristiques internationales, malgr\u00e9 le fait que seuls 8,7 % des citoyens chinois poss\u00e8dent un passeport. Ces donn\u00e9es t\u00e9moignent du fort potentiel de croissance que rec\u00e8le ce pays\u2009\u00bb.<\/p>\n<p>\u00a0<\/p>\n<p>Les chutes Niagara et Ottawa sont les deux destinations de vacances les plus courues. Le <a href=\"https:\/\/www.destinationcanada.com\/sites\/default\/files\/archive\/737-Global Tourism Watch - China - 2017\/2017 GTW China Summary Report_Public_English.pdf\" target=\"_blank\" rel=\"noopener noreferrer\">Rapport de Destination Canada<\/a> a conclu que les paysages canadiens iconiques (comme les chutes Niagara ou les Rocheuses) sont g\u00e9n\u00e9ralement des destinations plus attirantes que les villes pour les visiteurs chinois. Voici les exp\u00e9riences de voyage les plus recherch\u00e9es :<\/p>\n<ul>\n<li>Visiter des attractions naturelles<\/li>\n<li>Go\u00fbter \u00e0 des aliments et boissons locaux<\/li>\n<li>Visiter des sites historiques, arch\u00e9ologiques ou du patrimoine mondial<\/li>\n<li>Visiter des parcs naturels<\/li>\n<li>Voir des animaux sauvages ou la vie marine<\/li>\n<\/ul>\n<p>\u00a0<\/p>\n<p>Ces activit\u00e9s sont per\u00e7ues comme \u00e9tant des \u00ab\u2009activit\u00e9s de voyage centrales\u2009\u00bb, ce qui signifie que les voyageurs souhaitent structurer leurs voyages autour d\u2019elles.<\/p>\n<p>\u00a0<\/p>\n<p><strong>Occasions pour les organisations canadiennes<\/strong><\/p>\n<p>Les <a href=\"https:\/\/www.google.com\/url?sa=t&amp;rct=j&amp;q=&amp;esrc=s&amp;source=web&amp;cd=2&amp;ved=2ahUKEwjnvpzl0p3hAhUBCDQIHVMzD6kQFjABegQIABAC&amp;url=https%3A%2F%2Fwww.destinationcanada.com%2Fsites%2Fdefault%2Ffiles%2Farchive%2F304-market-highlights-china%2Fch-markethighlights_en_2018.pdf&amp;usg=AOvVaw04M1VWBJ_q0ZCQpvgi0o3-\" target=\"_blank\" rel=\"noopener noreferrer\">Faits saillants du march\u00e9 chinois en un coup d\u2019\u0153il de Destination Canada<\/a> \u00e9noncent qu\u2019il existe deux genres principaux de voyageurs que les entreprises pourraient vouloir viser :<\/p>\n<ul>\n<li>Des gens souhaitant s\u2019\u00e9vader qui veulent des exp\u00e9riences authentiques, tout inclus, <br \/>leur permettant de d\u00e9couvrir des aliments gastronomiques et des produits faits au Canada.<\/li>\n<li>Des gens \u00e0 l\u2019esprit libre qui souhaitent vivre des exp\u00e9riences luxueuses, iconiques et sp\u00e9ciales.<\/li>\n<\/ul>\n<p>\u00a0<\/p>\n<p>Les entreprises devraient saisir toutes les occasions possibles de faire la promotion des produits et des exp\u00e9riences uniquement canadiens). La demande est forte pour les produits uniques au Canada ou faits au Canada. Les restaurants et les caf\u00e9s devraient mettre l\u2019accent sur les aliments et les vins locaux et r\u00e9gionaux.<\/p>\n<p>\u00a0<\/p>\n<p>De m\u00eame, Destination Canada croit qu\u2019il existe des occasions pour l\u2019industrie canadienne du tourisme d\u2019utiliser comme levier l\u2019int\u00e9r\u00eat des touristes chinois envers les aurores bor\u00e9ales, les couleurs d\u2019automne, le camping, la raquette ou le ski de fond.<\/p>\n<p>\u00a0<\/p>\n<p>Il ne faut pas n\u00e9gliger le march\u00e9 des conf\u00e9rences et expositions. En 2017, Toronto a \u00e9t\u00e9 le soumissionnaire gagnant pour devenir l\u2019h\u00f4te d\u2019une conf\u00e9rence d\u2019Amway China destin\u00e9e \u00e0 ses distributeurs et leaders d\u2019avant-garde en 2020. On s\u2019attend \u00e0 ce qu\u2019il y ait 10\u2009000 visiteurs et des retomb\u00e9es de 80 millions $ pour la ville<a href=\"#_ftn3\" name=\"_ftnref3\"><sup>[3]<\/sup><\/a>.<\/p>\n<p>\u00a0<\/p>\n<p style=\"text-align: right;\">mars 2019<\/p>\n<p>\u00a0<\/p>\n<p><span style=\"font-size: 10pt;\"><a href=\"#_ftnref1\" name=\"_ftn1\"><sup>[1]<\/sup><\/a> Forbes, <a href=\"https:\/\/www.forbes.com\/sites\/ericrosen\/2018\/09\/06\/new-rankings-of-the-worlds-fastest-growing-tourism-destinations\/#b68752557eae\">New Rankings Of The World&rsquo;s Fastest-Growing Tourism Destinations<\/a>, September 6, 2018.<\/span><\/p>\n<p><span style=\"font-size: 10pt;\"><a href=\"#_ftnref2\" name=\"_ftn2\"><sup>[2]<\/sup><\/a> Destination Canada, <a href=\"https:\/\/www.destinationcanada.com\/en\/markets\/china\">China Market Background<\/a><\/span>.<\/p>\n<p><span style=\"font-size: 10pt;\"><a href=\"#_ftnref3\" name=\"_ftn3\"><sup>[3]<\/sup><\/a> Tourism Toronto, <a href=\"https:\/\/www.newswire.ca\/news-releases\/toronto-wins-bid-to-host-the-largest-travel-delegation-from-china-to-visit-canada-662297053.html\">Toronto Wins Bid to Host the Largest Travel Delegation from China to Visit Canada<\/a>, December 6, 2017<\/span>.<\/p>\n[\/et_pb_text][\/et_pb_column][et_pb_column type=\u00a0\u00bb1_3&Prime; module_class=\u00a0\u00bbborder-left-red\u00a0\u00bb _builder_version=\u00a0\u00bb4.16&Prime; background_position=\u00a0\u00bbtop_left\u00a0\u00bb custom_padding=\u00a0\u00bb|||\u00a0\u00bb global_colors_info=\u00a0\u00bb{}\u00a0\u00bb custom_padding__hover=\u00a0\u00bb|||\u00a0\u00bb][et_pb_text module_class=\u00a0\u00bbborder-left-red\u00a0\u00bb _builder_version=\u00a0\u00bb4.16&Prime; border_style=\u00a0\u00bbsolid\u00a0\u00bb global_colors_info=\u00a0\u00bb{}\u00a0\u00bb]\n<p>\n&nbsp;<\/p>\n[\/et_pb_text][\/et_pb_column][\/et_pb_row][\/et_pb_section][et_pb_section fb_built=\u00a0\u00bb1&Prime; _builder_version=\u00a0\u00bb4.16&Prime; custom_padding=\u00a0\u00bb0px||0px|\u00a0\u00bb global_colors_info=\u00a0\u00bb{}\u00a0\u00bb][et_pb_row _builder_version=\u00a0\u00bb4.16&Prime; background_color=\u00a0\u00bb#ebebeb\u00a0\u00bb width_phone=\u00a0\u00bb50px\u00a0\u00bb max_width_phone=\u00a0\u00bb1280px\u00a0\u00bb custom_margin=\u00a0\u00bb3%|||\u00a0\u00bb custom_padding=\u00a0\u00bb0px||0px|\u00a0\u00bb z_index_tablet=\u00a0\u00bb500&Prime; box_shadow_horizontal_tablet=\u00a0\u00bb0px\u00a0\u00bb box_shadow_vertical_tablet=\u00a0\u00bb0px\u00a0\u00bb box_shadow_blur_tablet=\u00a0\u00bb40px\u00a0\u00bb box_shadow_spread_tablet=\u00a0\u00bb0px\u00a0\u00bb global_colors_info=\u00a0\u00bb{}\u00a0\u00bb column_structure=\u00a0\u00bb3_4,1_4&Prime;][et_pb_column type=\u00a0\u00bb3_4&Prime; _builder_version=\u00a0\u00bb4.16&Prime; background_position=\u00a0\u00bbtop_left\u00a0\u00bb custom_padding=\u00a0\u00bb|||\u00a0\u00bb global_colors_info=\u00a0\u00bb{}\u00a0\u00bb custom_padding__hover=\u00a0\u00bb|||\u00a0\u00bb][et_pb_text admin_label=\u00a0\u00bbStrategies to Consider\u00a0\u00bb _builder_version=\u00a0\u00bb4.24.0&Prime; background_color=\u00a0\u00bb#EBEBEB\u00a0\u00bb custom_padding=\u00a0\u00bb30px|60px|15px|60px\u00a0\u00bb hover_enabled=\u00a0\u00bb0&Prime; z_index_tablet=\u00a0\u00bb500&Prime; box_shadow_horizontal_tablet=\u00a0\u00bb0px\u00a0\u00bb box_shadow_vertical_tablet=\u00a0\u00bb0px\u00a0\u00bb box_shadow_blur_tablet=\u00a0\u00bb40px\u00a0\u00bb box_shadow_spread_tablet=\u00a0\u00bb0px\u00a0\u00bb border_style=\u00a0\u00bbsolid\u00a0\u00bb global_colors_info=\u00a0\u00bb{}\u00a0\u00bb sticky_enabled=\u00a0\u00bb0&Prime;]\n<p><strong>Strat\u00e9gies \u00e0 prendre en consid\u00e9ration<\/strong><\/p>\n<ul>\n<li>Collaborez avec vos organismes provinciaux de marketing de destination pour obtenir des instructions afin de mieux pouvoir promouvoir vos occasions \u00e0 la Chine<\/li>\n<li>Mettez en place des options de paiements mobiles par l\u2019interm\u00e9diaire d\u2019Alipay ou de WeChat Pay afin de faciliter les affaires entre vous et les voyageurs chinois<\/li>\n<li>Embauchez des gens qui parlent le mandarin<\/li>\n<li>Les principaux facteurs d\u00e9courageant les voyages sont la mauvaise temp\u00e9rature et les inqui\u00e9tudes pour la s\u00e9curit\u00e9. Donc, investir dans les messages et la publicit\u00e9 qui dissipent ces pr\u00e9occupations pourrait s\u2019av\u00e9rer profitable.<\/li>\n<\/ul>\n<p><span style=\"border-radius: 2px; text-indent: 20px; width: auto; padding: 0px 4px 0px 0px; text-align: center; font: bold 11px\/20px 'Helvetica Neue',Helvetica,sans-serif; color: #ffffff; background: #bd081c no-repeat scroll 3px 50% \/ 14px 14px; position: absolute; opacity: 1; z-index: 8675309; display: none; cursor: pointer;\">Save<\/span><\/p>\n[\/et_pb_text][\/et_pb_column][et_pb_column type=\u00a0\u00bb1_4&Prime; _builder_version=\u00a0\u00bb4.16&Prime; custom_padding=\u00a0\u00bb|||\u00a0\u00bb global_colors_info=\u00a0\u00bb{}\u00a0\u00bb custom_padding__hover=\u00a0\u00bb|||\u00a0\u00bb][\/et_pb_column][\/et_pb_row][et_pb_row disabled_on=\u00a0\u00bboff|off|off\u00a0\u00bb _builder_version=\u00a0\u00bb4.16&Prime; global_colors_info=\u00a0\u00bb{}\u00a0\u00bb][et_pb_column type=\u00a0\u00bb4_4&Prime; _builder_version=\u00a0\u00bb4.16&Prime; custom_padding=\u00a0\u00bb|||\u00a0\u00bb global_colors_info=\u00a0\u00bb{}\u00a0\u00bb custom_padding__hover=\u00a0\u00bb|||\u00a0\u00bb][et_pb_divider show_divider=\u00a0\u00bboff\u00a0\u00bb disabled_on=\u00a0\u00bbon|on|off\u00a0\u00bb _builder_version=\u00a0\u00bb4.16&Prime; height=\u00a0\u00bb0px\u00a0\u00bb z_index_tablet=\u00a0\u00bb500&Prime; box_shadow_horizontal_tablet=\u00a0\u00bb0px\u00a0\u00bb box_shadow_vertical_tablet=\u00a0\u00bb0px\u00a0\u00bb box_shadow_blur_tablet=\u00a0\u00bb40px\u00a0\u00bb box_shadow_spread_tablet=\u00a0\u00bb0px\u00a0\u00bb saved_tabs=\u00a0\u00bball\u00a0\u00bb global_colors_info=\u00a0\u00bb{}\u00a0\u00bb][\/et_pb_divider][\/et_pb_column][\/et_pb_row][\/et_pb_section]\n","protected":false},"excerpt":{"rendered":"<p>&nbsp; Les citoyens chinois vivent de plus en plus dans l\u2019aisance. Ceci, combin\u00e9 avec l\u2019assouplissement des restrictions sur les visas, a entra\u00een\u00e9 une croissance importante du nombre de touristes chinois. [&hellip;]<\/p>\n","protected":false},"author":1686,"featured_media":0,"parent":0,"menu_order":0,"comment_status":"closed","ping_status":"closed","template":"","meta":{"_acf_changed":false,"_et_pb_use_builder":"on","_et_pb_old_content":"","_et_gb_content_width":"","footnotes":""},"categories":[],"tags":[],"class_list":["post-44132","page","type-page","status-publish","hentry"],"acf":[],"_links":{"self":[{"href":"https:\/\/ccbc.com\/fr\/wp-json\/wp\/v2\/pages\/44132","targetHints":{"allow":["GET"]}}],"collection":[{"href":"https:\/\/ccbc.com\/fr\/wp-json\/wp\/v2\/pages"}],"about":[{"href":"https:\/\/ccbc.com\/fr\/wp-json\/wp\/v2\/types\/page"}],"author":[{"embeddable":true,"href":"https:\/\/ccbc.com\/fr\/wp-json\/wp\/v2\/users\/1686"}],"replies":[{"embeddable":true,"href":"https:\/\/ccbc.com\/fr\/wp-json\/wp\/v2\/comments?post=44132"}],"version-history":[{"count":6,"href":"https:\/\/ccbc.com\/fr\/wp-json\/wp\/v2\/pages\/44132\/revisions"}],"predecessor-version":[{"id":71898,"href":"https:\/\/ccbc.com\/fr\/wp-json\/wp\/v2\/pages\/44132\/revisions\/71898"}],"wp:attachment":[{"href":"https:\/\/ccbc.com\/fr\/wp-json\/wp\/v2\/media?parent=44132"}],"wp:term":[{"taxonomy":"category","embeddable":true,"href":"https:\/\/ccbc.com\/fr\/wp-json\/wp\/v2\/categories?post=44132"},{"taxonomy":"post_tag","embeddable":true,"href":"https:\/\/ccbc.com\/fr\/wp-json\/wp\/v2\/tags?post=44132"}],"curies":[{"name":"wp","href":"https:\/\/api.w.org\/{rel}","templated":true}]}}