{"id":44094,"date":"2019-07-02T13:55:24","date_gmt":"2019-07-02T17:55:24","guid":{"rendered":"https:\/\/ccbc.com\/canada-china-healthcare-eldercare\/"},"modified":"2024-02-27T17:59:09","modified_gmt":"2024-02-27T22:59:09","slug":"canada-china-healthcare-eldercare","status":"publish","type":"page","link":"https:\/\/ccbc.com\/fr\/canada-china-healthcare-eldercare\/","title":{"rendered":"Soins de sant\u00e9 et services aux a\u00een\u00e9s"},"content":{"rendered":"[et_pb_section fb_built=\u00a0\u00bb1&Prime; fullwidth=\u00a0\u00bbon\u00a0\u00bb _builder_version=\u00a0\u00bb4.16&Prime; z_index_tablet=\u00a0\u00bb500&Prime; border_width_bottom=\u00a0\u00bb3px\u00a0\u00bb border_color_bottom=\u00a0\u00bb#e3002b\u00a0\u00bb box_shadow_horizontal_tablet=\u00a0\u00bb0px\u00a0\u00bb box_shadow_vertical_tablet=\u00a0\u00bb0px\u00a0\u00bb box_shadow_blur_tablet=\u00a0\u00bb40px\u00a0\u00bb box_shadow_spread_tablet=\u00a0\u00bb0px\u00a0\u00bb global_colors_info=\u00a0\u00bb{}\u00a0\u00bb][et_pb_fullwidth_header title=\u00a0\u00bbENTREPRENDRE DANS LE DOMAINE DE LA SANT\u00c9 EN CHINE\u00a0\u00bb subhead=\u00a0\u00bb- &#8211;  Perspectives  &#8211; &#8211;\u00a0\u00bb text_orientation=\u00a0\u00bbcenter\u00a0\u00bb content_max_width=\u00a0\u00bbnone\u00a0\u00bb admin_label=\u00a0\u00bbHEALTH CARE AND ELDER CARE header\u00a0\u00bb _builder_version=\u00a0\u00bb4.16&Prime; background_color=\u00a0\u00bb#34536e\u00a0\u00bb background_image=\u00a0\u00bbhttps:\/\/ccbc.com\/wp-content\/uploads\/2019\/06\/education-header.jpg\u00a0\u00bb max_width_tablet=\u00a0\u00bb50px\u00a0\u00bb z_index_tablet=\u00a0\u00bb500&Prime; content_link_text_shadow_horizontal_length_tablet=\u00a0\u00bb0px\u00a0\u00bb content_link_text_shadow_vertical_length_tablet=\u00a0\u00bb0px\u00a0\u00bb content_link_text_shadow_blur_strength_tablet=\u00a0\u00bb1px\u00a0\u00bb content_ul_text_shadow_horizontal_length_tablet=\u00a0\u00bb0px\u00a0\u00bb content_ul_text_shadow_vertical_length_tablet=\u00a0\u00bb0px\u00a0\u00bb content_ul_text_shadow_blur_strength_tablet=\u00a0\u00bb1px\u00a0\u00bb content_ol_text_shadow_horizontal_length_tablet=\u00a0\u00bb0px\u00a0\u00bb content_ol_text_shadow_vertical_length_tablet=\u00a0\u00bb0px\u00a0\u00bb content_ol_text_shadow_blur_strength_tablet=\u00a0\u00bb1px\u00a0\u00bb content_quote_text_shadow_horizontal_length_tablet=\u00a0\u00bb0px\u00a0\u00bb content_quote_text_shadow_vertical_length_tablet=\u00a0\u00bb0px\u00a0\u00bb content_quote_text_shadow_blur_strength_tablet=\u00a0\u00bb1px\u00a0\u00bb border_width_all_image=\u00a0\u00bb3px\u00a0\u00bb border_color_all_image=\u00a0\u00bb#e3002b\u00a0\u00bb box_shadow_horizontal_tablet=\u00a0\u00bb0px\u00a0\u00bb box_shadow_vertical_tablet=\u00a0\u00bb0px\u00a0\u00bb box_shadow_blur_tablet=\u00a0\u00bb40px\u00a0\u00bb box_shadow_spread_tablet=\u00a0\u00bb0px\u00a0\u00bb box_shadow_horizontal_image_tablet=\u00a0\u00bb0px\u00a0\u00bb box_shadow_vertical_image_tablet=\u00a0\u00bb0px\u00a0\u00bb box_shadow_blur_image_tablet=\u00a0\u00bb40px\u00a0\u00bb box_shadow_spread_image_tablet=\u00a0\u00bb0px\u00a0\u00bb box_shadow_horizontal_button_one_tablet=\u00a0\u00bb0px\u00a0\u00bb box_shadow_vertical_button_one_tablet=\u00a0\u00bb0px\u00a0\u00bb box_shadow_blur_button_one_tablet=\u00a0\u00bb40px\u00a0\u00bb box_shadow_spread_button_one_tablet=\u00a0\u00bb0px\u00a0\u00bb box_shadow_horizontal_button_two_tablet=\u00a0\u00bb0px\u00a0\u00bb box_shadow_vertical_button_two_tablet=\u00a0\u00bb0px\u00a0\u00bb box_shadow_blur_button_two_tablet=\u00a0\u00bb40px\u00a0\u00bb box_shadow_spread_button_two_tablet=\u00a0\u00bb0px\u00a0\u00bb global_colors_info=\u00a0\u00bb{}\u00a0\u00bb button_one_text_size__hover_enabled=\u00a0\u00bboff\u00a0\u00bb button_one_text_size__hover=\u00a0\u00bbnull\u00a0\u00bb button_two_text_size__hover_enabled=\u00a0\u00bboff\u00a0\u00bb button_two_text_size__hover=\u00a0\u00bbnull\u00a0\u00bb button_one_text_color__hover_enabled=\u00a0\u00bboff\u00a0\u00bb button_one_text_color__hover=\u00a0\u00bbnull\u00a0\u00bb button_two_text_color__hover_enabled=\u00a0\u00bboff\u00a0\u00bb button_two_text_color__hover=\u00a0\u00bbnull\u00a0\u00bb button_one_border_width__hover_enabled=\u00a0\u00bboff\u00a0\u00bb button_one_border_width__hover=\u00a0\u00bbnull\u00a0\u00bb button_two_border_width__hover_enabled=\u00a0\u00bboff\u00a0\u00bb button_two_border_width__hover=\u00a0\u00bbnull\u00a0\u00bb button_one_border_color__hover_enabled=\u00a0\u00bboff\u00a0\u00bb button_one_border_color__hover=\u00a0\u00bbnull\u00a0\u00bb button_two_border_color__hover_enabled=\u00a0\u00bboff\u00a0\u00bb button_two_border_color__hover=\u00a0\u00bbnull\u00a0\u00bb button_one_border_radius__hover_enabled=\u00a0\u00bboff\u00a0\u00bb button_one_border_radius__hover=\u00a0\u00bbnull\u00a0\u00bb button_two_border_radius__hover_enabled=\u00a0\u00bboff\u00a0\u00bb button_two_border_radius__hover=\u00a0\u00bbnull\u00a0\u00bb button_one_letter_spacing__hover_enabled=\u00a0\u00bboff\u00a0\u00bb button_one_letter_spacing__hover=\u00a0\u00bbnull\u00a0\u00bb button_two_letter_spacing__hover_enabled=\u00a0\u00bboff\u00a0\u00bb button_two_letter_spacing__hover=\u00a0\u00bbnull\u00a0\u00bb button_one_bg_color__hover_enabled=\u00a0\u00bboff\u00a0\u00bb button_one_bg_color__hover=\u00a0\u00bbnull\u00a0\u00bb button_two_bg_color__hover_enabled=\u00a0\u00bboff\u00a0\u00bb button_two_bg_color__hover=\u00a0\u00bbnull\u00a0\u00bb][\/et_pb_fullwidth_header][\/et_pb_section][et_pb_section fb_built=\u00a0\u00bb1&Prime; _builder_version=\u00a0\u00bb4.16&Prime; custom_padding=\u00a0\u00bb||0px|\u00a0\u00bb global_colors_info=\u00a0\u00bb{}\u00a0\u00bb][et_pb_row module_id=\u00a0\u00bbbb-absolute-row\u00a0\u00bb _builder_version=\u00a0\u00bb4.16&Prime; global_colors_info=\u00a0\u00bb{}\u00a0\u00bb column_structure=\u00a0\u00bb2_3,1_3&Prime;][et_pb_column type=\u00a0\u00bb2_3&Prime; _builder_version=\u00a0\u00bb4.16&Prime; background_position=\u00a0\u00bbtop_left\u00a0\u00bb custom_padding=\u00a0\u00bb|||\u00a0\u00bb global_colors_info=\u00a0\u00bb{}\u00a0\u00bb custom_padding__hover=\u00a0\u00bb|||\u00a0\u00bb][\/et_pb_column][et_pb_column type=\u00a0\u00bb1_3&Prime; _builder_version=\u00a0\u00bb4.16&Prime; background_position=\u00a0\u00bbtop_left\u00a0\u00bb custom_padding=\u00a0\u00bb|||\u00a0\u00bb global_colors_info=\u00a0\u00bb{}\u00a0\u00bb custom_padding__hover=\u00a0\u00bb|||\u00a0\u00bb][et_pb_image src=\u00a0\u00bbhttps:\/\/ccbc.com\/wp-content\/uploads\/2019\/07\/Eldercare_shutterstock_577135267.jpg\u00a0\u00bb align=\u00a0\u00bbcenter\u00a0\u00bb force_fullwidth=\u00a0\u00bbon\u00a0\u00bb align_tablet=\u00a0\u00bbcenter\u00a0\u00bb align_phone=\u00a0\u00bb\u00a0\u00bb align_last_edited=\u00a0\u00bbon|desktop\u00a0\u00bb disabled_on=\u00a0\u00bboff|off|off\u00a0\u00bb _builder_version=\u00a0\u00bb4.16&Prime; z_index_tablet=\u00a0\u00bb500&Prime; box_shadow_horizontal_tablet=\u00a0\u00bb0px\u00a0\u00bb box_shadow_vertical_tablet=\u00a0\u00bb0px\u00a0\u00bb box_shadow_blur_tablet=\u00a0\u00bb40px\u00a0\u00bb box_shadow_spread_tablet=\u00a0\u00bb0px\u00a0\u00bb animation=\u00a0\u00bboff\u00a0\u00bb sticky=\u00a0\u00bboff\u00a0\u00bb border_style=\u00a0\u00bbsolid\u00a0\u00bb global_colors_info=\u00a0\u00bb{}\u00a0\u00bb]\n<p>\n&nbsp;<\/p>\n[\/et_pb_image][\/et_pb_column][\/et_pb_row][et_pb_row make_equal=\u00a0\u00bbon\u00a0\u00bb module_class=\u00a0\u00bbbb-adjusted-widths\u00a0\u00bb _builder_version=\u00a0\u00bb4.16&Prime; custom_padding=\u00a0\u00bb||0px|\u00a0\u00bb global_colors_info=\u00a0\u00bb{}\u00a0\u00bb column_structure=\u00a0\u00bb2_3,1_3&Prime;][et_pb_column type=\u00a0\u00bb2_3&Prime; _builder_version=\u00a0\u00bb4.16&Prime; background_position=\u00a0\u00bbtop_left\u00a0\u00bb custom_padding=\u00a0\u00bb|||\u00a0\u00bb global_colors_info=\u00a0\u00bb{}\u00a0\u00bb custom_padding__hover=\u00a0\u00bb|||\u00a0\u00bb][et_pb_text disabled_on=\u00a0\u00bb||off\u00a0\u00bb _builder_version=\u00a0\u00bb4.16&Prime; custom_margin=\u00a0\u00bb0px|0px|0px|0px\u00a0\u00bb custom_padding=\u00a0\u00bb0px|0px||0px\u00a0\u00bb z_index_tablet=\u00a0\u00bb500&Prime; box_shadow_horizontal_tablet=\u00a0\u00bb0px\u00a0\u00bb box_shadow_vertical_tablet=\u00a0\u00bb0px\u00a0\u00bb box_shadow_blur_tablet=\u00a0\u00bb40px\u00a0\u00bb box_shadow_spread_tablet=\u00a0\u00bb0px\u00a0\u00bb border_style=\u00a0\u00bbsolid\u00a0\u00bb saved_tabs=\u00a0\u00bball\u00a0\u00bb global_colors_info=\u00a0\u00bb{}\u00a0\u00bb]\n<p><strong>Entreprendre dans le domaine de la sant\u00e9 en Chine<\/strong><\/p>\n<p>En Chine, les march\u00e9s des soins de sant\u00e9 et des services aux a\u00een\u00e9s sont importants et croissent rapidement. Cependant, compar\u00e9s \u00e0 d\u2019autres pays, ils se trouvent dans leurs premi\u00e8res \u00e9tapes de croissance, ce qui cr\u00e9e pour les entreprises canadiennes des occasions d\u2019apporter leur technologie, leurs services et leurs solutions au pays.<\/p>\n<p>&nbsp;<\/p>\n<p><strong>Contexte<\/strong><\/p>\n<p>L\u2019<a href=\"https:\/\/www.who.int\/healthpromotion\/conferences\/9gchp\/healthy-china\/en\/\" target=\"_blank\" rel=\"noopener noreferrer\"><em>initiative Healthy China 2030<\/em><\/a>, publi\u00e9e en octobre 2016 par le Conseil d\u2019\u00c9tat, met l\u2019accent sur la n\u00e9cessit\u00e9 d\u2019une croissance rapide de l\u2019industrie, tout particuli\u00e8rement de l\u2019innovation dans les technologies pharmaceutiques et des dispositifs m\u00e9dicaux, de l\u2019optimisation des structures organisationnelles et des approches plus intelligentes face au d\u00e9veloppement.<\/p>\n<p>&nbsp;<\/p>\n<p>La population de la Chine vieillit \u00e0 un rythme plus rapide que celui des autres pays. Le <em>National Working Committee on Aging<\/em> pr\u00e9voit que les d\u00e9penses des services aux a\u00een\u00e9s \u2014 par exemple pour les maisons de retraite et les services m\u00e9dicaux \u2014 vont augmenter, passant de leur niveau actuel de 7 % du produit int\u00e9rieur brut \u00e0 25 % d\u2019ici 2050.<a href=\"#_ftn1\" name=\"_ftnref1\"><sup>[1]<\/sup><\/a><\/p>\n<p>&nbsp;<\/p>\n<p><strong>Domaines de croissance<\/strong><\/p>\n<p>Sur son site <a href=\"https:\/\/www.export.gov\/article?id=China-Medical-Devices\" target=\"_blank\" rel=\"noopener noreferrer\">export.gov<\/a>, le minist\u00e8re am\u00e9ricain du Commerce mentionne que le march\u00e9 des dispositifs m\u00e9dicaux est \u00ab\u2009un des secteurs de l\u2019industrie offrant les meilleures possibilit\u00e9s\u2009\u00bb en Chine. Ce march\u00e9 \u00e0 croissance rapide a connu une croissance sup\u00e9rieure \u00e0 10 % depuis plus d\u2019une d\u00e9cennie. L\u2019approvisionnement des h\u00f4pitaux entra\u00eene une demande particuli\u00e8rement forte.<\/p>\n<p>&nbsp;<\/p>\n<p>L\u2019initiative <em>Healthy China 2030<\/em> articule la n\u00e9cessit\u00e9 de \u00ab\u2009fournir des services aux a\u00een\u00e9s et des soins de sant\u00e9 int\u00e9gr\u00e9s, et d\u2019acc\u00e9l\u00e9rer l\u2019\u00e9laboration de programmes et d\u2019industries pour l\u2019\u00e2ge d\u2019or\u2009\u00bb.<a href=\"#_ftn2\" name=\"_ftnref2\"><sup>[2]<\/sup><\/a>\u00a0En ce moment, seulement environ quatre pour cent<a href=\"#_ftn3\" name=\"_ftnref3\"><sup>[3]<\/sup><\/a> des institutions de services aux a\u00een\u00e9s offrent des soins m\u00e9dicaux. Il est important que ce nombre s\u2019accroisse, tout comme les occasions qui en d\u00e9coulent.<\/p>\n<p>&nbsp;<\/p>\n<p><strong>Occasions pour les soci\u00e9t\u00e9s canadiennes<\/strong><\/p>\n<p>D\u2019apr\u00e8s <a href=\"https:\/\/www.google.com\/url?sa=t&amp;rct=j&amp;q=&amp;esrc=s&amp;source=web&amp;cd=3&amp;ved=2ahUKEwi1kp6JjOzgAhUD7J4KHVVYDSwQFjACegQICBAC&amp;url=https%3A%2F%2Fassets.kpmg.com%2Fcontent%2Fdam%2Fkpmg%2Fcn%2Fpdf%2Fen%2F2016%2F10%2F13fyp-opportunities-analysis-for-chinese-and-foreign-businesses.pdf&amp;usg=AOvVaw1_EJ68t-d8RNlJfnY9W9bb\" target=\"_blank\" rel=\"noopener noreferrer\">KPMG<\/a> \u00ab\u2009Les investisseurs \u00e9trangers peuvent tirer profit de politiques favorables et faire leur entr\u00e9e dans les march\u00e9s des services m\u00e9dicaux, de l\u2019assurance maladie, des soins aux a\u00een\u00e9s et des services de sant\u00e9 fond\u00e9s sur l\u2019Internet&#8230; Les investisseurs \u00e9trangers peuvent \u00e9galement utiliser comme leviers leurs capacit\u00e9s sup\u00e9rieures en mati\u00e8re de services de renseignements de sant\u00e9 et d\u2019applications \u00e0 vastes donn\u00e9es, et investir dans les soins de sant\u00e9 \u00e0 distance et dans les soins de sant\u00e9 \u2018intelligents\u2019\u2009\u00bb.<\/p>\n<p>&nbsp;<\/p>\n<p>La technologie et les dispositifs m\u00e9dicaux offrent des occasions aux soci\u00e9t\u00e9s canadiennes. Le site Web <a href=\"https:\/\/www.export.gov\/article?id=China-Medical-Devices\" target=\"_blank\" rel=\"noopener noreferrer\">export.gov<\/a> \u00e9num\u00e8re les dispositifs qu\u2019il per\u00e7oit comme offrant les meilleures occasions de vente, de l\u2019\u00e9quipement de diagnostic in vitro \u00e0 l\u2019\u00e9quipement et aux produits li\u00e9s \u00e0 la technologie.<\/p>\n<p>&nbsp;<\/p>\n<p>Un <a href=\"https:\/\/www.google.com\/url?sa=t&amp;rct=j&amp;q=&amp;esrc=s&amp;source=web&amp;cd=4&amp;ved=2ahUKEwjaytTQ6-vgAhVVu54KHT7-DhUQFjADegQIBxAC&amp;url=https%3A%2F%2Fwww2.deloitte.com%2Fcontent%2Fdam%2FDeloitte%2Fcn%2FDocuments%2Flife-sciences-health-care%2Fdeloitte-cn-lshc-the-last-mile-of-senior-care-en-181024.pdf&amp;usg=AOvVaw1fm98vVnPZQirpK_HXGFZy\" target=\"_blank\" rel=\"noopener noreferrer\">rapport de Deloitte<\/a> fait remarquer que le secteur des services aux a\u00een\u00e9s est domin\u00e9 par les promoteurs immobiliers plut\u00f4t que par des organismes int\u00e9ress\u00e9s par les services aux a\u00een\u00e9s. Ceci offre aux soci\u00e9t\u00e9s canadiennes des occasions de partager des mod\u00e8les \u00e9prouv\u00e9s par le march\u00e9 et qui ont fait leurs preuves.<\/p>\n<p>&nbsp;<\/p>\n<p>Pour terminer, ainsi que le <a href=\"https:\/\/www.google.com\/url?sa=t&amp;rct=j&amp;q=&amp;esrc=s&amp;source=web&amp;cd=3&amp;ved=2ahUKEwi1kp6JjOzgAhUD7J4KHVVYDSwQFjACegQICBAC&amp;url=https%3A%2F%2Fassets.kpmg.com%2Fcontent%2Fdam%2Fkpmg%2Fcn%2Fpdf%2Fen%2F2016%2F10%2F13fyp-opportunities-analysis-for-chinese-and-foreign-businesses.pdf&amp;usg=AOvVaw1_EJ68t-d8RNlJfnY9W9bb\" target=\"_blank\" rel=\"noopener noreferrer\">fait remarquer KPMG<\/a>, le besoin de pr\u00e9pos\u00e9s aux soins se fait urgemment sentir. Le nombre de personnes employ\u00e9es dans l\u2019industrie des services aux a\u00een\u00e9s seulement s\u2019accroitra de 20 millions pour atteindre 78 millions entre 2010 et 2030. L\u2019association <a href=\"https:\/\/bccare.ca\/2017\/09\/opinion-how-canadian-companies-can-win-with-chinese-seniors\/\" target=\"_blank\" rel=\"noopener noreferrer\"><em>BC Care Providers<\/em><\/a> croit que pour les soci\u00e9t\u00e9s canadiennes, il existe des occasions d\u2019apporter en Chine leur \u00e9ducation et leurs capacit\u00e9s de formation afin de combler la demande de pr\u00e9pos\u00e9s aux soins qualifi\u00e9s et comp\u00e9tents.<\/p>\n<p>&nbsp;<\/p>\n<p style=\"text-align: right;\">mars 2019<\/p>\n<p>&nbsp;<\/p>\n<p>&nbsp;<\/p>\n<p><span style=\"font-size: 10pt;\"><a href=\"#_ftnref1\" name=\"_ftn1\"><sup>[1]<\/sup><\/a> Caixin Global, <a href=\"https:\/\/www.caixinglobal.com\/2018-07-20\/chart-chinas-aging-population-101306922.html\">Chart: China\u2019s Aging Population<\/a>, Jul 20, 2018.<\/span><\/p>\n<p><span style=\"font-size: 10pt;\"><a href=\"#_ftnref2\" name=\"_ftn2\"><sup>[2]<\/sup><\/a> Deloitte, <a href=\"https:\/\/www.google.com\/url?sa=t&amp;rct=j&amp;q=&amp;esrc=s&amp;source=web&amp;cd=4&amp;ved=2ahUKEwjaytTQ6-vgAhVVu54KHT7-DhUQFjADegQIBxAC&amp;url=https%3A%2F%2Fwww2.deloitte.com%2Fcontent%2Fdam%2FDeloitte%2Fcn%2FDocuments%2Flife-sciences-health-care%2Fdeloitte-cn-lshc-the-last-mile-of-senior-care-en-181024.pdf&amp;usg=AOvVaw1fm98vVnPZQirpK_HXGFZy\">Trends in integrated elderly care and medical services in China<\/a>.<\/span><\/p>\n<p><span style=\"font-size: 10pt;\"><a href=\"#_ftnref3\" name=\"_ftn3\"><sup>[3]<\/sup><\/a> Deloitte, <a href=\"https:\/\/www.google.com\/url?sa=t&amp;rct=j&amp;q=&amp;esrc=s&amp;source=web&amp;cd=4&amp;ved=2ahUKEwjaytTQ6-vgAhVVu54KHT7-DhUQFjADegQIBxAC&amp;url=https%3A%2F%2Fwww2.deloitte.com%2Fcontent%2Fdam%2FDeloitte%2Fcn%2FDocuments%2Flife-sciences-health-care%2Fdeloitte-cn-lshc-the-last-mile-of-senior-care-en-181024.pdf&amp;usg=AOvVaw1fm98vVnPZQirpK_HXGFZy\">Trends in integrated elderly care and medical services in China<\/a>.<\/span><\/p>\n[\/et_pb_text][\/et_pb_column][et_pb_column type=\u00a0\u00bb1_3&Prime; module_class=\u00a0\u00bbborder-left-red\u00a0\u00bb _builder_version=\u00a0\u00bb4.16&Prime; background_position=\u00a0\u00bbtop_left\u00a0\u00bb custom_padding=\u00a0\u00bb|||\u00a0\u00bb global_colors_info=\u00a0\u00bb{}\u00a0\u00bb custom_padding__hover=\u00a0\u00bb|||\u00a0\u00bb][et_pb_text module_class=\u00a0\u00bbborder-left-red\u00a0\u00bb _builder_version=\u00a0\u00bb4.16&Prime; border_style=\u00a0\u00bbsolid\u00a0\u00bb global_colors_info=\u00a0\u00bb{}\u00a0\u00bb]\n<p>\n&nbsp;<\/p>\n[\/et_pb_text][\/et_pb_column][\/et_pb_row][\/et_pb_section][et_pb_section fb_built=\u00a0\u00bb1&Prime; _builder_version=\u00a0\u00bb4.16&Prime; custom_padding=\u00a0\u00bb0px||0px|\u00a0\u00bb global_colors_info=\u00a0\u00bb{}\u00a0\u00bb][et_pb_row _builder_version=\u00a0\u00bb4.16&Prime; background_color=\u00a0\u00bb#ebebeb\u00a0\u00bb width_phone=\u00a0\u00bb50px\u00a0\u00bb max_width_phone=\u00a0\u00bb1280px\u00a0\u00bb custom_margin=\u00a0\u00bb3%|||\u00a0\u00bb custom_padding=\u00a0\u00bb0px||0px|\u00a0\u00bb z_index_tablet=\u00a0\u00bb500&Prime; box_shadow_horizontal_tablet=\u00a0\u00bb0px\u00a0\u00bb box_shadow_vertical_tablet=\u00a0\u00bb0px\u00a0\u00bb box_shadow_blur_tablet=\u00a0\u00bb40px\u00a0\u00bb box_shadow_spread_tablet=\u00a0\u00bb0px\u00a0\u00bb global_colors_info=\u00a0\u00bb{}\u00a0\u00bb column_structure=\u00a0\u00bb3_4,1_4&Prime;][et_pb_column type=\u00a0\u00bb3_4&Prime; _builder_version=\u00a0\u00bb4.16&Prime; background_position=\u00a0\u00bbtop_left\u00a0\u00bb custom_padding=\u00a0\u00bb|||\u00a0\u00bb global_colors_info=\u00a0\u00bb{}\u00a0\u00bb custom_padding__hover=\u00a0\u00bb|||\u00a0\u00bb][et_pb_text admin_label=\u00a0\u00bbStrategies to Consider\u00a0\u00bb _builder_version=\u00a0\u00bb4.24.0&Prime; background_color=\u00a0\u00bb#EBEBEB\u00a0\u00bb custom_padding=\u00a0\u00bb30px|60px|15px|60px\u00a0\u00bb hover_enabled=\u00a0\u00bb0&Prime; z_index_tablet=\u00a0\u00bb500&Prime; box_shadow_horizontal_tablet=\u00a0\u00bb0px\u00a0\u00bb box_shadow_vertical_tablet=\u00a0\u00bb0px\u00a0\u00bb box_shadow_blur_tablet=\u00a0\u00bb40px\u00a0\u00bb box_shadow_spread_tablet=\u00a0\u00bb0px\u00a0\u00bb border_style=\u00a0\u00bbsolid\u00a0\u00bb global_colors_info=\u00a0\u00bb{}\u00a0\u00bb sticky_enabled=\u00a0\u00bb0&Prime;]\n<p><strong>Strat\u00e9gies \u00e0 prendre en consid\u00e9ration<\/strong><\/p>\n<ul>\n<li>Conclure des partenariats : Dans presque tous les cas d\u2019entr\u00e9e dans le march\u00e9 chinois, le partenariat conjoint avec des soci\u00e9t\u00e9s locales peut vous aider \u00e0 acc\u00e9der aux personnes-ressources et r\u00e9seaux locaux dont vous avez besoin.<\/li>\n<li>Tirer avantage de nouvelles proc\u00e9dures d\u2019examen : En janvier 2017, la <em>China Food and Drug Administration<\/em> a pr\u00e9sent\u00e9 un nouveau \u00ab\u2009canal vert\u2009\u00bb pour les dispositifs m\u00e9dicaux, en permettant un examen en priorit\u00e9 des dispositifs qui comblent certains crit\u00e8res.<sup><a href=\"#_ftn1\" name=\"_ftnref1\">[1]<\/a><\/sup><\/li>\n<li>Explorer les partenariats entre le public et le priv\u00e9. Comme l\u2019a fait remarquer un analyste, \u00ab\u2009il existe toujours des occasions pour les plus petites soci\u00e9t\u00e9s de trouver leur niche et de collaborer avec les gouvernements locaux, qui comptent parmi les premiers \u00e0 faire bouger les choses dans le cadre de partenariats entre le public et le priv\u00e9\u2009\u00bb.<sup><a href=\"#_ftn2\" name=\"_ftnref2\">[2]<\/a><\/sup><\/li>\n<li>Utiliser l\u2019initiative de soins de sant\u00e9 <a href=\"http:\/\/english.gov.cn\/policies\/latest_releases\/2018\/04\/28\/content_281476127312948.htm\" target=\"_blank\" rel=\"noopener noreferrer\"><em>State Council\u2019s 2018 Internet Plus<\/em><\/a> pour lancer des mod\u00e8les novateurs d\u2019entreprises.<\/li>\n<\/ul>\n<p>&nbsp;<\/p>\n<p>&nbsp;<\/p>\n<p><span style=\"font-size: 10pt;\"><a href=\"#_ftnref1\" name=\"_ftn1\"><sup>[1]<\/sup><\/a> Global Regulatory Partners, <a href=\"https:\/\/globalregulatorypartners.com\/china-to-offer-priority-review-for-medical-devices-from-january-2017\/\">China to offer Priority Review for Medical Devices from January 2017<\/a><\/span>.<\/p>\n<p><span style=\"font-size: 10pt;\"><a href=\"#_ftnref2\" name=\"_ftn2\"><sup>[2]<\/sup><\/a> GBTIMES, <a href=\"https:\/\/gbtimes.com\/china-could-become-innovation-hub-elderly-care\/\">China could become innovation hub for elderly care<\/a>, Apr 19, 2016<\/span>.<\/p>\n<p><span style=\"border-radius: 2px; text-indent: 20px; width: auto; padding: 0px 4px 0px 0px; text-align: center; font: bold 11px\/20px 'Helvetica Neue',Helvetica,sans-serif; color: #ffffff; background: #bd081c no-repeat scroll 3px 50% \/ 14px 14px; position: absolute; opacity: 1; z-index: 8675309; display: none; cursor: pointer;\">Save<\/span><\/p>\n[\/et_pb_text][\/et_pb_column][et_pb_column type=\u00a0\u00bb1_4&Prime; _builder_version=\u00a0\u00bb4.16&Prime; custom_padding=\u00a0\u00bb|||\u00a0\u00bb global_colors_info=\u00a0\u00bb{}\u00a0\u00bb custom_padding__hover=\u00a0\u00bb|||\u00a0\u00bb][\/et_pb_column][\/et_pb_row][et_pb_row disabled_on=\u00a0\u00bboff|off|off\u00a0\u00bb _builder_version=\u00a0\u00bb4.16&Prime; global_colors_info=\u00a0\u00bb{}\u00a0\u00bb][et_pb_column type=\u00a0\u00bb4_4&Prime; _builder_version=\u00a0\u00bb4.16&Prime; custom_padding=\u00a0\u00bb|||\u00a0\u00bb global_colors_info=\u00a0\u00bb{}\u00a0\u00bb custom_padding__hover=\u00a0\u00bb|||\u00a0\u00bb][et_pb_divider show_divider=\u00a0\u00bboff\u00a0\u00bb disabled_on=\u00a0\u00bbon|on|off\u00a0\u00bb _builder_version=\u00a0\u00bb4.16&Prime; height=\u00a0\u00bb0px\u00a0\u00bb z_index_tablet=\u00a0\u00bb500&Prime; box_shadow_horizontal_tablet=\u00a0\u00bb0px\u00a0\u00bb box_shadow_vertical_tablet=\u00a0\u00bb0px\u00a0\u00bb box_shadow_blur_tablet=\u00a0\u00bb40px\u00a0\u00bb box_shadow_spread_tablet=\u00a0\u00bb0px\u00a0\u00bb saved_tabs=\u00a0\u00bball\u00a0\u00bb global_colors_info=\u00a0\u00bb{}\u00a0\u00bb][\/et_pb_divider][\/et_pb_column][\/et_pb_row][\/et_pb_section]\n","protected":false},"excerpt":{"rendered":"<p>&nbsp; Entreprendre dans le domaine de la sant\u00e9 en Chine En Chine, les march\u00e9s des soins de sant\u00e9 et des services aux a\u00een\u00e9s sont importants et croissent rapidement. Cependant, compar\u00e9s [&hellip;]<\/p>\n","protected":false},"author":1686,"featured_media":44091,"parent":0,"menu_order":0,"comment_status":"closed","ping_status":"closed","template":"","meta":{"_acf_changed":false,"_et_pb_use_builder":"on","_et_pb_old_content":"","_et_gb_content_width":"","footnotes":""},"categories":[],"tags":[],"class_list":["post-44094","page","type-page","status-publish","has-post-thumbnail","hentry"],"acf":[],"_links":{"self":[{"href":"https:\/\/ccbc.com\/fr\/wp-json\/wp\/v2\/pages\/44094","targetHints":{"allow":["GET"]}}],"collection":[{"href":"https:\/\/ccbc.com\/fr\/wp-json\/wp\/v2\/pages"}],"about":[{"href":"https:\/\/ccbc.com\/fr\/wp-json\/wp\/v2\/types\/page"}],"author":[{"embeddable":true,"href":"https:\/\/ccbc.com\/fr\/wp-json\/wp\/v2\/users\/1686"}],"replies":[{"embeddable":true,"href":"https:\/\/ccbc.com\/fr\/wp-json\/wp\/v2\/comments?post=44094"}],"version-history":[{"count":6,"href":"https:\/\/ccbc.com\/fr\/wp-json\/wp\/v2\/pages\/44094\/revisions"}],"predecessor-version":[{"id":71891,"href":"https:\/\/ccbc.com\/fr\/wp-json\/wp\/v2\/pages\/44094\/revisions\/71891"}],"wp:featuredmedia":[{"embeddable":true,"href":"https:\/\/ccbc.com\/fr\/wp-json\/wp\/v2\/media\/44091"}],"wp:attachment":[{"href":"https:\/\/ccbc.com\/fr\/wp-json\/wp\/v2\/media?parent=44094"}],"wp:term":[{"taxonomy":"category","embeddable":true,"href":"https:\/\/ccbc.com\/fr\/wp-json\/wp\/v2\/categories?post=44094"},{"taxonomy":"post_tag","embeddable":true,"href":"https:\/\/ccbc.com\/fr\/wp-json\/wp\/v2\/tags?post=44094"}],"curies":[{"name":"wp","href":"https:\/\/api.w.org\/{rel}","templated":true}]}}