{"id":40154,"date":"2014-03-17T15:31:18","date_gmt":"2014-03-17T19:31:18","guid":{"rendered":"https:\/\/ccbc.com\/?page_id=40154"},"modified":"2024-02-28T16:30:45","modified_gmt":"2024-02-28T21:30:45","slug":"educational-institutions","status":"publish","type":"page","link":"https:\/\/ccbc.com\/fr\/educational-institutions\/","title":{"rendered":"\u00c9tablissements d\u2019enseignement"},"content":{"rendered":"[et_pb_section fb_built=\u00a0\u00bb1&Prime; fullwidth=\u00a0\u00bbon\u00a0\u00bb _builder_version=\u00a0\u00bb4.16&Prime; global_colors_info=\u00a0\u00bb{}\u00a0\u00bb][et_pb_fullwidth_header title=\u00a0\u00bb\u00c9TABLISSEMENTS D\u2019ENSEIGNEMENT\u00a0\u00bb text_orientation=\u00a0\u00bbcenter\u00a0\u00bb _builder_version=\u00a0\u00bb4.24.2&Prime; background_color=\u00a0\u00bbrgba(255, 255, 255, 0)\u00a0\u00bb background_image=\u00a0\u00bbhttps:\/\/ccbc.com\/wp-content\/uploads\/2019\/06\/education-header.jpg\u00a0\u00bb hover_enabled=\u00a0\u00bb0&Prime; z_index_tablet=\u00a0\u00bb500&Prime; title_text_shadow_horizontal_length_tablet=\u00a0\u00bb0px\u00a0\u00bb title_text_shadow_vertical_length_tablet=\u00a0\u00bb0px\u00a0\u00bb title_text_shadow_blur_strength_tablet=\u00a0\u00bb1px\u00a0\u00bb content_text_shadow_horizontal_length_tablet=\u00a0\u00bb0px\u00a0\u00bb content_text_shadow_vertical_length_tablet=\u00a0\u00bb0px\u00a0\u00bb content_text_shadow_blur_strength_tablet=\u00a0\u00bb1px\u00a0\u00bb subhead_text_shadow_horizontal_length_tablet=\u00a0\u00bb0px\u00a0\u00bb subhead_text_shadow_vertical_length_tablet=\u00a0\u00bb0px\u00a0\u00bb subhead_text_shadow_blur_strength_tablet=\u00a0\u00bb1px\u00a0\u00bb content_link_text_shadow_horizontal_length_tablet=\u00a0\u00bb0px\u00a0\u00bb content_link_text_shadow_vertical_length_tablet=\u00a0\u00bb0px\u00a0\u00bb content_link_text_shadow_blur_strength_tablet=\u00a0\u00bb1px\u00a0\u00bb content_ul_text_shadow_horizontal_length_tablet=\u00a0\u00bb0px\u00a0\u00bb content_ul_text_shadow_vertical_length_tablet=\u00a0\u00bb0px\u00a0\u00bb content_ul_text_shadow_blur_strength_tablet=\u00a0\u00bb1px\u00a0\u00bb content_ol_text_shadow_horizontal_length_tablet=\u00a0\u00bb0px\u00a0\u00bb content_ol_text_shadow_vertical_length_tablet=\u00a0\u00bb0px\u00a0\u00bb content_ol_text_shadow_blur_strength_tablet=\u00a0\u00bb1px\u00a0\u00bb content_quote_text_shadow_horizontal_length_tablet=\u00a0\u00bb0px\u00a0\u00bb content_quote_text_shadow_vertical_length_tablet=\u00a0\u00bb0px\u00a0\u00bb content_quote_text_shadow_blur_strength_tablet=\u00a0\u00bb1px\u00a0\u00bb button_one_text_shadow_horizontal_length_tablet=\u00a0\u00bb0px\u00a0\u00bb button_one_text_shadow_vertical_length_tablet=\u00a0\u00bb0px\u00a0\u00bb button_one_text_shadow_blur_strength_tablet=\u00a0\u00bb1px\u00a0\u00bb button_two_text_shadow_horizontal_length_tablet=\u00a0\u00bb0px\u00a0\u00bb button_two_text_shadow_vertical_length_tablet=\u00a0\u00bb0px\u00a0\u00bb button_two_text_shadow_blur_strength_tablet=\u00a0\u00bb1px\u00a0\u00bb box_shadow_horizontal_tablet=\u00a0\u00bb0px\u00a0\u00bb box_shadow_vertical_tablet=\u00a0\u00bb0px\u00a0\u00bb box_shadow_blur_tablet=\u00a0\u00bb40px\u00a0\u00bb box_shadow_spread_tablet=\u00a0\u00bb0px\u00a0\u00bb box_shadow_horizontal_image_tablet=\u00a0\u00bb0px\u00a0\u00bb box_shadow_vertical_image_tablet=\u00a0\u00bb0px\u00a0\u00bb box_shadow_blur_image_tablet=\u00a0\u00bb40px\u00a0\u00bb box_shadow_spread_image_tablet=\u00a0\u00bb0px\u00a0\u00bb box_shadow_horizontal_button_one_tablet=\u00a0\u00bb0px\u00a0\u00bb box_shadow_vertical_button_one_tablet=\u00a0\u00bb0px\u00a0\u00bb box_shadow_blur_button_one_tablet=\u00a0\u00bb40px\u00a0\u00bb box_shadow_spread_button_one_tablet=\u00a0\u00bb0px\u00a0\u00bb box_shadow_horizontal_button_two_tablet=\u00a0\u00bb0px\u00a0\u00bb box_shadow_vertical_button_two_tablet=\u00a0\u00bb0px\u00a0\u00bb box_shadow_blur_button_two_tablet=\u00a0\u00bb40px\u00a0\u00bb box_shadow_spread_button_two_tablet=\u00a0\u00bb0px\u00a0\u00bb text_shadow_horizontal_length_tablet=\u00a0\u00bb0px\u00a0\u00bb text_shadow_vertical_length_tablet=\u00a0\u00bb0px\u00a0\u00bb text_shadow_blur_strength_tablet=\u00a0\u00bb1px\u00a0\u00bb global_colors_info=\u00a0\u00bb{}\u00a0\u00bb button_one_text_size__hover_enabled=\u00a0\u00bboff\u00a0\u00bb button_one_text_size__hover=\u00a0\u00bbnull\u00a0\u00bb button_two_text_size__hover_enabled=\u00a0\u00bboff\u00a0\u00bb button_two_text_size__hover=\u00a0\u00bbnull\u00a0\u00bb button_one_text_color__hover_enabled=\u00a0\u00bboff\u00a0\u00bb button_one_text_color__hover=\u00a0\u00bbnull\u00a0\u00bb button_two_text_color__hover_enabled=\u00a0\u00bboff\u00a0\u00bb button_two_text_color__hover=\u00a0\u00bbnull\u00a0\u00bb button_one_border_width__hover_enabled=\u00a0\u00bboff\u00a0\u00bb button_one_border_width__hover=\u00a0\u00bbnull\u00a0\u00bb button_two_border_width__hover_enabled=\u00a0\u00bboff\u00a0\u00bb button_two_border_width__hover=\u00a0\u00bbnull\u00a0\u00bb button_one_border_color__hover_enabled=\u00a0\u00bboff\u00a0\u00bb button_one_border_color__hover=\u00a0\u00bbnull\u00a0\u00bb button_two_border_color__hover_enabled=\u00a0\u00bboff\u00a0\u00bb button_two_border_color__hover=\u00a0\u00bbnull\u00a0\u00bb button_one_border_radius__hover_enabled=\u00a0\u00bboff\u00a0\u00bb button_one_border_radius__hover=\u00a0\u00bbnull\u00a0\u00bb button_two_border_radius__hover_enabled=\u00a0\u00bboff\u00a0\u00bb button_two_border_radius__hover=\u00a0\u00bbnull\u00a0\u00bb button_one_letter_spacing__hover_enabled=\u00a0\u00bbon\u00a0\u00bb button_one_letter_spacing__hover=\u00a0\u00bb0&Prime; button_two_letter_spacing__hover_enabled=\u00a0\u00bbon\u00a0\u00bb button_two_letter_spacing__hover=\u00a0\u00bb0&Prime; button_one_bg_color__hover_enabled=\u00a0\u00bboff\u00a0\u00bb button_one_bg_color__hover=\u00a0\u00bbnull\u00a0\u00bb button_two_bg_color__hover_enabled=\u00a0\u00bboff\u00a0\u00bb button_two_bg_color__hover=\u00a0\u00bbnull\u00a0\u00bb sticky_enabled=\u00a0\u00bb0&Prime;]\n<p>&#8211; &#8211; Le travail du CCBC avec les \u00e9tablissements d&rsquo;enseignement &#8211; &#8211;<\/p>\n[\/et_pb_fullwidth_header][\/et_pb_section][et_pb_section fb_built=\u00a0\u00bb1&Prime; _builder_version=\u00a0\u00bb4.16&Prime; custom_padding=\u00a0\u00bb||0px|\u00a0\u00bb global_colors_info=\u00a0\u00bb{}\u00a0\u00bb][et_pb_row column_structure=\u00a0\u00bb2_3,1_3&Prime; module_id=\u00a0\u00bbbb-absolute-row\u00a0\u00bb _builder_version=\u00a0\u00bb4.16&Prime; global_colors_info=\u00a0\u00bb{}\u00a0\u00bb][et_pb_column type=\u00a0\u00bb2_3&Prime; _builder_version=\u00a0\u00bb4.16&Prime; background_position=\u00a0\u00bbtop_left\u00a0\u00bb custom_padding=\u00a0\u00bb|||\u00a0\u00bb global_colors_info=\u00a0\u00bb{}\u00a0\u00bb custom_padding__hover=\u00a0\u00bb|||\u00a0\u00bb][\/et_pb_column][et_pb_column type=\u00a0\u00bb1_3&Prime; _builder_version=\u00a0\u00bb4.16&Prime; background_position=\u00a0\u00bbtop_left\u00a0\u00bb custom_padding=\u00a0\u00bb|||\u00a0\u00bb global_colors_info=\u00a0\u00bb{}\u00a0\u00bb custom_padding__hover=\u00a0\u00bb|||\u00a0\u00bb][et_pb_image src=\u00a0\u00bbhttps:\/\/ccbc.com\/wp-content\/uploads\/2018\/02\/shutterstock_522630634.jpg\u00a0\u00bb align=\u00a0\u00bbcenter\u00a0\u00bb force_fullwidth=\u00a0\u00bbon\u00a0\u00bb align_tablet=\u00a0\u00bbcenter\u00a0\u00bb align_phone=\u00a0\u00bb\u00a0\u00bb align_last_edited=\u00a0\u00bbon|desktop\u00a0\u00bb _builder_version=\u00a0\u00bb4.16&Prime; always_center_on_mobile=\u00a0\u00bbon\u00a0\u00bb global_colors_info=\u00a0\u00bb{}\u00a0\u00bb][\/et_pb_image][et_pb_image src=\u00a0\u00bbhttps:\/\/ccbc.com\/wp-content\/uploads\/2019\/07\/education-FR.jpg\u00a0\u00bb url=\u00a0\u00bbhttps:\/\/ccbc.com\/fr\/canada-china-education\/\u00a0\u00bb align=\u00a0\u00bbcenter\u00a0\u00bb force_fullwidth=\u00a0\u00bbon\u00a0\u00bb align_tablet=\u00a0\u00bbcenter\u00a0\u00bb align_phone=\u00a0\u00bb\u00a0\u00bb align_last_edited=\u00a0\u00bbon|desktop\u00a0\u00bb admin_label=\u00a0\u00bbeducation article box\u00a0\u00bb _builder_version=\u00a0\u00bb4.16&Prime; z_index_tablet=\u00a0\u00bb500&Prime; box_shadow_horizontal_tablet=\u00a0\u00bb0px\u00a0\u00bb box_shadow_vertical_tablet=\u00a0\u00bb0px\u00a0\u00bb box_shadow_blur_tablet=\u00a0\u00bb40px\u00a0\u00bb box_shadow_spread_tablet=\u00a0\u00bb0px\u00a0\u00bb always_center_on_mobile=\u00a0\u00bbon\u00a0\u00bb global_colors_info=\u00a0\u00bb{}\u00a0\u00bb][\/et_pb_image][\/et_pb_column][\/et_pb_row][et_pb_row column_structure=\u00a0\u00bb2_3,1_3&Prime; make_equal=\u00a0\u00bbon\u00a0\u00bb module_class=\u00a0\u00bbbb-adjusted-widths\u00a0\u00bb _builder_version=\u00a0\u00bb4.16&Prime; custom_padding=\u00a0\u00bb||0px|\u00a0\u00bb global_colors_info=\u00a0\u00bb{}\u00a0\u00bb][et_pb_column type=\u00a0\u00bb2_3&Prime; _builder_version=\u00a0\u00bb4.16&Prime; background_position=\u00a0\u00bbtop_left\u00a0\u00bb custom_padding=\u00a0\u00bb|||\u00a0\u00bb global_colors_info=\u00a0\u00bb{}\u00a0\u00bb custom_padding__hover=\u00a0\u00bb|||\u00a0\u00bb][et_pb_text admin_label=\u00a0\u00bbText &#8211; Educational Institutions\u00a0\u00bb _builder_version=\u00a0\u00bb4.24.0&Prime; custom_margin=\u00a0\u00bb0px|0px|0px|0px\u00a0\u00bb custom_padding=\u00a0\u00bb0px|0px||0px\u00a0\u00bb custom_css_main_element=\u00a0\u00bbz-index: 10000;\u00a0\u00bb border_style_all=\u00a0\u00bbsolid\u00a0\u00bb border_style=\u00a0\u00bbsolid\u00a0\u00bb saved_tabs=\u00a0\u00bball\u00a0\u00bb global_colors_info=\u00a0\u00bb{}\u00a0\u00bb]\n<h3 class=\"underlined-red\">\u00c9tablissements d\u2019enseignement<\/h3>\n[\/et_pb_text][et_pb_text admin_label=\u00a0\u00bbquestions\u00a0\u00bb _builder_version=\u00a0\u00bb4.24.0&Prime; custom_margin=\u00a0\u00bb20px|0px|0px|0px\u00a0\u00bb custom_padding=\u00a0\u00bb|0px||0px\u00a0\u00bb border_style_all=\u00a0\u00bbsolid\u00a0\u00bb border_style=\u00a0\u00bbsolid\u00a0\u00bb saved_tabs=\u00a0\u00bball\u00a0\u00bb global_colors_info=\u00a0\u00bb{}\u00a0\u00bb]\n<p><em>Comment attirer les \u00e9tudiants les plus performants ?<\/em><\/p>\n<p>&nbsp;<\/p>\n<p><em>Comment pr\u00e9senter mon universit\u00e9 ou coll\u00e8ge en Chine ?<\/em><\/p>\n<p>&nbsp;<\/p>\n<p><em>Comment interagir avec les institutions chinoises ?<\/em><\/p>\n[\/et_pb_text][et_pb_text _builder_version=\u00a0\u00bb4.24.0&Prime; custom_margin=\u00a0\u00bb0px|0px|0px|0px\u00a0\u00bb custom_padding=\u00a0\u00bb30px|0px|30px|0px\u00a0\u00bb border_style_all=\u00a0\u00bbsolid\u00a0\u00bb border_style=\u00a0\u00bbsolid\u00a0\u00bb saved_tabs=\u00a0\u00bball\u00a0\u00bb global_colors_info=\u00a0\u00bb{}\u00a0\u00bb]\n<p>La qualit\u00e9 de l&rsquo;\u00e9ducation et des \u00e9tablissements canadiens attire de nombreux \u00e9tudiants chinois et internationaux au Canada. Avec un grand nombreux d\u2019\u00e9tablissements secondaires, postsecondaires et universitaires actif dans le recrutement d\u2019\u00e9tudiants internationaux, trouver et recruter ceux-ci peuvent \u00eatre un d\u00e9fi. Nous comprenons la force de la marque de l&rsquo;\u00e9ducation canadienne et les d\u00e9fis auxquels sont confront\u00e9s les \u00e9tablissements canadiens.<\/p>\n<p>&nbsp;<\/p>\n<p>Le CCBC aide les \u00e9tablissements d&rsquo;enseignement canadiens \u00e0 \u00eatre comp\u00e9titifs et \u00e0 attirer les \u00e9tudiants chinois se distinguant gr\u00e2ce \u00e0 notre compr\u00e9hension secteur \u00e9ducationnel et notre r\u00e9seau d&rsquo;institutions canadiennes exp\u00e9riment\u00e9es sur le march\u00e9 chinois.<\/p>\n<p>&nbsp;<\/p>\n<p>En devenant membre du CCBC, votre r\u00e9seau s&rsquo;\u00e9largit imm\u00e9diatement avec un acc\u00e8s \u00e0 des membres issus de tous les secteurs de l&rsquo;\u00e9conomie canadienne. Vous apprendrez sur les meilleures pratiques et d\u00e9velopperez des connaissances essentielles sur les fa\u00e7ons de connaitre du succ\u00e8s en Chine.<\/p>\n[\/et_pb_text][\/et_pb_column][et_pb_column type=\u00a0\u00bb1_3&Prime; module_class=\u00a0\u00bbborder-left-red\u00a0\u00bb _builder_version=\u00a0\u00bb4.16&Prime; background_position=\u00a0\u00bbtop_left\u00a0\u00bb custom_padding=\u00a0\u00bb|||\u00a0\u00bb global_colors_info=\u00a0\u00bb{}\u00a0\u00bb custom_padding__hover=\u00a0\u00bb|||\u00a0\u00bb][et_pb_text admin_label=\u00a0\u00bbText &#8211; KEEP EMPTY\u00a0\u00bb module_class=\u00a0\u00bbborder-left-red\u00a0\u00bb _builder_version=\u00a0\u00bb4.16&Prime; border_style=\u00a0\u00bbsolid\u00a0\u00bb global_colors_info=\u00a0\u00bb{}\u00a0\u00bb][\/et_pb_text][\/et_pb_column][\/et_pb_row][\/et_pb_section][et_pb_section fb_built=\u00a0\u00bb1&Prime; _builder_version=\u00a0\u00bb4.16&Prime; custom_padding=\u00a0\u00bb0px|||\u00a0\u00bb global_colors_info=\u00a0\u00bb{}\u00a0\u00bb][et_pb_row _builder_version=\u00a0\u00bb4.16&Prime; background_color=\u00a0\u00bb#ebebeb\u00a0\u00bb custom_padding=\u00a0\u00bb||0px|\u00a0\u00bb global_colors_info=\u00a0\u00bb{}\u00a0\u00bb][et_pb_column type=\u00a0\u00bb4_4&Prime; _builder_version=\u00a0\u00bb4.16&Prime; background_position=\u00a0\u00bbtop_left\u00a0\u00bb custom_padding=\u00a0\u00bb||0px|\u00a0\u00bb global_colors_info=\u00a0\u00bb{}\u00a0\u00bb custom_padding__hover=\u00a0\u00bb|||\u00a0\u00bb][et_pb_text admin_label=\u00a0\u00bbText &#8211; More Content\u00a0\u00bb _builder_version=\u00a0\u00bb4.24.0&Prime; custom_padding=\u00a0\u00bb30px|60px|15px|60px\u00a0\u00bb border_style=\u00a0\u00bbsolid\u00a0\u00bb global_colors_info=\u00a0\u00bb{}\u00a0\u00bb]\n<p><strong>Le CCBC offre des services et un soutien aux membres selon vos besoins :<\/strong><\/p>\n<p>&nbsp;<\/p>\n<p><strong>Acc\u00e8s abordable au march\u00e9 chinois<\/strong><\/p>\n<ul>\n<li>Les \u00e9tablissements d&rsquo;enseignement adh\u00e8rent au taux d&rsquo;adh\u00e9sion le plus bas du CCBC, soit $1,700 par ann\u00e9e. L\u2019ensemble des professeurs, employ\u00e9s et d\u00e9partements de votre institution peuvent profiter de l&rsquo;adh\u00e9sion.<\/li>\n<\/ul>\n<p>&nbsp;<\/p>\n<p><strong>Promotion de l&rsquo;\u00e9ducation canadienne<\/strong><\/p>\n<ul>\n<li>Co-organisation du salon All-Canadian MBA Fair avec l&rsquo;ambassade du Canada dans plusieurs ville de Chine.<\/li>\n<li>Autres activit\u00e9s de sensibilisation tout au long de l&rsquo;ann\u00e9e, telles que des s\u00e9minaires et des tables rondes sur l&rsquo;\u00e9ducation et l&rsquo;enseignement sup\u00e9rieur.<\/li>\n<\/ul>\n<p>&nbsp;<\/p>\n<p><strong>Plaidoyer sur les questions affectant le secteur de l&rsquo;\u00e9ducation<\/strong><\/p>\n<ul>\n<li>Promouvoir l&rsquo;\u00e9ducation de classe mondiale du Canada en Chine.<\/li>\n<li>Aider les intervenants et partenaires gouvernementaux \u00e0 am\u00e9liorer et favoriser l&rsquo;\u00e9panouissement des \u00e9tudiants \u00e9trangers dans les \u00e9tablissements d&rsquo;enseignement canadiens.<\/li>\n<li>D\u00e9fendre des enjeux importants pour les \u00e9ducateurs canadiens tels que les visas \u00e9tudiants, le financement et plus.<\/li>\n<\/ul>\n<p>&nbsp;<\/p>\n<p><strong>Information sur l\u2019\u00e9tat des relations Canada-Chine<\/strong><\/p>\n<ul>\n<li>Les directeurs du CCBC sont disponibles pour participer \u00e0 des discussions avec les gens de votre \u00e9tablissement sur les politiques concernant les relations Canada-Chine.<\/li>\n<\/ul>\n<p>&nbsp;<\/p>\n<p><strong>Pr\u00e9sence en Chine<\/strong><\/p>\n<ul>\n<li>Les bureaux du CCBC en Chine peuvent agir comme une extension de votre institution.<\/li>\n<li>Permet une pr\u00e9sence physique et virtuelle abordable \u00e0 Shanghai et Beijing.<\/li>\n<\/ul>\n<p>&nbsp;<\/p>\n<p><strong>Engagement \u00e9tudiant<\/strong><\/p>\n<ul>\n<li>Soutenir les activit\u00e9s des dipl\u00f4m\u00e9s en Chine.<\/li>\n<\/ul>\n<p>&nbsp;<\/p>\n<p>Tous les membres re\u00e7oivent une notification prioritaire des \u00e9v\u00e9nements cl\u00e9s incluant s\u00e9minaires, missions, notre Assembl\u00e9e g\u00e9n\u00e9rale annuelle, sessions de coaching et de mentorat, ainsi que des opportunit\u00e9s de r\u00e9seautage avec d&rsquo;autres membres de la communaut\u00e9 canadienne en Chine.<\/p>\n[\/et_pb_text][et_pb_image src=\u00a0\u00bbhttps:\/\/ccbc.com\/wp-content\/uploads\/2018\/02\/member-sector-photos_bottom.png\u00a0\u00bb align=\u00a0\u00bbcenter\u00a0\u00bb align_tablet=\u00a0\u00bbcenter\u00a0\u00bb align_phone=\u00a0\u00bb\u00a0\u00bb align_last_edited=\u00a0\u00bbon|desktop\u00a0\u00bb _builder_version=\u00a0\u00bb4.16&Prime; animation_style=\u00a0\u00bbfade\u00a0\u00bb animation_duration=\u00a0\u00bb500ms\u00a0\u00bb always_center_on_mobile=\u00a0\u00bbon\u00a0\u00bb global_colors_info=\u00a0\u00bb{}\u00a0\u00bb][\/et_pb_image][\/et_pb_column][\/et_pb_row][\/et_pb_section]\n","protected":false},"excerpt":{"rendered":"<p>&#8211; &#8211; Le travail du CCBC avec les \u00e9tablissements d&rsquo;enseignement &#8211; -\u00c9tablissements d\u2019enseignementComment attirer les \u00e9tudiants les plus performants ? &nbsp; Comment pr\u00e9senter mon universit\u00e9 ou coll\u00e8ge en Chine ? [&hellip;]<\/p>\n","protected":false},"author":1686,"featured_media":0,"parent":0,"menu_order":5,"comment_status":"open","ping_status":"open","template":"","meta":{"_acf_changed":false,"_et_pb_use_builder":"on","_et_pb_old_content":"<p><em>How do I attract the best and brightest students?<\/em><\/p><p><em>How do I showcase my university or college in China?<\/em><\/p><p><em>How do I engage with Chinese institutions?<\/em><\/p><p>The quality of Canadian education and institutions is attracting Chinese and other international students to Canada. With legions of secondary, post-secondary and executive learners seeking an international education, finding and recruiting these students can be a challenge. We understand the strength of the Canadian education brand and the challenges faced by Canadian institutions.<\/p><p>The CCBC helps Canadian educational institutions compete and attract the best and brightest students. We understand the education sector and have a network of Canadian institutions experienced in the China market.<\/p><p>By joining the CCBC, your network immediately expands to include Canada\u2019s most successful Canada-China business association, with members drawn from all sectors of the Canadian economy. You will learn best practices and gain important knowledge on how others are succeeding in China.<\/p><h2>The CCBC offers member services and support according to your needs:<\/h2><h3>Affordable Access to the China Market<\/h3><p>-Educational institutions join at the lowest CCBC membership rate of C$1500 per year. Any number of faculty, staff and departments can enjoy the membership.<\/p><h3>Promotion of Canadian Education<\/h3><p>-Co-hosting the All-Canadian MBA Fair with the Canadian Embassy in major centres throughout China<\/p><p>-Other outreach activities year round, such as seminars and roundtables on education and higher learning<\/p><h3>Advocacy on Issues Affecting the Education Sector<\/h3><p>-Promote of Canada\u2019s world-class education in China<\/p><p>-Help government stakeholders and partners to improve and promote the growth of foreign students in Canadian educational institutions<\/p><p>-Champion important issues for Canadian educators such as student visas, funding etc.<\/p><h3>Insight on Canada-China Relations<\/h3><p>-CCBC executives are available to speak to audiences at your institution or to participate in policy discussions on Canada-China relations<\/p><h3>Your Presence in China<\/h3><p>-CCBC\u2019s offices in China can act as an extension of your institution in China<\/p><p>-Affordable physical and virtual presence in Shanghai and Beijing<\/p><h3>Student Engagement<\/h3><p>-Students of educational institutions can subscribe as China Watcher with the CCBC<\/p><p>-Supporting alumni activities in China<\/p><p>All members also get priority notification of key events, seminars and missions, the CCBC Annual General Meeting and Policy Conference, coaching, mentoring sessions as well as networking opportunities with other members of the Canadian business and education communities in China.<\/p>","_et_gb_content_width":"","footnotes":""},"categories":[],"tags":[],"class_list":["post-40154","page","type-page","status-publish","hentry"],"acf":[],"_links":{"self":[{"href":"https:\/\/ccbc.com\/fr\/wp-json\/wp\/v2\/pages\/40154","targetHints":{"allow":["GET"]}}],"collection":[{"href":"https:\/\/ccbc.com\/fr\/wp-json\/wp\/v2\/pages"}],"about":[{"href":"https:\/\/ccbc.com\/fr\/wp-json\/wp\/v2\/types\/page"}],"author":[{"embeddable":true,"href":"https:\/\/ccbc.com\/fr\/wp-json\/wp\/v2\/users\/1686"}],"replies":[{"embeddable":true,"href":"https:\/\/ccbc.com\/fr\/wp-json\/wp\/v2\/comments?post=40154"}],"version-history":[{"count":16,"href":"https:\/\/ccbc.com\/fr\/wp-json\/wp\/v2\/pages\/40154\/revisions"}],"predecessor-version":[{"id":71938,"href":"https:\/\/ccbc.com\/fr\/wp-json\/wp\/v2\/pages\/40154\/revisions\/71938"}],"wp:attachment":[{"href":"https:\/\/ccbc.com\/fr\/wp-json\/wp\/v2\/media?parent=40154"}],"wp:term":[{"taxonomy":"category","embeddable":true,"href":"https:\/\/ccbc.com\/fr\/wp-json\/wp\/v2\/categories?post=40154"},{"taxonomy":"post_tag","embeddable":true,"href":"https:\/\/ccbc.com\/fr\/wp-json\/wp\/v2\/tags?post=40154"}],"curies":[{"name":"wp","href":"https:\/\/api.w.org\/{rel}","templated":true}]}}