{"id":40149,"date":"2014-03-17T14:27:55","date_gmt":"2014-03-17T18:27:55","guid":{"rendered":"https:\/\/ccbc.com\/?page_id=40149"},"modified":"2024-02-28T17:05:28","modified_gmt":"2024-02-28T22:05:28","slug":"small-and-medium-sized-enterprises-smes","status":"publish","type":"page","link":"https:\/\/ccbc.com\/fr\/small-and-medium-sized-enterprises-smes\/","title":{"rendered":"PME"},"content":{"rendered":"[et_pb_section fb_built=\u00a0\u00bb1&Prime; fullwidth=\u00a0\u00bbon\u00a0\u00bb _builder_version=\u00a0\u00bb4.16&Prime; global_colors_info=\u00a0\u00bb{}\u00a0\u00bb][et_pb_fullwidth_header title=\u00a0\u00bbPME\u00a0\u00bb text_orientation=\u00a0\u00bbcenter\u00a0\u00bb _builder_version=\u00a0\u00bb4.16&Prime; background_color=\u00a0\u00bbrgba(255, 255, 255, 0)\u00a0\u00bb background_image=\u00a0\u00bbhttps:\/\/ccbc.com\/wp-content\/uploads\/2017\/07\/hero-chapter-single.jpg\u00a0\u00bb z_index_tablet=\u00a0\u00bb500&Prime; title_text_shadow_horizontal_length_tablet=\u00a0\u00bb0px\u00a0\u00bb title_text_shadow_vertical_length_tablet=\u00a0\u00bb0px\u00a0\u00bb title_text_shadow_blur_strength_tablet=\u00a0\u00bb1px\u00a0\u00bb content_text_shadow_horizontal_length_tablet=\u00a0\u00bb0px\u00a0\u00bb content_text_shadow_vertical_length_tablet=\u00a0\u00bb0px\u00a0\u00bb content_text_shadow_blur_strength_tablet=\u00a0\u00bb1px\u00a0\u00bb subhead_text_shadow_horizontal_length_tablet=\u00a0\u00bb0px\u00a0\u00bb subhead_text_shadow_vertical_length_tablet=\u00a0\u00bb0px\u00a0\u00bb subhead_text_shadow_blur_strength_tablet=\u00a0\u00bb1px\u00a0\u00bb content_link_text_shadow_horizontal_length_tablet=\u00a0\u00bb0px\u00a0\u00bb content_link_text_shadow_vertical_length_tablet=\u00a0\u00bb0px\u00a0\u00bb content_link_text_shadow_blur_strength_tablet=\u00a0\u00bb1px\u00a0\u00bb content_ul_text_shadow_horizontal_length_tablet=\u00a0\u00bb0px\u00a0\u00bb content_ul_text_shadow_vertical_length_tablet=\u00a0\u00bb0px\u00a0\u00bb content_ul_text_shadow_blur_strength_tablet=\u00a0\u00bb1px\u00a0\u00bb content_ol_text_shadow_horizontal_length_tablet=\u00a0\u00bb0px\u00a0\u00bb content_ol_text_shadow_vertical_length_tablet=\u00a0\u00bb0px\u00a0\u00bb content_ol_text_shadow_blur_strength_tablet=\u00a0\u00bb1px\u00a0\u00bb content_quote_text_shadow_horizontal_length_tablet=\u00a0\u00bb0px\u00a0\u00bb content_quote_text_shadow_vertical_length_tablet=\u00a0\u00bb0px\u00a0\u00bb content_quote_text_shadow_blur_strength_tablet=\u00a0\u00bb1px\u00a0\u00bb button_one_text_shadow_horizontal_length_tablet=\u00a0\u00bb0px\u00a0\u00bb button_one_text_shadow_vertical_length_tablet=\u00a0\u00bb0px\u00a0\u00bb button_one_text_shadow_blur_strength_tablet=\u00a0\u00bb1px\u00a0\u00bb button_two_text_shadow_horizontal_length_tablet=\u00a0\u00bb0px\u00a0\u00bb button_two_text_shadow_vertical_length_tablet=\u00a0\u00bb0px\u00a0\u00bb button_two_text_shadow_blur_strength_tablet=\u00a0\u00bb1px\u00a0\u00bb box_shadow_horizontal_tablet=\u00a0\u00bb0px\u00a0\u00bb box_shadow_vertical_tablet=\u00a0\u00bb0px\u00a0\u00bb box_shadow_blur_tablet=\u00a0\u00bb40px\u00a0\u00bb box_shadow_spread_tablet=\u00a0\u00bb0px\u00a0\u00bb box_shadow_horizontal_image_tablet=\u00a0\u00bb0px\u00a0\u00bb box_shadow_vertical_image_tablet=\u00a0\u00bb0px\u00a0\u00bb box_shadow_blur_image_tablet=\u00a0\u00bb40px\u00a0\u00bb box_shadow_spread_image_tablet=\u00a0\u00bb0px\u00a0\u00bb box_shadow_horizontal_button_one_tablet=\u00a0\u00bb0px\u00a0\u00bb box_shadow_vertical_button_one_tablet=\u00a0\u00bb0px\u00a0\u00bb box_shadow_blur_button_one_tablet=\u00a0\u00bb40px\u00a0\u00bb box_shadow_spread_button_one_tablet=\u00a0\u00bb0px\u00a0\u00bb box_shadow_horizontal_button_two_tablet=\u00a0\u00bb0px\u00a0\u00bb box_shadow_vertical_button_two_tablet=\u00a0\u00bb0px\u00a0\u00bb box_shadow_blur_button_two_tablet=\u00a0\u00bb40px\u00a0\u00bb box_shadow_spread_button_two_tablet=\u00a0\u00bb0px\u00a0\u00bb text_shadow_horizontal_length_tablet=\u00a0\u00bb0px\u00a0\u00bb text_shadow_vertical_length_tablet=\u00a0\u00bb0px\u00a0\u00bb text_shadow_blur_strength_tablet=\u00a0\u00bb1px\u00a0\u00bb global_colors_info=\u00a0\u00bb{}\u00a0\u00bb button_one_text_size__hover_enabled=\u00a0\u00bboff\u00a0\u00bb button_one_text_size__hover=\u00a0\u00bbnull\u00a0\u00bb button_two_text_size__hover_enabled=\u00a0\u00bboff\u00a0\u00bb button_two_text_size__hover=\u00a0\u00bbnull\u00a0\u00bb button_one_text_color__hover_enabled=\u00a0\u00bboff\u00a0\u00bb button_one_text_color__hover=\u00a0\u00bbnull\u00a0\u00bb button_two_text_color__hover_enabled=\u00a0\u00bboff\u00a0\u00bb button_two_text_color__hover=\u00a0\u00bbnull\u00a0\u00bb button_one_border_width__hover_enabled=\u00a0\u00bboff\u00a0\u00bb button_one_border_width__hover=\u00a0\u00bbnull\u00a0\u00bb button_two_border_width__hover_enabled=\u00a0\u00bboff\u00a0\u00bb button_two_border_width__hover=\u00a0\u00bbnull\u00a0\u00bb button_one_border_color__hover_enabled=\u00a0\u00bboff\u00a0\u00bb button_one_border_color__hover=\u00a0\u00bbnull\u00a0\u00bb button_two_border_color__hover_enabled=\u00a0\u00bboff\u00a0\u00bb button_two_border_color__hover=\u00a0\u00bbnull\u00a0\u00bb button_one_border_radius__hover_enabled=\u00a0\u00bboff\u00a0\u00bb button_one_border_radius__hover=\u00a0\u00bbnull\u00a0\u00bb button_two_border_radius__hover_enabled=\u00a0\u00bboff\u00a0\u00bb button_two_border_radius__hover=\u00a0\u00bbnull\u00a0\u00bb button_one_letter_spacing__hover_enabled=\u00a0\u00bbon\u00a0\u00bb button_one_letter_spacing__hover=\u00a0\u00bb0&Prime; button_two_letter_spacing__hover_enabled=\u00a0\u00bbon\u00a0\u00bb button_two_letter_spacing__hover=\u00a0\u00bb0&Prime; button_one_bg_color__hover_enabled=\u00a0\u00bboff\u00a0\u00bb button_one_bg_color__hover=\u00a0\u00bbnull\u00a0\u00bb button_two_bg_color__hover_enabled=\u00a0\u00bboff\u00a0\u00bb button_two_bg_color__hover=\u00a0\u00bbnull\u00a0\u00bb][\/et_pb_fullwidth_header][\/et_pb_section][et_pb_section fb_built=\u00a0\u00bb1&Prime; _builder_version=\u00a0\u00bb4.16&Prime; custom_padding=\u00a0\u00bb||0px|\u00a0\u00bb global_colors_info=\u00a0\u00bb{}\u00a0\u00bb][et_pb_row column_structure=\u00a0\u00bb2_3,1_3&Prime; module_id=\u00a0\u00bbbb-absolute-row\u00a0\u00bb _builder_version=\u00a0\u00bb4.16&Prime; global_colors_info=\u00a0\u00bb{}\u00a0\u00bb][et_pb_column type=\u00a0\u00bb2_3&Prime; _builder_version=\u00a0\u00bb4.16&Prime; background_position=\u00a0\u00bbtop_left\u00a0\u00bb custom_padding=\u00a0\u00bb|||\u00a0\u00bb global_colors_info=\u00a0\u00bb{}\u00a0\u00bb custom_padding__hover=\u00a0\u00bb|||\u00a0\u00bb][\/et_pb_column][et_pb_column type=\u00a0\u00bb1_3&Prime; _builder_version=\u00a0\u00bb4.16&Prime; background_position=\u00a0\u00bbtop_left\u00a0\u00bb custom_padding=\u00a0\u00bb|||\u00a0\u00bb global_colors_info=\u00a0\u00bb{}\u00a0\u00bb custom_padding__hover=\u00a0\u00bb|||\u00a0\u00bb][et_pb_image src=\u00a0\u00bbhttps:\/\/ccbc.com\/wp-content\/uploads\/2019\/06\/shutterstock_506137015.jpg\u00a0\u00bb align=\u00a0\u00bbcenter\u00a0\u00bb force_fullwidth=\u00a0\u00bbon\u00a0\u00bb align_tablet=\u00a0\u00bbcenter\u00a0\u00bb align_phone=\u00a0\u00bb\u00a0\u00bb align_last_edited=\u00a0\u00bbon|desktop\u00a0\u00bb _builder_version=\u00a0\u00bb4.16&Prime; z_index_tablet=\u00a0\u00bb500&Prime; box_shadow_horizontal_tablet=\u00a0\u00bb0px\u00a0\u00bb box_shadow_vertical_tablet=\u00a0\u00bb0px\u00a0\u00bb box_shadow_blur_tablet=\u00a0\u00bb40px\u00a0\u00bb box_shadow_spread_tablet=\u00a0\u00bb0px\u00a0\u00bb global_colors_info=\u00a0\u00bb{}\u00a0\u00bb][\/et_pb_image][\/et_pb_column][\/et_pb_row][et_pb_row column_structure=\u00a0\u00bb2_3,1_3&Prime; make_equal=\u00a0\u00bbon\u00a0\u00bb module_class=\u00a0\u00bbbb-adjusted-widths\u00a0\u00bb _builder_version=\u00a0\u00bb4.16&Prime; custom_padding=\u00a0\u00bb||0px|\u00a0\u00bb global_colors_info=\u00a0\u00bb{}\u00a0\u00bb][et_pb_column type=\u00a0\u00bb2_3&Prime; _builder_version=\u00a0\u00bb4.16&Prime; background_position=\u00a0\u00bbtop_left\u00a0\u00bb custom_padding=\u00a0\u00bb|||\u00a0\u00bb global_colors_info=\u00a0\u00bb{}\u00a0\u00bb custom_padding__hover=\u00a0\u00bb|||\u00a0\u00bb][et_pb_text admin_label=\u00a0\u00bbText &#8211; Sector Title\u00a0\u00bb _builder_version=\u00a0\u00bb4.24.2&Prime; custom_margin=\u00a0\u00bb0px|0px|0px|0px\u00a0\u00bb custom_padding=\u00a0\u00bb0px|0px||0px\u00a0\u00bb custom_css_main_element=\u00a0\u00bbz-index: 10000;\u00a0\u00bb border_style_all=\u00a0\u00bbsolid\u00a0\u00bb border_style=\u00a0\u00bbsolid\u00a0\u00bb saved_tabs=\u00a0\u00bball\u00a0\u00bb global_colors_info=\u00a0\u00bb{}\u00a0\u00bb]\n<h3 class=\"underlined-red\">Petites et moyennes entreprises (PME)<\/h3>\n[\/et_pb_text][et_pb_text admin_label=\u00a0\u00bbquestions\u00a0\u00bb _builder_version=\u00a0\u00bb4.24.0&Prime; custom_margin=\u00a0\u00bb20px|0px|0px|0px\u00a0\u00bb custom_padding=\u00a0\u00bb|0px||0px\u00a0\u00bb border_style_all=\u00a0\u00bbsolid\u00a0\u00bb border_style=\u00a0\u00bbsolid\u00a0\u00bb saved_tabs=\u00a0\u00bball\u00a0\u00bb global_colors_info=\u00a0\u00bb{}\u00a0\u00bb]\n<p><em>Vous souhaitez faire des affaires en Chine, mais vous ne savez pas par o\u00f9 commencer ?<\/em><\/p>\n<p>&nbsp;<\/p>\n<p><em>Comment prot\u00e9ger votre propri\u00e9t\u00e9 intellectuelle ?<\/em><\/p>\n<p>&nbsp;<\/p>\n<p><em>Comment g\u00e9rer vos relations avec vos fournisseurs, partenaires et parties prenantes ?<\/em><\/p>\n[\/et_pb_text][et_pb_text _builder_version=\u00a0\u00bb4.24.2&Prime; custom_margin=\u00a0\u00bb0px|0px|0px|0px\u00a0\u00bb custom_padding=\u00a0\u00bb30px|0px|30px|0px\u00a0\u00bb hover_enabled=\u00a0\u00bb0&Prime; border_style_all=\u00a0\u00bbsolid\u00a0\u00bb border_style=\u00a0\u00bbsolid\u00a0\u00bb saved_tabs=\u00a0\u00bball\u00a0\u00bb global_colors_info=\u00a0\u00bb{}\u00a0\u00bb sticky_enabled=\u00a0\u00bb0&Prime;]\n<p>Si vous \u00eates une petite entreprise canadienne et que vous cherchez \u00e0 faires des affaires en Chine, mais que vous ne savez pas par o\u00f9 commencer, le CCBC a des r\u00e9ponses \u00e0 vos questions et des conseils. Nous aidons les PME \u00e0 entrer et \u00e0 progresser en Chine gr\u00e2ce \u00e0 nos services et \u00e0 notre soutien aux membres sur le terrain. Nous guidons les PME \u00e0 travers les complexit\u00e9s li\u00e9es aux op\u00e9rations dans un autre pays et nos centres d\u2019incubations \u00e0 Shanghai et \u00e0 Beijing offrent un emplacement id\u00e9al pour lancer votre entreprise tout en vous aidant \u00e0 diminuer les co\u00fbts initiaux. Le CCBC offre aux membres des services et un accompagnement personnalis\u00e9.<\/p>\n[\/et_pb_text][\/et_pb_column][et_pb_column type=\u00a0\u00bb1_3&Prime; module_class=\u00a0\u00bbborder-left-red\u00a0\u00bb _builder_version=\u00a0\u00bb4.16&Prime; background_position=\u00a0\u00bbtop_left\u00a0\u00bb custom_padding=\u00a0\u00bb|||\u00a0\u00bb global_colors_info=\u00a0\u00bb{}\u00a0\u00bb custom_padding__hover=\u00a0\u00bb|||\u00a0\u00bb][et_pb_text admin_label=\u00a0\u00bbText &#8211; KEEP EMPTY\u00a0\u00bb module_class=\u00a0\u00bbborder-left-red\u00a0\u00bb _builder_version=\u00a0\u00bb4.16&Prime; border_style=\u00a0\u00bbsolid\u00a0\u00bb global_colors_info=\u00a0\u00bb{}\u00a0\u00bb][\/et_pb_text][\/et_pb_column][\/et_pb_row][\/et_pb_section][et_pb_section fb_built=\u00a0\u00bb1&Prime; _builder_version=\u00a0\u00bb4.16&Prime; custom_padding=\u00a0\u00bb0px|||\u00a0\u00bb global_colors_info=\u00a0\u00bb{}\u00a0\u00bb][et_pb_row _builder_version=\u00a0\u00bb4.16&Prime; background_color=\u00a0\u00bb#ebebeb\u00a0\u00bb custom_padding=\u00a0\u00bb||0px|\u00a0\u00bb global_colors_info=\u00a0\u00bb{}\u00a0\u00bb][et_pb_column type=\u00a0\u00bb4_4&Prime; _builder_version=\u00a0\u00bb4.16&Prime; background_position=\u00a0\u00bbtop_left\u00a0\u00bb custom_padding=\u00a0\u00bb||0px|\u00a0\u00bb global_colors_info=\u00a0\u00bb{}\u00a0\u00bb custom_padding__hover=\u00a0\u00bb|||\u00a0\u00bb][et_pb_text admin_label=\u00a0\u00bbText &#8211; More Content\u00a0\u00bb _builder_version=\u00a0\u00bb4.24.2&Prime; custom_padding=\u00a0\u00bb30px|60px|15px|60px\u00a0\u00bb hover_enabled=\u00a0\u00bb0&Prime; border_style=\u00a0\u00bbsolid\u00a0\u00bb global_colors_info=\u00a0\u00bb{}\u00a0\u00bb sticky_enabled=\u00a0\u00bb0&Prime;]\n<p><strong>Les services aux membres du CCBC comprennent les \u00e9l\u00e9ments suivants :<\/strong><\/p>\n<p>&nbsp;<\/p>\n<p><strong>Pour les PME envisageant de faire affaire en Chine<\/strong><\/p>\n<ul>\n<li>Recherche de march\u00e9 pour mieux comprendre vos clients et identifier vos concurrents.<\/li>\n<li>Compr\u00e9hension du mod\u00e8le \u00e9conomique chinois &#8211; Le 14e plan quinquennal, le catalogue pour l&rsquo;orientation des industries d&rsquo;investissement \u00e9tranger, les soci\u00e9t\u00e9s d&rsquo;\u00c9tat, les coentreprises, entreprise enti\u00e8rement sous contr\u00f4le \u00e9tranger, etc.<\/li>\n<li>Identification des nouvelles tendances du march\u00e9 chinois.<\/li>\n<li>Conseils pour \u00e9laborer votre strat\u00e9gie en Chine.<\/li>\n<li>Conseils sur les questions li\u00e9es \u00e0 la fiscalit\u00e9 et aux mouvements de capitaux.<\/li>\n<li>Orientations pour les exportateurs sur le financement et l&rsquo;assurance en Chine.<\/li>\n<\/ul>\n<p>&nbsp;<\/p>\n<p><strong>Pour les PME pr\u00eates \u00e0 faire des affaires en Chine<\/strong><\/p>\n<ul>\n<li>Services-conseil pour adapter votre marque, marketing et produit aux consommateurs chinois.<\/li>\n<li>Orientation sur la communication interculturelle et les pratiques chinoises.<\/li>\n<li>Aide \u00e0 l&rsquo;enregistrement d&rsquo;entreprise.<\/li>\n<li>Conseils sur la protection de la propri\u00e9t\u00e9 intellectuelle, des marques et des droits d&rsquo;auteur.<\/li>\n<li>R\u00e9f\u00e9rences \u00e0 des experts en enregistrement d&rsquo;entreprise, immobilier commercial, recrutement, fiscalit\u00e9, droit et ressources humaines.<\/li>\n<li>Liaisons avec le Service des d\u00e9l\u00e9gu\u00e9s commerciaux du Canada, Exportation et d\u00e9veloppement Canada, et des agences partenaires similaires.<\/li>\n<li>Contacts avec des agences de d\u00e9veloppement \u00e9conomique municipal, provincial, national et d&rsquo;attraction des investissements en Chine.<\/li>\n<li>Pr\u00e9sence physique et virtuelle abordable \u00e0 Shanghai et Beijing.<\/li>\n<\/ul>\n<p>&nbsp;<\/p>\n<p><strong>Pour les PME d\u00e9j\u00e0 \u00e9tablies en Chine\u00a0<\/strong><\/p>\n<ul>\n<li>Aide aux relations publiques et gouvernementales.<\/li>\n<li>Mentorat par des entreprises canadiennes plus grandes d\u00e9j\u00e0 \u00e9tablies en Chine.<\/li>\n<li>Services et assistance personnalis\u00e9s selon les besoins des membres.<\/li>\n<li>Organisation d&rsquo;\u00e9v\u00e9nements, engagement des parties prenantes et d\u00e9cideurs.<\/li>\n<li>Participation aux questions politiques de haut niveau entre le Canada et la Chine.<\/li>\n<li>Pr\u00e9sence physique et virtuelle abordable \u00e0 Shanghai et Beijing.<\/li>\n<\/ul>\n<p>&nbsp;<\/p>\n<p>Tous les membres re\u00e7oivent une notification prioritaire des \u00e9v\u00e9nements cl\u00e9s incluant s\u00e9minaires, missions, notre Assembl\u00e9e g\u00e9n\u00e9rale annuelle, sessions de coaching et de mentorat, ainsi que des opportunit\u00e9s de r\u00e9seautage avec d&rsquo;autres membres de la communaut\u00e9 canadienne en Chine.<\/p>\n[\/et_pb_text][et_pb_image src=\u00a0\u00bbhttps:\/\/ccbc.com\/wp-content\/uploads\/2019\/06\/shutterstock_632402747.jpg\u00a0\u00bb align=\u00a0\u00bbcenter\u00a0\u00bb align_tablet=\u00a0\u00bbcenter\u00a0\u00bb align_phone=\u00a0\u00bb\u00a0\u00bb align_last_edited=\u00a0\u00bbon|desktop\u00a0\u00bb _builder_version=\u00a0\u00bb4.16&Prime; animation_style=\u00a0\u00bbfade\u00a0\u00bb animation_duration=\u00a0\u00bb500ms\u00a0\u00bb z_index_tablet=\u00a0\u00bb500&Prime; box_shadow_horizontal_tablet=\u00a0\u00bb0px\u00a0\u00bb box_shadow_vertical_tablet=\u00a0\u00bb0px\u00a0\u00bb box_shadow_blur_tablet=\u00a0\u00bb40px\u00a0\u00bb box_shadow_spread_tablet=\u00a0\u00bb0px\u00a0\u00bb global_colors_info=\u00a0\u00bb{}\u00a0\u00bb][\/et_pb_image][\/et_pb_column][\/et_pb_row][\/et_pb_section]\n","protected":false},"excerpt":{"rendered":"<p>Petites et moyennes entreprises (PME)Vous souhaitez faire des affaires en Chine, mais vous ne savez pas par o\u00f9 commencer ? &nbsp; Comment prot\u00e9ger votre propri\u00e9t\u00e9 intellectuelle ? &nbsp; Comment g\u00e9rer [&hellip;]<\/p>\n","protected":false},"author":1686,"featured_media":0,"parent":0,"menu_order":3,"comment_status":"open","ping_status":"open","template":"","meta":{"_acf_changed":false,"_et_pb_use_builder":"on","_et_pb_old_content":"<strong>Small & Medium-Sized Enterprises<\/strong>\r\n\r\n<em>You want to do business in China, but don\u2019t know where to begin?<\/em>\r\n\r\n<em>How do you protect your IP?<\/em>\r\n\r\n<em>How will you manage your relationships with suppliers, partners and stakeholders?<\/em>\r\n\r\nIf you are a small Canadian enterprise or business looking to do business in China, but don\u2019t know where to start, CCBC has all the answers and advice. We help SMEs enter and succeed in China with our on-the-ground member services and support. We guide SMEs through the complexities of doing business in another country, and our Business Incubation Centres in Shanghai and Beijing provide an ideal location to launch your business while helping you minimize upfront costs.\r\n\r\n<strong>The CCBC offers member services and support according to your needs:<\/strong>\r\n\r\n<strong>For SMEs Considering Doing Business in China<\/strong>\r\n\r\n-Market research and intelligence to better understand your customers and competitors\r\n\r\n-Understanding the Chinese economic model \u2013 The 12th Five-Year Plan, Catalogue for the Guidance of Foreign Investment Industries, State-Owned Enterprises, Joint Ventures, Wholly-Foreign Owned Enterprises, etc.\r\n\r\n-Identification of new or emerging market trends in China\r\n\r\n-Advice on developing your China strategy\r\n\r\n-Advice on issues involving banking, taxation and capital movement\r\n\r\n-Guidance on credit financing and insurance for exporters\r\n\r\n<strong>For SMEs Ready to Do Business in China<\/strong>\r\n\r\n-Advisory services on adapting your brand, marketing and product to Chinese consumers\r\n\r\n-Guidance on cross-cultural communications and Chinese practices\r\n\r\n-Assistance with corporate registration\r\n\r\n-Guidance on IP, trademark and copyright protection\r\n\r\n-Referrals to experts in business registration, commercial real estate, recruitment, taxation, law and HR\r\n\r\n-Connections to the Canadian Trade Commissioner Service, Export Development Canada and like-minded partner agencies\r\n\r\n-Outreach to municipal, provincial, national economic development and investment attraction agencies in China\r\n\r\n-Affordable physical and virtual presence in Shanghai and Beijing\r\n\r\n<strong>For SMEs Already Doing Business in China<\/strong>\r\n\r\n-Assistance with public and government relations\r\n\r\n-Mentoring by larger Canadian established companies in China\r\n\r\n-Services and support customized to member requirements\r\n\r\n-Organizing CCBC events, engaging stakeholders and decision makers\r\n\r\n-Participation in high-level Canada-China policy issues\r\n\r\n-Affordable physical and virtual office presence in Shanghai and Beijing\r\n\r\nAll members get priority notification of key events, seminars and missions, including our Annual General Meeting (AGM) and Policy Conference, coaching, mentoring sessions as well as networking opportunities with other members of the Canadian business community in China.","_et_gb_content_width":"","footnotes":""},"categories":[],"tags":[],"class_list":["post-40149","page","type-page","status-publish","hentry"],"acf":[],"_links":{"self":[{"href":"https:\/\/ccbc.com\/fr\/wp-json\/wp\/v2\/pages\/40149","targetHints":{"allow":["GET"]}}],"collection":[{"href":"https:\/\/ccbc.com\/fr\/wp-json\/wp\/v2\/pages"}],"about":[{"href":"https:\/\/ccbc.com\/fr\/wp-json\/wp\/v2\/types\/page"}],"author":[{"embeddable":true,"href":"https:\/\/ccbc.com\/fr\/wp-json\/wp\/v2\/users\/1686"}],"replies":[{"embeddable":true,"href":"https:\/\/ccbc.com\/fr\/wp-json\/wp\/v2\/comments?post=40149"}],"version-history":[{"count":14,"href":"https:\/\/ccbc.com\/fr\/wp-json\/wp\/v2\/pages\/40149\/revisions"}],"predecessor-version":[{"id":71954,"href":"https:\/\/ccbc.com\/fr\/wp-json\/wp\/v2\/pages\/40149\/revisions\/71954"}],"wp:attachment":[{"href":"https:\/\/ccbc.com\/fr\/wp-json\/wp\/v2\/media?parent=40149"}],"wp:term":[{"taxonomy":"category","embeddable":true,"href":"https:\/\/ccbc.com\/fr\/wp-json\/wp\/v2\/categories?post=40149"},{"taxonomy":"post_tag","embeddable":true,"href":"https:\/\/ccbc.com\/fr\/wp-json\/wp\/v2\/tags?post=40149"}],"curies":[{"name":"wp","href":"https:\/\/api.w.org\/{rel}","templated":true}]}}