{"id":1357,"date":"2011-09-14T18:47:23","date_gmt":"2011-09-14T22:47:23","guid":{"rendered":"https:\/\/ccbc.com\/?page_id=1357"},"modified":"2017-11-12T16:57:15","modified_gmt":"2017-11-12T21:57:15","slug":"videos","status":"publish","type":"page","link":"https:\/\/ccbc.com\/fr\/publications-et-media\/videos\/","title":{"rendered":"Vid\u00e9os"},"content":{"rendered":"<p>Les membres peuvent acc\u00e9der aux \u00e9v\u00e9nements et r\u00e9unions d&rsquo;information du CCBC en ligne en HD.<\/p>\n[Youtube_Channel_Gallery feed=\u00a0\u00bbplaylist\u00a0\u00bb user=\u00a0\u00bbPLbEc30qjn1bcEJXWfNeLdKXRC_b-8wc3L\u00a0\u00bb videowidth=\u00a0\u00bb580&Prime; ratio=\u00a0\u00bb16&#215;9&Prime; theme=\u00a0\u00bblight\u00a0\u00bb color=\u00a0\u00bbwhite\u00a0\u00bb autoplay=\u00a0\u00bb0&Prime; rel=\u00a0\u00bb0&Prime; showinfo=\u00a0\u00bb0&Prime; maxitems=\u00a0\u00bb16&Prime; thumbwidth=\u00a0\u00bb277&Prime; thumbratio=\u00a0\u00bb16&#215;9&Prime; thumbcolumns=\u00a0\u00bb2&Prime; title=\u00a0\u00bb1&Prime; description=\u00a0\u00bb0&Prime; thumbnail_alignment=\u00a0\u00bbtop\u00a0\u00bb descriptionwordsnumber=\u00a0\u00bb6&Prime; link=\u00a0\u00bb1&Prime;] <\/p>\n","protected":false},"excerpt":{"rendered":"<p>Les membres peuvent acc\u00e9der aux \u00e9v\u00e9nements et r\u00e9unions d&rsquo;information du CCBC en ligne en HD. [Youtube_Channel_Gallery feed=\u00a0\u00bbplaylist\u00a0\u00bb user=\u00a0\u00bbPLbEc30qjn1bcEJXWfNeLdKXRC_b-8wc3L\u00a0\u00bb videowidth=\u00a0\u00bb580&Prime; ratio=\u00a0\u00bb16&#215;9&Prime; theme=\u00a0\u00bblight\u00a0\u00bb color=\u00a0\u00bbwhite\u00a0\u00bb autoplay=\u00a0\u00bb0&Prime; rel=\u00a0\u00bb0&Prime; showinfo=\u00a0\u00bb0&Prime; maxitems=\u00a0\u00bb16&Prime; thumbwidth=\u00a0\u00bb277&Prime; thumbratio=\u00a0\u00bb16&#215;9&Prime; thumbcolumns=\u00a0\u00bb2&Prime; title=\u00a0\u00bb1&Prime; [&hellip;]<\/p>\n","protected":false},"author":1687,"featured_media":18955,"parent":1352,"menu_order":2,"comment_status":"open","ping_status":"open","template":"","meta":{"_acf_changed":false,"_et_pb_use_builder":"","_et_pb_old_content":"","_et_gb_content_width":"","footnotes":""},"categories":[],"tags":[],"class_list":["post-1357","page","type-page","status-publish","has-post-thumbnail","hentry"],"acf":[],"_links":{"self":[{"href":"https:\/\/ccbc.com\/fr\/wp-json\/wp\/v2\/pages\/1357","targetHints":{"allow":["GET"]}}],"collection":[{"href":"https:\/\/ccbc.com\/fr\/wp-json\/wp\/v2\/pages"}],"about":[{"href":"https:\/\/ccbc.com\/fr\/wp-json\/wp\/v2\/types\/page"}],"author":[{"embeddable":true,"href":"https:\/\/ccbc.com\/fr\/wp-json\/wp\/v2\/users\/1687"}],"replies":[{"embeddable":true,"href":"https:\/\/ccbc.com\/fr\/wp-json\/wp\/v2\/comments?post=1357"}],"version-history":[{"count":5,"href":"https:\/\/ccbc.com\/fr\/wp-json\/wp\/v2\/pages\/1357\/revisions"}],"predecessor-version":[{"id":33987,"href":"https:\/\/ccbc.com\/fr\/wp-json\/wp\/v2\/pages\/1357\/revisions\/33987"}],"up":[{"embeddable":true,"href":"https:\/\/ccbc.com\/fr\/wp-json\/wp\/v2\/pages\/1352"}],"wp:featuredmedia":[{"embeddable":true,"href":"https:\/\/ccbc.com\/fr\/wp-json\/wp\/v2\/media\/18955"}],"wp:attachment":[{"href":"https:\/\/ccbc.com\/fr\/wp-json\/wp\/v2\/media?parent=1357"}],"wp:term":[{"taxonomy":"category","embeddable":true,"href":"https:\/\/ccbc.com\/fr\/wp-json\/wp\/v2\/categories?post=1357"},{"taxonomy":"post_tag","embeddable":true,"href":"https:\/\/ccbc.com\/fr\/wp-json\/wp\/v2\/tags?post=1357"}],"curies":[{"name":"wp","href":"https:\/\/api.w.org\/{rel}","templated":true}]}}