{"id":1354,"date":"2011-09-14T18:47:11","date_gmt":"2011-10-02T18:06:43","guid":{"rendered":"https:\/\/ccbc.com\/?page_id=1354"},"modified":"2012-08-24T15:15:19","modified_gmt":"2012-08-24T15:15:19","slug":"le-ccc-dans-les-medias","status":"publish","type":"page","link":"https:\/\/ccbc.com\/fr\/publications-et-media\/le-ccc-dans-les-medias\/","title":{"rendered":"Le CCBC dans les m\u00e9dias"},"content":{"rendered":"<p>La d\u00e9fense des int\u00e9r\u00eats de ses membres est une activit\u00e9 permanente pour le CCBC. Le Conseil est constamment en contact avec les m\u00e9dias canadiens et chinois, cr\u00e9ant des \u00e9v\u00e9nements m\u00e9diatiques \u00e0 travers ses activit\u00e9s et ses missions. Le CCBC est l&rsquo;organisme vers lequel les m\u00e9dias canadiens se tournent pour obtenir un aper\u00e7u sur les questions d&rsquo;affaires Canada-Chine.<\/p>\n","protected":false},"excerpt":{"rendered":"<p>La d\u00e9fense des int\u00e9r\u00eats de ses membres est une activit\u00e9 permanente pour le CCBC. Le Conseil est constamment en contact avec les m\u00e9dias canadiens et chinois, cr\u00e9ant des \u00e9v\u00e9nements m\u00e9diatiques [&hellip;]<\/p>\n","protected":false},"author":1687,"featured_media":18953,"parent":1352,"menu_order":1,"comment_status":"open","ping_status":"open","template":"tpl.publications-media.in-the-news.php","meta":{"_acf_changed":false,"_et_pb_use_builder":"","_et_pb_old_content":"","_et_gb_content_width":"","footnotes":""},"categories":[],"tags":[],"class_list":["post-1354","page","type-page","status-publish","has-post-thumbnail","hentry"],"acf":[],"_links":{"self":[{"href":"https:\/\/ccbc.com\/fr\/wp-json\/wp\/v2\/pages\/1354","targetHints":{"allow":["GET"]}}],"collection":[{"href":"https:\/\/ccbc.com\/fr\/wp-json\/wp\/v2\/pages"}],"about":[{"href":"https:\/\/ccbc.com\/fr\/wp-json\/wp\/v2\/types\/page"}],"author":[{"embeddable":true,"href":"https:\/\/ccbc.com\/fr\/wp-json\/wp\/v2\/users\/1687"}],"replies":[{"embeddable":true,"href":"https:\/\/ccbc.com\/fr\/wp-json\/wp\/v2\/comments?post=1354"}],"version-history":[{"count":2,"href":"https:\/\/ccbc.com\/fr\/wp-json\/wp\/v2\/pages\/1354\/revisions"}],"predecessor-version":[{"id":1356,"href":"https:\/\/ccbc.com\/fr\/wp-json\/wp\/v2\/pages\/1354\/revisions\/1356"}],"up":[{"embeddable":true,"href":"https:\/\/ccbc.com\/fr\/wp-json\/wp\/v2\/pages\/1352"}],"wp:featuredmedia":[{"embeddable":true,"href":"https:\/\/ccbc.com\/fr\/wp-json\/wp\/v2\/media\/18953"}],"wp:attachment":[{"href":"https:\/\/ccbc.com\/fr\/wp-json\/wp\/v2\/media?parent=1354"}],"wp:term":[{"taxonomy":"category","embeddable":true,"href":"https:\/\/ccbc.com\/fr\/wp-json\/wp\/v2\/categories?post=1354"},{"taxonomy":"post_tag","embeddable":true,"href":"https:\/\/ccbc.com\/fr\/wp-json\/wp\/v2\/tags?post=1354"}],"curies":[{"name":"wp","href":"https:\/\/api.w.org\/{rel}","templated":true}]}}