{"id":1341,"date":"2011-09-20T18:36:37","date_gmt":"2011-10-02T17:50:25","guid":{"rendered":"https:\/\/ccbc.com\/?page_id=1341"},"modified":"2012-08-23T16:51:30","modified_gmt":"2012-08-23T16:51:30","slug":"education","status":"publish","type":"page","link":"https:\/\/ccbc.com\/fr\/research-reports\/recherche-sectorielle\/education\/","title":{"rendered":"\u00c9ducation"},"content":{"rendered":"<p><strong>Opportunit\u00e9s pour les institutions canadiennes \u00e0 la lumi\u00e8re du nouveau plan d\u00e9cennal pour la r\u00e9forme du syst\u00e8me d&rsquo;\u00e9ducation chinois<\/strong><\/p>\n<p><img loading=\"lazy\" decoding=\"async\" class=\"attachment-sectoral-research wp-post-image alignleft\" title=\"6\" src=\"https:\/\/ccbc.com\/wp-content\/uploads\/2011\/09\/61-220x190.png\" alt=\"6\" width=\"220\" height=\"190\" \/><\/p>\n<p>Le gouvernement de la R\u00e9publique populaire de Chine a publi\u00e9 en juin 2010 son premier plan de r\u00e9forme de l&rsquo;\u00e9ducation pour le 21<sup>e<\/sup>\u00a0si\u00e8cle. Le plan, intitul\u00e9 Directives nationales \u00e0 moyen et long terme pour la r\u00e9forme et le d\u00e9veloppement de l&rsquo;\u00e9ducation (2010-2020) a pour objectif d&rsquo;augmenter la qualit\u00e9 et la disponibilit\u00e9 op\u00e9rationnelle de la puissance collective des ressources humaines en Chine, de stimuler les mod\u00e8les d&rsquo;\u00e9ducation et d&rsquo;enseignement existants, ainsi que de b\u00e2tir des fondations pour \u00e9tablir un syst\u00e8me d&rsquo;\u00e9ducation moderne, d&rsquo;ici \u00e0 2020, \u00e0 travers la Chine.<\/p>\n<p>Le rapport met de l&rsquo;avant une volont\u00e9 de changer et d&rsquo;innover de la part du gouvernement chinois. En tant que pays qui a \u00e9t\u00e9 chef de file en mati\u00e8re d&rsquo;approches et de pratiques modernes face \u00e0 l&rsquo;\u00e9ducation, le Canada est bien plac\u00e9 pour b\u00e9n\u00e9ficier de l&rsquo;internationalisation et de la modernisation du syst\u00e8me d&rsquo;\u00e9ducation chinois.<\/p>\n<p>Lors de l&rsquo;introduction du plan, Yang Guiren, le Ministre de l&rsquo;\u00e9ducation, a d\u00e9clar\u00e9, \u00ab\u00a0Tout ce qui va \u00e0 l&rsquo;encontre de la promotion des talents chinois doit \u00eatre r\u00e9form\u00e9\u00a0\u00bb. En commen\u00e7ant par les ann\u00e9es d&rsquo;\u00e9ducation obligatoire, de la 1<sup>\u00e8re<\/sup>\u00a0\u00e0 la 9<sup>e<\/sup>\u00a0ann\u00e9e et allant jusqu&rsquo;aux ann\u00e9es d&rsquo;\u00e9tudes sup\u00e9rieures, le th\u00e8me d&rsquo;un plus grand acc\u00e8s \u00e0 l&rsquo;\u00e9ducation est mis de l&rsquo;avant, traitant des questions li\u00e9es aux in\u00e9galit\u00e9s r\u00e9gionales, cherchant \u00e0 rectifier le syst\u00e8me \u00e0 deux vitesses r\u00e9glementant l&rsquo;acc\u00e8s \u00e0 l&rsquo;\u00e9ducation pour les enfants des travailleurs migrants, et faisant r\u00e9f\u00e9rence \u00e0 l&rsquo;\u00e9ducation de l&rsquo;enfance en difficult\u00e9.<\/p>\n<p>Ce plan ambitieux a pour objectif de transformer consid\u00e9rablement la nature du syst\u00e8me d&rsquo;\u00e9ducation chinois. Les approches traditionnelles face \u00e0 l&rsquo;apprentissage seront ajust\u00e9es afin d&rsquo;inclure la libre-pens\u00e9e et la promotion de la curiosit\u00e9 intellectuelle, de la cr\u00e9ativit\u00e9 et de l&rsquo;innovation. Les r\u00e9formes mettront \u00e9galement l&rsquo;accent sur la formation et l&rsquo;\u00e9valuation des enseignants. De plus, des plans ont \u00e9t\u00e9 dress\u00e9s pour am\u00e9liorer le recrutement et le syst\u00e8me d&rsquo;examens pour l&rsquo;acc\u00e8s aux \u00e9tudes sup\u00e9rieures, le plus important de ceux-ci \u00e9tant la r\u00e9forme du syst\u00e8me des examens d&rsquo;entr\u00e9e \u00e0 l&rsquo;universit\u00e9 ou \u00ab\u00a0gaokao\u00a0\u00bb.<\/p>\n<p>L&rsquo;internationalisation de l&rsquo;\u00e9ducation en Chine est un des grands th\u00e8mes du plan de r\u00e9forme. La Chine cherchera \u00e0 renforcer sa coop\u00e9ration et ses \u00e9changes existants, et tentera \u00e9galement d&rsquo;attirer les institutions \u00e9trang\u00e8res r\u00e9put\u00e9es ainsi que les experts de renomm\u00e9e internationale. Les r\u00e9formes visent une reconnaissance mutuelle des grades universitaires avec des \u00e9coles partenaires \u00e0 travers le monde.<\/p>\n<p>Le gouvernement esp\u00e8re augmenter le pourcentage d&rsquo;\u00e9tudiants de niveau universitaire de 24,2\u00a0%\u00a0\u00e0 40\u00a0%<sup>[<a id=\"ftnref1\" title=\"Note 1 en bas de page\" href=\"http:\/\/www.deleguescommerciaux.gc.ca\/fra\/document.jsp?did=106191#ftn1\">1<\/a>]<\/sup>\u00a0au cours des dix prochaines ann\u00e9es. Cette augmentation de dipl\u00f4m\u00e9s universitaires avec un haut niveau de comp\u00e9tences sera, \u00e0 plusieurs niveaux, d&rsquo;un grand int\u00e9r\u00eat pour le Canada. Par exemple, le nombre d&rsquo;\u00e9tudiants poss\u00e9dant un haut niveau de comp\u00e9tences et \u00e9mergeant des meilleures institutions chinoises augmentera, et plusieurs d&rsquo;entre eux tenteront de fr\u00e9quenter des \u00e9coles d&rsquo;\u00e9tudes sup\u00e9rieures \u00e0 l&rsquo;\u00e9tranger. De plus, des normes d&rsquo;admission universitaire plus g\u00e9n\u00e9rales en Chine produiront sans doute de meilleurs candidats qui tenteront d&rsquo;aller \u00e0 l&rsquo;\u00e9tranger pour poursuivre leurs \u00e9tudes de premier cycle. Finalement, le d\u00e9sir grandissant de s&rsquo;orienter vers l&rsquo;internationalisation fera n\u00e9cessairement cro\u00eetre le nombre d&rsquo;\u00e9tudiants dans des programmes d&rsquo;\u00e9changes au sein d&rsquo;universit\u00e9s partenaires canadiennes. Le rapport signale \u00e9galement un d\u00e9sir d&rsquo;augmenter le financement public (c&rsquo;est-\u00e0-dire les bourses du China Scholarship Council) pour les meilleurs \u00e9tudiants qui d\u00e9sirent poursuivre leurs \u00e9tudes \u00e0 l&rsquo;\u00e9tranger.<\/p>\n<p>En plus de chercher \u00e0 augmenter le nombre d&rsquo;\u00e9tudiants dipl\u00f4m\u00e9s au sein de programmes universitaires chinois, le gouvernement visera \u00e0 r\u00e9former \u00e9galement les syst\u00e8mes d&rsquo;\u00e9ducation permanente et professionnelle<sup>[<a id=\"ftnref2\" title=\"Note 2 en bas de page\" href=\"http:\/\/www.deleguescommerciaux.gc.ca\/fra\/document.jsp?did=106191#ftn2\">2<\/a>]<\/sup>. Ces deux secteurs sont grandement d\u00e9velopp\u00e9s au Canada et nos institutions pourraient servir de mod\u00e8les. Un grand potentiel existe pour des partenariats et des \u00e9changes internationaux en ce qui concerne les coll\u00e8ges canadiens, les universit\u00e9s en ligne et les entreprises d&rsquo;apprentissage en ligne.<\/p>\n<p>Les r\u00e9formes des m\u00e9thodes de formation et des structures de gestion sont deux des domaines fondamentaux mis de l&rsquo;avant au sein du plan. Les formations canadiennes pour enseignants sont r\u00e9put\u00e9es pour leurs hauts niveaux de comp\u00e9tences et leurs m\u00e9thodes innovatrices; il y a beaucoup de potentiel au niveau des collaborations et des \u00e9changes dans ce secteur. Un autre domaine o\u00f9 l&rsquo;expertise canadienne pourrait \u00eatre partag\u00e9e est celui du d\u00e9veloppement de l&rsquo;\u00e9ducation de l&rsquo;enfance en difficult\u00e9 pour les \u00e9tudiants qui ont des incapacit\u00e9s mentales ou des troubles d&rsquo;apprentissage. De plus, les m\u00e9thodes de gestion des universit\u00e9s canadiennes r\u00e9pondent aux plus hautes normes sur l&rsquo;\u00e9chelle internationale; cela pourrait \u00eatre mis de l&rsquo;avant pour encourager de nouveaux partenariats entre les institutions.<\/p>\n<p>Le rapport indique \u00e9galement que le secteur priv\u00e9 de l&rsquo;\u00e9ducation sera incit\u00e9 \u00e0 cro\u00eetre dans les dix prochaines ann\u00e9es. Le gouvernement planifie d&rsquo;allouer du financement et d&rsquo;am\u00e9liorer la reconnaissance des comp\u00e9tences de ces \u00e9coles qui conf\u00e8rent des grades universitaires. Ceci pourrait am\u00e9liorer de mani\u00e8re importante les possibilit\u00e9s des programmes canadiens priv\u00e9s allant de la maternelle \u00e0 la 12<sup>e<\/sup>\u00a0ann\u00e9e, ainsi que des universit\u00e9s et des \u00e9coles professionnelles voulant s&rsquo;\u00e9tablir en Chine.<\/p>\n<p>Bien qu&rsquo;il ne soit pas encore clair comment ces r\u00e9formes seront introduites, l&rsquo;ouverture et la modernisation de la nature du syst\u00e8me d&rsquo;\u00e9ducation chinois cr\u00e9eront certainement des opportunit\u00e9s pour les intervenants canadiens.<\/p>\n<p>Ceci est un des nombreux rapports r\u00e9dig\u00e9s par le Service des d\u00e9l\u00e9gu\u00e9s commerciaux du Canada \u00e0 Beijing, en Chine. Si vous avez des questions au sujet de ce rapport, n&rsquo;h\u00e9sitez pas \u00e0 nous contacter.<\/p>\n<h2>Liens et ressources additionnelles<\/h2>\n<ul>\n<li><a href=\"http:\/\/www.moe.edu.cn\/publicfiles\/business\/htmlfiles\/moe\/moe_2792\/index.html\">Plan de r\u00e9forme de l\u2019\u00e9ducation chinoise 2010<\/a>\u00a0(en anglais seulement)<\/li>\n<li><a href=\"http:\/\/news.xinhuanet.com\/english2010\/china\/2010-06\/21\/c_13361297.htm\">Le Bureau politique du PCC approuve le plan de r\u00e9forme de l\u2019\u00e9ducation<\/a>\u00a0(en anglais seulement), Xinhua Net, 21\u00a0juin, 2010<\/li>\n<li><a href=\"http:\/\/news.xinhuanet.com\/english2010\/china\/2010-05\/06\/c_13281077.htm\">Le Cabinet chinois approuve le plan de r\u00e9forme de l\u2019\u00e9ducation<\/a>\u00a0(en anglais seulement), Xinhua Net, 6\u00a0mai, 2010<\/li>\n<\/ul>\n<hr \/>\n<p id=\"ftn1\">[1]\u00a0Ces pourcentages repr\u00e9sentent envir on 30\u00a0millions d&rsquo;\u00e9tudiants en 2009 et une estimation de 35\u00a0millions d&rsquo;\u00e9tudiants pour 2020.<\/p>\n<p id=\"ftn2\">[2]\u00a0De ces \u00e9tudiants, 1,4\u00a0millions \u00e9tudiaient au niveau des \u00e9tudes sup\u00e9rieures en 2009 et il est pr\u00e9vu que ce nombre augmentera jusqu&rsquo;\u00e0 2\u00a0millions en 2020.<\/p>\n","protected":false},"excerpt":{"rendered":"<p>Opportunit\u00e9s pour les institutions canadiennes \u00e0 la lumi\u00e8re du nouveau plan d\u00e9cennal pour la r\u00e9forme du syst\u00e8me d&rsquo;\u00e9ducation chinois Le gouvernement de la R\u00e9publique populaire de Chine a publi\u00e9 en [&hellip;]<\/p>\n","protected":false},"author":1687,"featured_media":335,"parent":1328,"menu_order":5,"comment_status":"open","ping_status":"open","template":"tpl.research-reports.sectoral-research.php","meta":{"_acf_changed":false,"_et_pb_use_builder":"","_et_pb_old_content":"","_et_gb_content_width":"","footnotes":""},"categories":[],"tags":[],"class_list":["post-1341","page","type-page","status-publish","has-post-thumbnail","hentry"],"acf":[],"_links":{"self":[{"href":"https:\/\/ccbc.com\/fr\/wp-json\/wp\/v2\/pages\/1341","targetHints":{"allow":["GET"]}}],"collection":[{"href":"https:\/\/ccbc.com\/fr\/wp-json\/wp\/v2\/pages"}],"about":[{"href":"https:\/\/ccbc.com\/fr\/wp-json\/wp\/v2\/types\/page"}],"author":[{"embeddable":true,"href":"https:\/\/ccbc.com\/fr\/wp-json\/wp\/v2\/users\/1687"}],"replies":[{"embeddable":true,"href":"https:\/\/ccbc.com\/fr\/wp-json\/wp\/v2\/comments?post=1341"}],"version-history":[{"count":1,"href":"https:\/\/ccbc.com\/fr\/wp-json\/wp\/v2\/pages\/1341\/revisions"}],"predecessor-version":[{"id":1342,"href":"https:\/\/ccbc.com\/fr\/wp-json\/wp\/v2\/pages\/1341\/revisions\/1342"}],"up":[{"embeddable":true,"href":"https:\/\/ccbc.com\/fr\/wp-json\/wp\/v2\/pages\/1328"}],"wp:featuredmedia":[{"embeddable":true,"href":"https:\/\/ccbc.com\/fr\/wp-json\/wp\/v2\/media\/335"}],"wp:attachment":[{"href":"https:\/\/ccbc.com\/fr\/wp-json\/wp\/v2\/media?parent=1341"}],"wp:term":[{"taxonomy":"category","embeddable":true,"href":"https:\/\/ccbc.com\/fr\/wp-json\/wp\/v2\/categories?post=1341"},{"taxonomy":"post_tag","embeddable":true,"href":"https:\/\/ccbc.com\/fr\/wp-json\/wp\/v2\/tags?post=1341"}],"curies":[{"name":"wp","href":"https:\/\/api.w.org\/{rel}","templated":true}]}}