{"id":1335,"date":"2011-09-20T18:35:15","date_gmt":"2011-10-02T17:48:48","guid":{"rendered":"https:\/\/ccbc.com\/?page_id=1335"},"modified":"2012-08-24T14:45:15","modified_gmt":"2012-08-24T14:45:15","slug":"china-economy-stats","status":"publish","type":"page","link":"https:\/\/ccbc.com\/fr\/research-reports\/recherche-sectorielle\/china-economy-stats\/","title":{"rendered":"Donn\u00e9es sur l&rsquo;\u00e9conomie chinoise"},"content":{"rendered":"<p><img loading=\"lazy\" decoding=\"async\" class=\"alignleft\" src=\"\/wp-content\/themes\/ccbc\/_common\/images\/sectoral\/3.png\" alt=\"\" width=\"222\" height=\"192\" \/><\/p>\n<p><strong>INVESTISSEMENTS ENTRANTS:<\/strong><\/p>\n<p>En 2010, Les investissement direct \u00e9trangers (IDE) entrants en Chine ont d\u00e9pass\u00e9 la valeur de 100 milliards de dollars pour la premi\u00e8re fois et les investissement \u00e9trangers par les compagnies chinoises dans des secteurs non-financiers ont totalis\u00e9 59 milliards de dollars. (Source, wikip\u00e9dia)<\/p>\n<p>La valeur des IDE en Chine \u00e0 augmenter de 7,500% entre 2004 et 2009.\u00a0 Les IDE chinoises valaient 113 millions de dollars en 2004. Les IDE entrants sur le territoire canadien en provenance de la Chine valait 8,854 milliards de dollars en 2009.\u00a0<\/p>\n<p><strong>INVESTISSEMENTS SORTANTS:<\/strong><\/p>\n<p>Consid\u00e9rant l&rsquo;aptitude de la China a attir\u00e9 des IDE, il est valable de noter que les firmes canadiennes semblent ne pas avoir \u00e9t\u00e9 des participants tr\u00e8s actifs. Les IDE canadiens sortant vers la Chine ont atteint 3,349 milliards de dollars en 2009. (source, APF)<\/p>\n<p><strong>CROISSANCE DU PIB:\u00a0<\/strong><\/p>\n<p>Suivez ce lien pour des donn\u00e9es pr\u00e9cises sur le PIB: <a href=\"http:\/\/stats.oecd.org\/Index.aspx?DatasetCode=SNA_TABLE1\">http:\/\/stats.oecd.org\/Index.aspx?DatasetCode=SNA_TABLE1<\/a><\/p>\n<p><strong>TAUX DE CONSOMMATIONS DOMESTIQUES:<\/strong><\/p>\n<p>Prix \u00e0 la consommation &#8211; Inflation annuel 5,1%. (Novembre 2010)<\/p>\n<p>Rapports du FMI sur la consommation en Chine:<a href=\"http:\/\/www.scribd.com\/doc\/500177\/Chinese-Consumption-Household-Income-IMF-Working-Paper\">http:\/\/www.scribd.com\/doc\/500177\/Chinese-Consumption-Household-Income-IMF-Working-Paper<\/a><\/p>\n<p><strong>COMMERCE DE MARCHANDISES ENTRE LE CANADA ET LA CHINE:<\/strong><\/p>\n<p><a href=\"http:\/\/www.asiapacific.ca\/statistics\/trade\/bilateral-trade-asia-product\/canadas-merchandise-trade-china\">http:\/\/www.asiapacific.ca\/statistics\/trade\/bilateral-trade-asia-product\/canadas-merchandise-trade-china<\/a><\/p>\n<p><strong>CHINE:<\/strong><\/p>\n<p><strong>PIB (Parit\u00e9 de pouvoir d&rsquo;achat):<\/strong><\/p>\n<p>$9.872 billions (estimation 2010)<br \/> Comparaison avec les autres pays: 3e place<br \/> $8.95 billions (estimation 2009)<br \/> $8.204 billions (estimation 2008)<br \/> note: Les donn\u00e9es sont en dollars am\u00e9ricains de 2010.\u00a0<\/p>\n<p><strong>PIB (taux de change official):<\/strong><\/p>\n<p><span>$5.745 billions<\/span><\/p>\n<p><span>Note: Puisque le<\/span> taux de change de la Chine est fix\u00e9, plut\u00f4t qu&rsquo;\u00eatre d\u00e9termin\u00e9 par les forces du march\u00e9, la mesure officielle du PIB bas\u00e9 sur le taux de change n&rsquo;est pas une mesure fid\u00e8le de la production de la Chine. Le PIB au taux de change officiel sous-\u00e9value de fa\u00e7on substantielle le niveau de production de la Chine avec le reste du monde. Dans la situation de la Chine, le PIB au niveau de la parit\u00e9 du pouvoir d&rsquo;achat fourni la meilleure mesure afin de comparer la production de diff\u00e9rentes nations.\u00a0<\/p>\n<p><strong>PIB &#8211; taux de croissance r\u00e9el:<\/strong><\/p>\n<p>10.3% (estimation 2010)<br \/> Comparaison avec les autres pays: 6e place<br \/> 9.1% (estimation 2009)<br \/> 9% (estimation 2008)<\/p>\n<p><strong>PIB par habitant:<\/strong><\/p>\n<p>$7,400 (estimation 2010)<br \/> Comparaison avec les autres pays: 127e place<br \/> $6,800 (estimation 2009)<br \/> $6,200 (estimation 2008)<br \/> Note: Les donn\u00e9es sont en dollars am\u00e9ricain de 2010.\u00a0<\/p>\n<p><strong>PIB &#8211; Composition par secteur:<\/strong><\/p>\n<p>agriculture: 9.6%<br \/> industries: 46.8%<br \/> services: 43.6% (estimation 2010)<\/p>\n<p><strong>Main-d&rsquo;oeuvre:<\/strong><\/p>\n<p>819.5 millions (estimation 2010)<br \/> country comparison to the world: 1<\/p>\n<p><strong>Main d&rsquo;oeuvre &#8211; par profession:<\/strong><\/p>\n<p>agriculture: 39.5%<br \/> industries: 27.2%<br \/> services: 33.2% (2008 est.)<\/p>\n<p><strong>Taux de ch\u00f4mage:<\/strong><\/p>\n<p>4.3% (estimation septembre 2009)<br \/> Comparaison avec les autres pays: 40e place<br \/> 4.2% (estimation d\u00e9cembre 2008 )<\/p>\n<p>Note: Les donn\u00e9es officielles ne concernent que les espaces urbains. Inclure les travailleurs des campagnes pourraient pousser le taux de ch\u00f4mage \u00e0 9%.\u00a0<\/p>\n<p>Il y a un taux de ch\u00f4mage et un sous-emploi substantiels dans les r\u00e9gions rurales.\u00a0<\/p>\n<p><strong>Population sous le niveau de la pauvret\u00e9:<\/strong><\/p>\n<p>2.8%<\/p>\n<p>Note: 21,5 millions de personnes des populations rurales vivent sous le niveau de \u00ab\u00a0l&rsquo;absolu pauvret\u00e9\u00a0\u00bb (pr\u00e8s de 90$ par ann\u00e9e). Un 35,5 millions de personnes additionnels vivent au-dessus de ce niveau, mais sous le niveau de \u00ab\u00a0faible-revenu\u00a0\u00bb officiel (pr\u00e8s de 125$ par ann\u00e9e). Donn\u00e9es de 2007.<\/p>\n<p>Revenu par m\u00e9nage en perspective de leur part de la consommation nationale:\u00a0<\/p>\n<p>Plus fable 10%: 3.5% de la consommation<br \/> Plus haut 10%: 15% de la consommation<\/p>\n<p>Note: Les donn\u00e9es concernent les m\u00e9nages en milieu urbain seulement. Donn\u00e9es de 2008.<\/p>\n<p><strong>Distribution du revenu familial &#8211; indice de Gini:<\/strong><\/p>\n<p>41.5 (2007)<br \/> Comparaison avec les autres pays: 53e place<br \/> 40 (2001)<\/p>\n<p><strong>Investissements (brutes fixes):<\/strong><\/p>\n<p>47.8% du PIB (estimation 2010)<br \/> Comparaison avec les autres pays: 1e place<\/p>\n<p><strong>Budget:<\/strong><\/p>\n<p>Revenus: $1.149 billion<br \/> D\u00e9penses: $1.27 billion (2010 est.)<\/p>\n<p><strong>Dettes publiques:<\/strong><\/p>\n<p>17.5% du PIB (estimation 2010)<br \/> Comparaison avec les autres pays: 112e place<br \/> 16.9% du PIB (estimation 2009)<\/p>\n<p><strong>Taux d&rsquo;inflation (prix \u00e0 la consommation):<\/strong><\/p>\n<p>5% (estimation 2010)<br \/> Comparaison avec les autres pays: 144e place<br \/> -0.7% (estimation 2009)<\/p>\n<p><strong>Taux d&rsquo;escompte de la banque centrale:<\/strong><\/p>\n<p>2.79% (31 d\u00e9cembre 2009)<br \/> Comparaison avec les autres pays: 126e place <br \/> 2.79% (31 D\u00e9cembre 2008)<\/p>\n<p><strong>Taux d&rsquo;int\u00e9r\u00eat pr\u00e9f\u00e9rentiel au niveau commercial:<\/strong><\/p>\n<p>5.81% (31 d\u00e9cembre 2010)<br \/> Comparaison avec les autres pays: 144e place<br \/> 5.31% (31 d\u00e9cembre 2009)<\/p>\n<p><strong>R\u00e9serve de monnaie au sens \u00e9troit:<\/strong><\/p>\n<p>$3.838 billions (estimation en date du 31 d\u00e9cembre 2010)<br \/> Comparaison avec les autres pays: 4e place<br \/> $3.242 billlions (estimation en date du 31 d\u00e9cembre 2009)<\/p>\n<p><strong>R\u00e9serve de monnaie au sens large:<\/strong><\/p>\n<p>$10.08 billions (estimation en date du 31 d\u00e9cembre 2010)<br \/> Comparaison avec les autres pays: 5e place<br \/> $8.933 billions (estimation en date du 31 d\u00e9cembre 2009)<\/p>\n<p><strong>R\u00e9serve de cr\u00e9dit domestique:<\/strong><\/p>\n<p>$8.156 billions (estimation en date du 31 d\u00e9cembre 2010)<br \/> Comparaison avec les autres pays: 4e place<br \/> $7.24 billions (estimation en date du 31 d\u00e9cembre 2009)<\/p>\n<p><strong>Valeur du march\u00e9 des actions publiques:<\/strong><\/p>\n<p>$5.008 billions (estimation en date du 31 d\u00e9cembre 2009)<br \/> Comparaison avec les autres pays: 4e place<br \/> $2.794 billions (estimation en date du 31 d\u00e9cembre 2008)<br \/> $6.226 billions (estimation en date du 31 d\u00e9cembre 2007)<\/p>\n<p><strong>Produits de l&rsquo;agriculture:\u00a0<\/strong><\/p>\n<p>Meneur mondial dans la valeur brut de la production agricole de riz, de patates, de ma\u00efs, d&rsquo;arachides, du th\u00e9, des pommes, du coton, du porc et du poisson.<\/p>\n<p><strong>Industries:\u00a0<\/strong><\/p>\n<p>Meneur mondial dans la valeur brut de la production industriel; extraction et traitement du minerai, fer, charbon, acier, aluminium et autres m\u00e9taux; construction de machine, armatures, textiles et v\u00eatements, p\u00e9trole, ciment, produits chimiques, fertilisants; produits de consommation incluant, souliers, jouets et \u00e9lectroniques; aliments pr\u00e9par\u00e9s; \u00e9quipement de transports incluant, automobiles, voitures de train et locomotive, navires et avions; \u00e9quipements de t\u00e9l\u00e9communication, lanceurs spatiaux commerciaux et satellites.\u00a0<\/p>\n<p><strong>Taux de croissance de la production industrielle:<\/strong><\/p>\n<p>11% (estimation 2010)<br \/> Comparaison avec les autres pays: 16e place<\/p>\n<p><strong>Production d&rsquo;\u00e9lectricit\u00e9:<\/strong><\/p>\n<p>3.451 billions kWh (estimation 2008)<br \/> Comparaison avec les autres pays: 2e place<\/p>\n<p><strong>Consommation d&rsquo;\u00e9lectricit\u00e9:<\/strong><\/p>\n<p>3.438 billions kWh (estimation 2008)<br \/> Comparaison avec les autres pays: 2e place<\/p>\n<p><strong>Exportation d&rsquo;\u00e9lectricit\u00e9:<\/strong><\/p>\n<p>16.64 billions kWh (estimation 2008)<\/p>\n<p><strong>Importation d&rsquo;\u00e9lectricit\u00e9:<\/strong><\/p>\n<p>3.842 billions kWh (estimation 2008)<\/p>\n<p><strong>Production de p\u00e9trole:<\/strong><\/p>\n<p>3.991 millions bl\/jour (estimation 2009)<br \/> Comparaison avec les autres pays: 5e place<\/p>\n<p><strong>Consommation de p\u00e9trole:<\/strong><\/p>\n<p>8.2 millions bl\/jour (estimation 2009)<br \/> Comparaison avec les autres pays: 3e place<\/p>\n<p><strong>Exportation de p\u00e9trole:<\/strong><\/p>\n<p>388,000 bl\/jour (estimation 2008)<br \/> Comparaison avec les autres pays: 32e place<\/p>\n<p><strong>Importation de p\u00e9trole:<\/strong><\/p>\n<p>4.393 millions bl\/jour (estimation 2008)<br \/> Comparaison avec les autres pays: 4e place<\/p>\n<p><strong>R\u00e9serve prouv\u00e9e de p\u00e9trole:<\/strong><\/p>\n<p>20.35 milliards bl (estimation 1 janvier 2010)<br \/> Comparaison avec les autres pays: 13e place<\/p>\n<p><strong>Production de gaz naturel:<\/strong><\/p>\n<p>82.94 milliards m3 (2009)<br \/> Comparaison avec les autres pays: 9e place<\/p>\n<p><strong>Consommation de gaz naturel:<\/strong><\/p>\n<p>87.08 milliards m3 (2009)<br \/> Comparaison avec les autres pays: 2e place<\/p>\n<p><strong>Exportation de gaz naturel:<\/strong><\/p>\n<p>3.32 milliards m3 (2009)<br \/> Comparaison avec les autres pays: 31e place<\/p>\n<p><strong>Importation de gaz naturel:<\/strong><\/p>\n<p>7.462 milliards m3 (2009)<br \/> Comparaison avec les autres pays: 27e place<\/p>\n<p><strong>R\u00e9serve prouv\u00e9e de gaz naturel:<\/strong><\/p>\n<p>3.03 billions m3 (estimation 1 davier 2010)<br \/> Comparaison avec les autres pays: 13e place<\/p>\n<p><strong>Balance des comptes courants:<\/strong><\/p>\n<p>$272.5 milliards (estimation 2010)<br \/> Comparaison avec les autres pays: 1e place <br \/> $297.1 milliards (estimation 2009)<\/p>\n<p><strong>Exportations:<\/strong><\/p>\n<p>$1.506 billion (estimation 201j)<br \/> Comparaison avec les autres pays: 2e place<br \/> $1.204 billion (estimation 2009)<\/p>\n<p><strong>Partenaires d&rsquo;exportations:<\/strong><\/p>\n<p>\u00c9-U 20.03%, Hong Kong 12.03%, Japon 8.32%, Cor\u00e9e du Sud 4.55%, Allemagne 4.27% (2009)<\/p>\n<p><strong>Importations:<\/strong><\/p>\n<p>$1.307 billion (estimation 2010)<br \/> Comparaison avec les autres pays: 3e place<br \/> $954.3 milliards (estimation 2009)<\/p>\n<p><strong>Partenaires d&rsquo;importations:<\/strong><\/p>\n<p>Japon 12.27%, Hong Kong 10.06%, Cor\u00e9e du Sud 9.04%, \u00c9-U 7.66%, Ta\u00efwan 6.84%, Allemagne 5.54% (2009)<\/p>\n<p><strong>R\u00e9serves de devises \u00e9trang\u00e8res et d&rsquo;or:<\/strong><\/p>\n<p>$2.622 billions (estimation 31 d\u00e9cembre 2010)<br \/> Comparaison avec les autres pays: 1e place<br \/> $2.426 billions (estimation 31 d\u00e9cembre 2009)<\/p>\n<p><strong>Dette externe:<\/strong><\/p>\n<p>$406.6 milliards (estimation 31 d\u00e9cembre 2010)<br \/> Comparaison avec les autres pays: 22e place<br \/> $349.3 milliards (estimation 31 d\u00e9cembre 2009)<\/p>\n<p><strong>Niveau des IDE en Chine:<\/strong><\/p>\n<p>$574.3 milliards (estimation 31 d\u00e9cembre 2010)<br \/> Comparaison avec les autres pays: 9e place<br \/> $473.1 milliards (estimation 31 d\u00e9cembre 2009)<\/p>\n<p><strong>Niveau des IDE \u00e0 l&rsquo;\u00e9tranger:<\/strong><\/p>\n<p>$278.9 milliards (estimation 31 d\u00e9cembre 2010)<br \/> Comparaison avec les autres pays: 15e place<br \/> $229.6 milliards (estimation 31 d\u00e9cembre 2009)<\/p>\n<p><strong>Taux de change:<\/strong><\/p>\n<p>Yuan Renminbi (RMB) par dollars US &#8211; 6.7852 (2010), 6.8314 (2009), 6.9385 (2008), 7.61 (2007), 7.97 (2006)<\/p>\n<p><a href=\"https:\/\/www.cia.gov\/library\/publications\/the-world-factbook\/geos\/ch.html\">Source<\/a><\/p>\n","protected":false},"excerpt":{"rendered":"<p>INVESTISSEMENTS ENTRANTS: En 2010, Les investissement direct \u00e9trangers (IDE) entrants en Chine ont d\u00e9pass\u00e9 la valeur de 100 milliards de dollars pour la premi\u00e8re fois et les investissement \u00e9trangers par [&hellip;]<\/p>\n","protected":false},"author":1687,"featured_media":329,"parent":1328,"menu_order":2,"comment_status":"open","ping_status":"open","template":"tpl.research-reports.sectoral-research.php","meta":{"_acf_changed":false,"_et_pb_use_builder":"","_et_pb_old_content":"","_et_gb_content_width":"","footnotes":""},"categories":[],"tags":[],"class_list":["post-1335","page","type-page","status-publish","has-post-thumbnail","hentry"],"acf":[],"_links":{"self":[{"href":"https:\/\/ccbc.com\/fr\/wp-json\/wp\/v2\/pages\/1335","targetHints":{"allow":["GET"]}}],"collection":[{"href":"https:\/\/ccbc.com\/fr\/wp-json\/wp\/v2\/pages"}],"about":[{"href":"https:\/\/ccbc.com\/fr\/wp-json\/wp\/v2\/types\/page"}],"author":[{"embeddable":true,"href":"https:\/\/ccbc.com\/fr\/wp-json\/wp\/v2\/users\/1687"}],"replies":[{"embeddable":true,"href":"https:\/\/ccbc.com\/fr\/wp-json\/wp\/v2\/comments?post=1335"}],"version-history":[{"count":2,"href":"https:\/\/ccbc.com\/fr\/wp-json\/wp\/v2\/pages\/1335\/revisions"}],"predecessor-version":[{"id":11008,"href":"https:\/\/ccbc.com\/fr\/wp-json\/wp\/v2\/pages\/1335\/revisions\/11008"}],"up":[{"embeddable":true,"href":"https:\/\/ccbc.com\/fr\/wp-json\/wp\/v2\/pages\/1328"}],"wp:featuredmedia":[{"embeddable":true,"href":"https:\/\/ccbc.com\/fr\/wp-json\/wp\/v2\/media\/329"}],"wp:attachment":[{"href":"https:\/\/ccbc.com\/fr\/wp-json\/wp\/v2\/media?parent=1335"}],"wp:term":[{"taxonomy":"category","embeddable":true,"href":"https:\/\/ccbc.com\/fr\/wp-json\/wp\/v2\/categories?post=1335"},{"taxonomy":"post_tag","embeddable":true,"href":"https:\/\/ccbc.com\/fr\/wp-json\/wp\/v2\/tags?post=1335"}],"curies":[{"name":"wp","href":"https:\/\/api.w.org\/{rel}","templated":true}]}}