{"id":1326,"date":"2011-09-14T18:36:07","date_gmt":"2011-09-14T22:36:07","guid":{"rendered":"https:\/\/ccbc.com\/?page_id=1326"},"modified":"2017-11-12T20:25:19","modified_gmt":"2017-11-13T01:25:19","slug":"rapports-et-recherche","status":"publish","type":"page","link":"https:\/\/ccbc.com\/fr\/rapports-et-recherche\/","title":{"rendered":"Rapports et recherche"},"content":{"rendered":"[et_pb_section bb_built=\u00a0\u00bb1&Prime;][et_pb_row][et_pb_column type=\u00a0\u00bb4_4&Prime;][et_pb_text _builder_version=\u00a0\u00bb3.0.60&Prime;]\n<p>Acc\u00e9dez \u00e0 de l&rsquo;information fort utile sur le commerce Canada-Chine et le contexte d\u2019investissement. La recherche sectorielle examine les principaux secteurs \u00e9conomiques au sein desquels les Canadiens prosp\u00e8rent, de m\u00eame que ceux qui pr\u00e9sentent des occasions d\u2019affaires prometteuses avec la Chine. La section des livres blancs et des rapports contient divers travaux et expos\u00e9s de principe sur de nombreux sujets pertinents pour le milieu des affaires canadien.<\/p>\n[\/et_pb_text][\/et_pb_column][\/et_pb_row][\/et_pb_section]\n","protected":false},"excerpt":{"rendered":"<p><div class=\"et_pb_row et_pb_row_0 et_pb_row_empty\">\n\t\t\t\t\n\t\t\t\t\n\t\t\t\t\n\t\t\t\t\n\t\t\t\t\n\t\t\t<\/div> Acc\u00e9dez \u00e0 de l&rsquo;information fort utile sur le commerce Canada-Chine et le contexte d\u2019investissement. La recherche sectorielle examine les principaux secteurs \u00e9conomiques au sein desquels les Canadiens prosp\u00e8rent, de [&hellip;]<\/p>\n","protected":false},"author":1687,"featured_media":0,"parent":0,"menu_order":3,"comment_status":"open","ping_status":"closed","template":"","meta":{"_acf_changed":false,"_et_pb_use_builder":"on","_et_pb_old_content":"<p>Acc\u00e9dez \u00e0 de l'information fort utile sur le commerce Canada-Chine et le contexte d\u2019investissement. La recherche sectorielle examine les principaux secteurs \u00e9conomiques au sein desquels les Canadiens prosp\u00e8rent, de m\u00eame que ceux qui pr\u00e9sentent des occasions d\u2019affaires prometteuses avec la Chine. La section des livres blancs et des rapports contient divers travaux et expos\u00e9s de principe sur de nombreux sujets pertinents pour le milieu des affaires canadien.<\/p>","_et_gb_content_width":"","footnotes":""},"categories":[],"tags":[],"class_list":["post-1326","page","type-page","status-publish","hentry"],"acf":[],"_links":{"self":[{"href":"https:\/\/ccbc.com\/fr\/wp-json\/wp\/v2\/pages\/1326","targetHints":{"allow":["GET"]}}],"collection":[{"href":"https:\/\/ccbc.com\/fr\/wp-json\/wp\/v2\/pages"}],"about":[{"href":"https:\/\/ccbc.com\/fr\/wp-json\/wp\/v2\/types\/page"}],"author":[{"embeddable":true,"href":"https:\/\/ccbc.com\/fr\/wp-json\/wp\/v2\/users\/1687"}],"replies":[{"embeddable":true,"href":"https:\/\/ccbc.com\/fr\/wp-json\/wp\/v2\/comments?post=1326"}],"version-history":[{"count":5,"href":"https:\/\/ccbc.com\/fr\/wp-json\/wp\/v2\/pages\/1326\/revisions"}],"predecessor-version":[{"id":33997,"href":"https:\/\/ccbc.com\/fr\/wp-json\/wp\/v2\/pages\/1326\/revisions\/33997"}],"wp:attachment":[{"href":"https:\/\/ccbc.com\/fr\/wp-json\/wp\/v2\/media?parent=1326"}],"wp:term":[{"taxonomy":"category","embeddable":true,"href":"https:\/\/ccbc.com\/fr\/wp-json\/wp\/v2\/categories?post=1326"},{"taxonomy":"post_tag","embeddable":true,"href":"https:\/\/ccbc.com\/fr\/wp-json\/wp\/v2\/tags?post=1326"}],"curies":[{"name":"wp","href":"https:\/\/api.w.org\/{rel}","templated":true}]}}