{"id":1307,"date":"2011-09-29T21:01:33","date_gmt":"2011-10-02T16:40:02","guid":{"rendered":"https:\/\/ccbc.com\/?page_id=1307"},"modified":"2012-08-22T19:36:35","modified_gmt":"2012-08-22T19:36:35","slug":"centre-du-canada","status":"publish","type":"page","link":"https:\/\/ccbc.com\/fr\/adhesion\/centre-du-canada\/","title":{"rendered":"Centre du Canada"},"content":{"rendered":"<p>Nous invitons les membres du CCBC \u00e0 profiter de l&rsquo;occasion biannuelle, sans frais, d\u2019\u00e9lever leurs profils dans le nouveau Centre du Canada du CCBC \u00e0 Shanghai. Le Centre est une lieu de r\u00e9union et d&rsquo;affichage fortement ax\u00e9 sur le th\u00e8me du Canada, que les membres peuvent utiliser pour tenir des r\u00e9unions d&rsquo;affaires et des r\u00e9ceptions pour les clients, partenaires commerciaux et le personnel chinois. Le large espace d&rsquo;affichage, mettant en vedette des \u00e9crans tactiles interactifs, est une plateforme in\u00e9gal\u00e9e pour valoriser les produits et l\u2019organisation des membres. Pour les non-membres, le Centre du Canada peut \u00eatre une vitrine du patrimoine, de la culture canadienne, de l&rsquo;\u00e9ducation, des technologies, des produits et des services canadiens qui offrent \u00e0 votre entreprise un environnement visuellement remarquable et hautement fonctionnel pour les r\u00e9unions d&rsquo;affaires et les fonctions sociales.<\/p>\n<h2>FAQs<\/h2>\n<h3>Pourquoi le Centre du Canada \u00e0 Shanghai?<\/h3>\n<p><strong>R\u00e9ponse:<\/strong> Shanghai est strat\u00e9giquement situ\u00e9 dans le delta du Yangzi, la r\u00e9gion \u00e9conomique la plus puissante de Chine, charg\u00e9e par le gouvernement central chinois de mener la Chine vers la r\u00e9ussite \u00e9conomique mondiale. La r\u00e9gion du delta du Yangzi comprend les grandes villes industrielles et commerciales de Chine du Sud, telles que Shanghai, Nanjing, Suzhou, Wuxi, Changzhou, Yangzhou, Hangzhou, Ningbo, Jiaxing, Shaoxing et Zhoushan. L&rsquo;\u00e9conomie r\u00e9gionale est enti\u00e8rement int\u00e9gr\u00e9e, avec un r\u00e9seau de transport bien d\u00e9velopp\u00e9 avec son Shanghai comme pivot.<\/p>\n<p>En tant que moteur de l&rsquo;\u00e9conomie du delta du Yangzi, Shanghai est le leader de la finance, du secteur banquier, immobilier, de l\u2019industrie automobile et de la logistique ainsi que du march\u00e9 de consommation en Chine. Les vastes terres int\u00e9rieures du delta du fleuve Yangzi, qui comprend de grandes parties du Zhejiang et du Jiangsu, est la base industrielle de la Chine en ce qui concerne la fabrication de pointe dans le domaine de l&rsquo;automobile, l\u2019a\u00e9ronautique, l\u2019\u00e9lectronique, le textile, l\u2019\u00e9quipement destin\u00e9 au secteur \u00e9nerg\u00e9tique, le fer et l\u2019acier, la transformation agro-alimentaire, le pharmaceutique et les industries chimiques. La r\u00e9gion comporte de nombreuses universit\u00e9s et instituts de recherche qui collaborent \u00e9troitement avec l&rsquo;industrie pour l\u2019innovation technique et la R &amp; D. La r\u00e9gion repr\u00e9sente 20% de la production int\u00e9rieure brute de Chine et est responsable d&rsquo;un tiers des importations et exportations du pays.<\/p>\n<p>Le delta du Yangzi repr\u00e9sente ce que peut \u00eatre la plus grande concentration au monde de r\u00e9gions m\u00e9tropolitaines adjacentes. Plus de 80 millions de personnes vivent dans la r\u00e9gion, dont pr\u00e8s du 2\/3 dans les zones urbaines. La rapide croissance \u00e9conomique et le d\u00e9veloppement ont fait de cette r\u00e9gion l&rsquo;un des march\u00e9s les plus riches du pays. La r\u00e9gion poss\u00e8de aussi le taux de croissance le plus rapide en Chine pour les produits de consommation et les services haut de gamme. Beaucoup de gens d&rsquo;affaires prosp\u00e8res issus du secteur priv\u00e9 de la r\u00e9gion sont \u00e0 la recherche de meilleurs produits et services, d\u2019une meilleure \u00e9ducation pour leurs enfants et de meilleures possibilit\u00e9s d&rsquo;investissement pour leur bien-\u00eatre.<\/p>\n<h3>Pourquoi le Centre du Canada au Shanghai Mart?<\/h3>\n<p><strong>R\u00e9ponse:<\/strong> Le Centre est situ\u00e9 \u00e0 l&rsquo;int\u00e9rieur du Shanghai Mart dans le dynamique quartier de Hongqiao \u00e0 Shanghai, un quartier d\u2019affaires d&rsquo;envergure internationale. Le noyau logistique nouvellement d\u00e9velopp\u00e9 de Hongqiao, \u00e0 15 minutes du Centre, sera op\u00e9rationnel en 2010 et connectera les deux a\u00e9roports internationaux de Shanghai. Ce hub sera \u00e9galement un carrefour pour toutes les lignes de transport reliant les villes principales dans la r\u00e9gion du Delta, le tout dans un rayon \u00e9conomique de deux heures de distance en transport depuis Shanghai, par autoroutes et par trains \u00e0 grande vitesse interurbains.<\/p>\n<p>Le Shanghai Mart est un centre de commerce et d&rsquo;exposition internationale bien \u00e9tabli \u00e0 Shanghai, avec des salles d&rsquo;exposition permanentes, des bureaux commerciaux, et les ressources d&rsquo;information qui fournissent \u00e0 la fois aux entreprises locales et internationales des \u00e9quipements et des services de premi\u00e8re classe. Chaque ann\u00e9e s\u2019y tiennent plus de cent salons et expositions, attirant des millions de gens d&rsquo;affaires locaux \u00e0 la fois de Shanghai et de la r\u00e9gion du delta du fleuve Yangzi.<\/p>\n<p>Le Shanghai Mart fournit trois services aux entreprise:<\/p>\n<ul>\n<li>Le Mart : le premier centre de commerce international permanent de Chine et le plus grand d&rsquo;Asie, avec plus de 2000 salles d&rsquo;exposition permanente et une surface totale de plus de 200 000 m\u00e8tres carr\u00e9s. Le Centre du Canada est situ\u00e9 dans le hall central sur le 10e \u00e9tage du Mart, \u00e9tage d\u00e9di\u00e9 au commerce international et aux affaires.<\/li>\n<li>L&rsquo;Expo : un des cinq centres d&rsquo;exposition majeure de Shanghai, qui fournit un espace d&rsquo;exposition multifonction et des centres de congr\u00e8s de pointe. Des centaines d&rsquo;expositions et conf\u00e9rences nationales et internationales y ont lieu chaque ann\u00e9e.<\/li>\n<li>Les bureaux : un immeuble de bureaux de premi\u00e8re classe offrant des espaces de bureau modernes de haute qualit\u00e9 pour les op\u00e9rations commerciales internationales et l&rsquo;approvisionnement mondial.<\/li>\n<\/ul>\n<p>Un certain nombre de pays ont \u00e9tabli leurs centres au Shanghai Mart, y compris le Centre de Culture japonaise, le Centre du Chili, le Centre du Sri Lanka, et la All India Industrial Association.<\/p>\n<p>Le Centre est ouvert \u00e0 toute entreprise ou tout organisme canadien afin de promouvoir ses produits, services ou technologies \u00e0 Shanghai, avec une priorit\u00e9 donn\u00e9e aux membres du CCBC. Pour plus d&rsquo;informations, veuillez consulter le Menu de Service du Centre du Canada.<\/p>\n","protected":false},"excerpt":{"rendered":"<p>Le Centre du Canada satisfera les besoins d&rsquo;affaires des entreprises entrant sur le march\u00e9 chinois.<\/p>\n","protected":false},"author":1687,"featured_media":1034,"parent":283,"menu_order":4,"comment_status":"open","ping_status":"open","template":"","meta":{"_acf_changed":false,"_et_pb_use_builder":"","_et_pb_old_content":"","_et_gb_content_width":"","footnotes":""},"categories":[],"tags":[],"class_list":["post-1307","page","type-page","status-publish","has-post-thumbnail","hentry"],"acf":[],"_links":{"self":[{"href":"https:\/\/ccbc.com\/fr\/wp-json\/wp\/v2\/pages\/1307","targetHints":{"allow":["GET"]}}],"collection":[{"href":"https:\/\/ccbc.com\/fr\/wp-json\/wp\/v2\/pages"}],"about":[{"href":"https:\/\/ccbc.com\/fr\/wp-json\/wp\/v2\/types\/page"}],"author":[{"embeddable":true,"href":"https:\/\/ccbc.com\/fr\/wp-json\/wp\/v2\/users\/1687"}],"replies":[{"embeddable":true,"href":"https:\/\/ccbc.com\/fr\/wp-json\/wp\/v2\/comments?post=1307"}],"version-history":[{"count":3,"href":"https:\/\/ccbc.com\/fr\/wp-json\/wp\/v2\/pages\/1307\/revisions"}],"predecessor-version":[{"id":2215,"href":"https:\/\/ccbc.com\/fr\/wp-json\/wp\/v2\/pages\/1307\/revisions\/2215"}],"up":[{"embeddable":true,"href":"https:\/\/ccbc.com\/fr\/wp-json\/wp\/v2\/pages\/283"}],"wp:featuredmedia":[{"embeddable":true,"href":"https:\/\/ccbc.com\/fr\/wp-json\/wp\/v2\/media\/1034"}],"wp:attachment":[{"href":"https:\/\/ccbc.com\/fr\/wp-json\/wp\/v2\/media?parent=1307"}],"wp:term":[{"taxonomy":"category","embeddable":true,"href":"https:\/\/ccbc.com\/fr\/wp-json\/wp\/v2\/categories?post=1307"},{"taxonomy":"post_tag","embeddable":true,"href":"https:\/\/ccbc.com\/fr\/wp-json\/wp\/v2\/tags?post=1307"}],"curies":[{"name":"wp","href":"https:\/\/api.w.org\/{rel}","templated":true}]}}