{"id":1301,"date":"2011-09-14T18:44:33","date_gmt":"2011-09-14T22:44:33","guid":{"rendered":"https:\/\/ccbc.com\/?page_id=1301"},"modified":"2012-08-22T19:24:09","modified_gmt":"2012-08-22T19:24:09","slug":"services-aux-membres","status":"publish","type":"page","link":"https:\/\/ccbc.com\/fr\/adhesion\/services-aux-membres\/","title":{"rendered":"Services aux membres"},"content":{"rendered":"<p>Depuis 1978, le CCBC a \u00e9t\u00e9 le pont pr\u00e9\u00e9minent pour faire des affaires entre le Canada et la Chine. Que vous soyez une grande entreprise \u00abiconique \u00bb ou une PME montante, l&rsquo;adh\u00e9sion au Conseil commercial Canada-Chine est l&rsquo;un des meilleurs moyens pour assurer votre comp\u00e9titivit\u00e9 en Chine. Aucune autre organisation que le CCBC n\u2019a autant d&rsquo;exp\u00e9rience pratique en Chine, ou de relations avec les plus hauts responsables du gouvernement et dirigeants d&rsquo;entreprise chinois. Gr\u00e2ce \u00e0 ses services et \u00e9v\u00e9nements, le CCBC fournit \u00e0 ses compagnies membres la compr\u00e9hension, l\u2019intelligence d\u2019affaires, les relations et les r\u00e9seaux n\u00e9cessaires \u00e0 la r\u00e9solution des d\u00e9fis in\u00e9vitables et inh\u00e9rents aux activit\u00e9s commerciales entreprises dans un pays \u00e9tranger tel que la Chine.<\/p>\n<p>Les membres du CCBC comprennent certaines des entreprises canadiennes et chinoises les plus grandes et les mieux connues, de m\u00eame que de petites et moyennes entreprises (PME), entrepreneurs, et organismes \u00e0 but non lucratif. Ils repr\u00e9sentent un \u00e9ventail diversifi\u00e9 de secteurs, incluant les services financiers, les services juridiques, la production manufacturi\u00e8re, la construction, les transports, le secteur minier, le secteur \u00e9nerg\u00e9tique, l\u2019information, les communications et l\u2019\u00e9ducation.<\/p>\n<p>En plus de son si\u00e8ge social \u00e0 Toronto, le CCBC poss\u00e8de \u00e9galement des bureaux et du personnel \u00e0 Vancouver, Montr\u00e9al, Beijing et Shanghai. Le r\u00e9seau d\u2019employ\u00e9s du CCBC offre des programmes et des services autant en Chine qu\u2019au Canada, et initie ses membres aux opportunit\u00e9s d\u2019affaires du march\u00e9 \u00e9mergent chinois. Le CCBC dirige \u00e9galement une division \u00e0 Beijing qui organise divers \u00e9v\u00e9nements de r\u00e9seautage local pour ses membres. Enfin, le CCBC offre le service \u00ab China Watcher \u00bb pour les individus qui souhaitent \u00eatre au courant des derni\u00e8res nouvelles concernant les relations d\u2019affaires Chine-Canada.<\/p>\n<h2>SERVICE DE CONSULTATION D\u2019AFFAIRES<\/h2>\n<p>De la premi\u00e8re consid\u00e9ration s\u00e9rieuse que vous accordez aux perspectives d\u2019affaires en Chine jusqu\u2019au soutien dans les op\u00e9rations quotidiennes d&rsquo;une entreprise \u00e9tablie et qui conna\u00eet du succ\u00e8s en Chine, le CCBC sera votre conseiller d\u2019affaires de confiance, en fournissant:<\/p>\n<ul class=\"bullets\">\n<li>de l&rsquo;assistance dans l&rsquo;\u00e9laboration d&rsquo;une strat\u00e9gie gagnante en Chine;<\/li>\n<li>des contacts dans le secteur priv\u00e9 et public en Chine et au Canada;<\/li>\n<li>des rencontres avec les autres membres qui partagent leur vision des affaires et leur exp\u00e9rience;<\/li>\n<li>des s\u00e9ances d&rsquo;information d&rsquo;initi\u00e9s r\u00e9guli\u00e8res pour les dirigeants canadiens et chinois;<\/li>\n<li>des analyses de march\u00e9, de secteur et de la concurrence;<\/li>\n<li>des analyses \u00e0 propos des changements de r\u00e9glementations et de politiques relatives \u00e0 votre industrie et, si n\u00e9cessaire, aide pour y faire face.<\/li>\n<\/ul>\n<h2>FONCTIONNEMENT DES AFFAIRES ET SOUTIEN ADMINISTRATIF<\/h2>\n<p>L\u2019adh\u00e9sion au CCBC vous donne acc\u00e8s \u00e0 des services op\u00e9rationnels et administratifs essentiels en Chine. Le personnel du CCBC \u00e0 Toronto, \u00e0 Montr\u00e9al, \u00e0 Vancouver, \u00e0 Beijing et \u00e0 Shanghai peut vous aider \u00e0 construire r\u00e9ellement vos op\u00e9rations en Chine. Nous offrons \u00e0 votre entreprise:<\/p>\n<h2>Des services d&rsquo;incubation<\/h2>\n<ul class=\"bullets\">\n<li>Espace virtuel ou location de bureau physique;<\/li>\n<li>Personnel d\u00e9di\u00e9;<\/li>\n<li>\u00c9quipement de bureau;<\/li>\n<li>Conseils et soutien.<\/li>\n<\/ul>\n<h2>Un bureau de repr\u00e9sentation chinois<\/h2>\n<p>Nous vous aidons \u00e0 enregistrer et \u00e0 maintenir le renouvellement de votre bureau de repr\u00e9sentation en Chine.<\/p>\n<h2>Support impartition\/recherche de partenaire<\/h2>\n<p>Trouver, \u00e9valuer et rencontrer des ressources cl\u00e9s et des partenaires d&rsquo;affaires avec l&rsquo;aide du personnel du CCBC en Chine et au Canada.<\/p>\n<h2>INTELLIGENCE D\u2019AFFAIRES<\/h2>\n<p>En constante \u00e9volution, la biblioth\u00e8que d\u2019intelligence d\u2019affaires chinoise exclusive aux membres offre \u00e0 votre entreprise un avantage concurrentiel distinct. En tant que membre, vous aurez acc\u00e8s:<\/p>\n<ul class=\"bullets\">\n<li>aux perspectives professionnelles et aux informations disponibles les plus r\u00e9centes en provenance de Chine;<\/li>\n<li>aux documents d&rsquo;information d\u2019affaires, aux livres blancs, aux discussions politiques, \u00e0 l\u2019analyse de questions d\u2019actualit\u00e9 et au guide pratique.<\/li>\n<\/ul>\n<h2>MISSIONS, R\u00c9UNIONS, S\u00c9MINAIRES, &amp; \u00c9V\u00c9NEMENTS<\/h2>\n<p>L&rsquo;adh\u00e9sion au CCBC est votre acc\u00e8s \u00e0 un r\u00e9seau d&rsquo;affaires exclusif. Nos r\u00e9unions et \u00e9v\u00e9nements r\u00e9unissent les meilleures entreprises de Chine et du Canada, vous permettant d&rsquo;entrer en contact avec des repr\u00e9sentants gouvernementaux canadiens et chinois, coll\u00e8gues-cadres et sp\u00e9cialistes du secteur priv\u00e9.<\/p>\n<h2>Les membres du CCBC ont acc\u00e8s aux services suivants:<\/h2>\n<ul class=\"bullets\">\n<ul class=\"bullets\">\n<li>Missions de groupes du secteur priv\u00e9 et des gouvernements f\u00e9d\u00e9ral, provinciaux et municipaux au Canada et en Chine;<\/li>\n<li>L\u2019assembl\u00e9e g\u00e9n\u00e9rale annuelle du CCBC \u2013 la conf\u00e9rence annuelle pr\u00e9\u00e9minente sur le commerce et l&rsquo;investissement Canada-Chine;<\/li>\n<li>R\u00e9unions avec de hautes d\u00e9l\u00e9gations chinoises en visite au Canada;<\/li>\n<li>\u00c9v\u00e9nements de r\u00e9seautage tout au courant de l&rsquo;ann\u00e9e, tables rondes sur des questions sp\u00e9cifiques, ateliers, s\u00e9minaires et s\u00e9ances d&rsquo;information coordonn\u00e9s par chacun des bureaux du CCBC.<\/li>\n<\/ul>\n<\/ul>\n<h2>PLAIDOYER COMMERCE ET INVESTISSEMENT<\/h2>\n<p>Le CCBC est la voix du commerce et de l&rsquo;investissement Canada-Chine. Gr\u00e2ce au plaidoyer commerce et investissement, nous:<\/p>\n<ul class=\"bullets\">\n<ul class=\"bullets\">\n<ul class=\"bullets\">\n<li>cr\u00e9ons des documents de position sur la politique commerciale, la r\u00e9glementation et autres questions li\u00e9es au commerce et \u00e0 l\u2019investissement d\u2019int\u00e9r\u00eat pour les membres;<\/li>\n<li>organisons des discussions face \u00e0 face avec les autorit\u00e9s de r\u00e9glementation canadiennes et chinoises afin de promouvoir plus de commerce et d&rsquo;investissement;<\/li>\n<li>maintenons des relations publiques et m\u00e9diatiques proactives qui contribuent \u00e0 fa\u00e7onner le discours sur les questions commerciales;<\/li>\n<li>menons un plaidoyer de haut niveau en Chine.<\/li>\n<\/ul>\n<\/ul>\n<\/ul>\n<h2>Les exemples de plaidoyer du CCBC comprennent:<\/h2>\n<ul class=\"bullets\">\n<ul class=\"bullets\">\n<ul class=\"bullets\">\n<li>le t\u00e9moignage devant le Comit\u00e9 s\u00e9natorial permanent des affaires \u00e9trang\u00e8res et du commerce international;<\/li>\n<li>la soumission au Comit\u00e9 d&rsquo;examen des politiques de concurrence et une r\u00e9union ult\u00e9rieure avec les membres du Comit\u00e9;<\/li>\n<li>la cr\u00e9ation d&rsquo;une large coalition des principales associations d&rsquo;affaires au Canada, afin d&rsquo;encourager le gouvernement \u00e0 agir sur le rapport du Comit\u00e9;<\/li>\n<li>la participation \u00e0 une e-discussion du MAECI sur les questions de commerce mondial;<\/li>\n<li>des programmes de communication et d\u2019affaires publiques avec les entreprises cl\u00e9s et les m\u00e9dias politiques;<\/li>\n<li>un programme actif de relations publiques qui transmet le message du CCBC \u00e0 des groupes allant de conseils de commerce locaux \u00e0 des conf\u00e9rences internationales;<\/li>\n<li>une couverture m\u00e9diatique r\u00e9guli\u00e8re des activit\u00e9s du CCBC et de ses positions sur les questions commerciales et d&rsquo;investissement.<\/li>\n<\/ul>\n<\/ul>\n<\/ul>\n<h2>PLATEFORME D\u2019INCUBATION D\u2019ENTREPRISES<\/h2>\n<p>Les compagnies membres du CCBC ont un acc\u00e8s automatique \u00e0 notre Plateforme d\u2019Incubation d\u2019Entreprises. Cette plateforme offre un continuum de services \u2013 allant de t\u00e2ches aussi simples que l&rsquo;utilisation de nos employ\u00e9s parlant le mandarin, jusqu\u2019\u00e0 l&rsquo;aide \u00e0 l&#8217;embauche et l&rsquo;approvisionnement des bureaux.<\/p>\n<p>La Plateforme d&rsquo;Incubation d\u2019Entreprises est un service pour les entreprises canadiennes qui commencent tout juste leurs op\u00e9rations en Chine ou qui cherchent \u00e0 modifier leur engagement avec la Chine. La Plateforme d&rsquo;Incubation d\u2019Entreprises permet aux compagnies membres d&rsquo;acc\u00e9der \u00e0 l&rsquo;infrastructure du CCBC \u00e0 Beijing et \u00e0 Shanghai, permettant aux membres d&rsquo;op\u00e9rer en Chine sans un engagement imm\u00e9diat de ressources \u00e0 long terme en Chine. \u00c0 Shanghai, les membres peuvent acc\u00e9der au Centre d\u2019Incubation d\u2019Entreprises du CCBC situ\u00e9 au Shanghai Mart \u2014 un superbe centre de commerce international qui propose un m\u00e9lange de salles d&rsquo;exposition, de bureaux commerciaux et de ressources informationnelles pour les acheteurs internationaux et nationaux ainsi que les fournisseurs. \u00c0 Beijing, le CCBC propose des espaces de bureaux virtuels et physiques localis\u00e9s dans nos bureaux.<\/p>\n<p>Acc\u00e9der au Centre d&rsquo;Incubation d\u2019Entreprises permet aux membres d&rsquo;\u00e9tablir une pr\u00e9sence en Chine \u00e0 un prix abordable et \u00e0 faible risque, avant d\u2019y entreprendre la mise en place une structure d&rsquo;entreprise d\u00e9finitive. Qu\u2019il s\u2019agisse d\u2019explorer des modalit\u00e9s d\u2019entr\u00e9e sur le march\u00e9, de mettre sur pied une entreprise, ou simplement de rechercher un environnement favorable pour votre personnel, le CCBC peut faciliter le processus pour vous.<\/p>\n<h2>Les avantages relatifs \u00e0 l\u2019utilisation de la Plateforme d\u2019Incubation d\u2019Entreprises du CCBC:<\/h2>\n<ul class=\"bullets\">\n<ul class=\"bullets\">\n<ul class=\"bullets\">\n<li>Un acc\u00e8s imm\u00e9diat aux march\u00e9s chinois;<\/li>\n<li>Minimisation des risques d&rsquo;investissement gr\u00e2ce \u00e0 des co\u00fbts d&rsquo;entr\u00e9e (et de sortie) faibles;<\/li>\n<li>R\u00e9seautage et partage des connaissances avec d&rsquo;autres soci\u00e9t\u00e9s dans le Centre d&rsquo;Incubation d\u2019Entreprises;<\/li>\n<li>Services de soutien aux entreprises pour l&rsquo;entr\u00e9e progressive sur le march\u00e9 local.<\/li>\n<\/ul>\n<\/ul>\n<\/ul>\n<h2>CENTRE D\u2019INCUBATION D\u2019ENTREPRISES<\/h2>\n<p>Le Centre d&rsquo;Incubation d\u2019Entreprises est une plateforme de p\u00e9n\u00e9tration de march\u00e9 unique et pratique pour les petites et moyennes entreprises qui veulent \u00e9tablir et d\u00e9velopper leurs affaires en Chine.<\/p>\n<h2>O\u00f9 est-ce?<\/h2>\n<p>Judicieusement situ\u00e9 dans le Shanghai Mart, \u00e0 environ 5 minutes \u00e0 pied de la station Yili Road du m\u00e9tro de Shanghai (Ligne 10). Les entreprises jouiront d\u2019une excellente visibilit\u00e9 relativement \u00e0 des clients potentiels et \u00e0 des vendeurs \u00e9trangers puisque le Shanghai Mart est l&rsquo;endroit de r\u00e9ception de nombreuses foires commerciales tout au long de l&rsquo;ann\u00e9e. Le bureau de Shanghai du CCBC y est adjacent.<\/p>\n<h2>Comment \u00e7a fonctionne?<\/h2>\n<p>Le Centre d\u2019Incubation offre un environnement de bureau fonctionnel qui est capable de satisfaire les besoins de nouvelles entreprises entrant sur le march\u00e9 chinois. Notre \u00e9tablissement offre un espace de bureau pr\u00eat-\u00e0-utiliser avec des stations de travail \u00e9quip\u00e9es d\u2019Internet et de connexions t\u00e9l\u00e9phoniques, ainsi que l&rsquo;acc\u00e8s \u00e0 un fax, \u00e0 une imprimante, \u00e0 un photocopieur et \u00e0 un scanneur. Une salle de r\u00e9union pouvant accueillir jusqu&rsquo;\u00e0 12 personnes est disponible ainsi que du personnel bilingue pour vous aider \u00e0 d\u00e9marrer.<\/p>\n<h2>Une solution pratique tout-en-un<\/h2>\n<p>Le CCBC offre une solution tout-en-un pratique pour chaque \u00e9tape de l&rsquo;entr\u00e9e de votre entreprise en Chine. Que ce soit pour l&rsquo;incubation de l\u2019entreprise, l\u2019entr\u00e9e sur le march\u00e9, l\u2019expansion et la croissance, nous pouvons organiser l&rsquo;enregistrement des soci\u00e9t\u00e9s et le support de compagnies de services comptables, fiscaux, et RH pour les soci\u00e9t\u00e9s \u00e9trang\u00e8res op\u00e9rant en Chine.<\/p>\n<h2>Forfaits<\/h2>\n<p>Un bureau et un espace de travail seuls (pas de personnel) sont disponibles \u00e0 partir de 5000 RMB par mois avec un engagement minimum d&rsquo;un an. Un bureau et un espace avec commis de bureau supervis\u00e9 sont disponibles \u00e0 partir de 12 000 RMB par mois avec un minimum d&rsquo;un an d&rsquo;engagement. D&rsquo;autres arrangements peuvent \u00eatre n\u00e9goci\u00e9s.<\/p>\n","protected":false},"excerpt":{"rendered":"<p>Peu importe la taille de votre entreprise, peu importe ce que vous faites, les contacts, le r\u00e9seau d&rsquo;affaires et les services d\u2019op\u00e9rations et de soutien du CCCC rendront vos efforts comp\u00e9titifs en Chine plus efficaces et plus rentables.<\/p>\n","protected":false},"author":1687,"featured_media":1028,"parent":283,"menu_order":1,"comment_status":"open","ping_status":"open","template":"tpl.membership.member-services.php","meta":{"_acf_changed":false,"_et_pb_use_builder":"","_et_pb_old_content":"","_et_gb_content_width":"","footnotes":""},"categories":[],"tags":[],"class_list":["post-1301","page","type-page","status-publish","has-post-thumbnail","hentry"],"acf":[],"_links":{"self":[{"href":"https:\/\/ccbc.com\/fr\/wp-json\/wp\/v2\/pages\/1301","targetHints":{"allow":["GET"]}}],"collection":[{"href":"https:\/\/ccbc.com\/fr\/wp-json\/wp\/v2\/pages"}],"about":[{"href":"https:\/\/ccbc.com\/fr\/wp-json\/wp\/v2\/types\/page"}],"author":[{"embeddable":true,"href":"https:\/\/ccbc.com\/fr\/wp-json\/wp\/v2\/users\/1687"}],"replies":[{"embeddable":true,"href":"https:\/\/ccbc.com\/fr\/wp-json\/wp\/v2\/comments?post=1301"}],"version-history":[{"count":5,"href":"https:\/\/ccbc.com\/fr\/wp-json\/wp\/v2\/pages\/1301\/revisions"}],"predecessor-version":[{"id":2214,"href":"https:\/\/ccbc.com\/fr\/wp-json\/wp\/v2\/pages\/1301\/revisions\/2214"}],"up":[{"embeddable":true,"href":"https:\/\/ccbc.com\/fr\/wp-json\/wp\/v2\/pages\/283"}],"wp:featuredmedia":[{"embeddable":true,"href":"https:\/\/ccbc.com\/fr\/wp-json\/wp\/v2\/media\/1028"}],"wp:attachment":[{"href":"https:\/\/ccbc.com\/fr\/wp-json\/wp\/v2\/media?parent=1301"}],"wp:term":[{"taxonomy":"category","embeddable":true,"href":"https:\/\/ccbc.com\/fr\/wp-json\/wp\/v2\/categories?post=1301"},{"taxonomy":"post_tag","embeddable":true,"href":"https:\/\/ccbc.com\/fr\/wp-json\/wp\/v2\/tags?post=1301"}],"curies":[{"name":"wp","href":"https:\/\/api.w.org\/{rel}","templated":true}]}}