{"id":1244,"date":"2011-09-27T10:40:10","date_gmt":"2011-10-02T14:20:25","guid":{"rendered":"https:\/\/ccbc.com\/?page_id=1244"},"modified":"2013-05-03T17:03:47","modified_gmt":"2013-05-03T21:03:47","slug":"a-propos-du-conseil-daffaires-canada-chine","status":"publish","type":"page","link":"https:\/\/ccbc.com\/fr\/a-propos-de-nous\/a-propos-du-conseil-daffaires-canada-chine\/","title":{"rendered":"\u00c0 propos du CCBC"},"content":{"rendered":"<p>Le Conseil d&rsquo;affaires Canada-Chine (CCBC) est le principal catalyseur et d\u00e9fenseur du commerce bilat\u00e9ral sino-canadien au pays. Fond\u00e9 en 1978 en tant que regroupement d\u2019entreprises sous la forme d\u2019organisme \u00e0 but non lucratif, le CCBC offre une information in\u00e9gal\u00e9e sur les questions de commerce et d\u2019investissement sino-canadien, et d\u00e9veloppe des relations qui assurent \u00e0 ses membres le succ\u00e8s en affaires. En plus de ses services cibl\u00e9s et pratiques, le Conseil se veut \u00e9galement la voix de la communaut\u00e9 d\u2019affaires canadienne sur les questions de commerce et d\u2019investissement sino-canadien.<\/p>\n<p>Les membres du CCBC comprennent certaines des entreprises canadiennes et chinoises les plus grandes et les mieux connues, de m\u00eame que de petites et moyennes entreprises (PME), entrepreneurs, et organismes \u00e0 but non lucratif. Ils repr\u00e9sentent un \u00e9ventail diversifi\u00e9 de secteurs, incluant les services financiers, les services juridiques, la production manufacturi\u00e8re, la construction, les transports, le secteur minier, le secteur \u00e9nerg\u00e9tique, l\u2019information, les communications et l\u2019\u00e9ducation.<\/p>\n<p>En plus de son si\u00e8ge social \u00e0 Toronto, le CCBC poss\u00e8de \u00e9galement des bureaux et du personnel \u00e0 Vancouver, Montr\u00e9al, Beijing et Shanghai. Le r\u00e9seau d\u2019employ\u00e9s du CCBC offre des programmes et des services autant en Chine qu\u2019au Canada, et initie ses membres aux opportunit\u00e9s d\u2019affaires du march\u00e9 \u00e9mergent chinois. Le CCBC dirige \u00e9galement une division \u00e0 Beijing qui organise divers \u00e9v\u00e9nements de r\u00e9seautage local pour ses membres. Enfin, le CCBC offre le service \u00ab\u00a0China Watcher\u00a0\u00bb pour les individus qui souhaitent \u00eatre au courant des derni\u00e8res nouvelles concernant les relations d\u2019affaires Chine-Canada.<\/p>\n<p>Gr\u00e2ce \u00e0 ses services et \u00e9v\u00e9nements, le CCBC fournit \u00e0 ses compagnies membres la compr\u00e9hension, l\u2019intelligence d\u2019affaires, les relations et les r\u00e9seaux n\u00e9cessaires \u00e0 la r\u00e9solution des d\u00e9fis in\u00e9vitables et inh\u00e9rents aux activit\u00e9s commerciales entreprises dans un pays \u00e9tranger tel que la Chine. Pour plus d\u2019information sur le CCBC, visitez-nous en ligne au www.ccbc.com.<\/p>\n","protected":false},"excerpt":{"rendered":"<p>Le Conseil d&rsquo;affaires Canada-Chine (CCBC) est le principal catalyseur et d\u00e9fenseur du commerce bilat\u00e9ral sino-canadien au pays. Fond\u00e9 en 1978 en tant que regroupement d\u2019entreprises sous la forme d\u2019organisme \u00e0 [&hellip;]<\/p>\n","protected":false},"author":1687,"featured_media":838,"parent":76,"menu_order":1,"comment_status":"open","ping_status":"open","template":"","meta":{"_acf_changed":false,"_et_pb_use_builder":"","_et_pb_old_content":"","_et_gb_content_width":"","footnotes":""},"categories":[],"tags":[],"class_list":["post-1244","page","type-page","status-publish","has-post-thumbnail","hentry"],"acf":[],"_links":{"self":[{"href":"https:\/\/ccbc.com\/fr\/wp-json\/wp\/v2\/pages\/1244","targetHints":{"allow":["GET"]}}],"collection":[{"href":"https:\/\/ccbc.com\/fr\/wp-json\/wp\/v2\/pages"}],"about":[{"href":"https:\/\/ccbc.com\/fr\/wp-json\/wp\/v2\/types\/page"}],"author":[{"embeddable":true,"href":"https:\/\/ccbc.com\/fr\/wp-json\/wp\/v2\/users\/1687"}],"replies":[{"embeddable":true,"href":"https:\/\/ccbc.com\/fr\/wp-json\/wp\/v2\/comments?post=1244"}],"version-history":[{"count":5,"href":"https:\/\/ccbc.com\/fr\/wp-json\/wp\/v2\/pages\/1244\/revisions"}],"predecessor-version":[{"id":15993,"href":"https:\/\/ccbc.com\/fr\/wp-json\/wp\/v2\/pages\/1244\/revisions\/15993"}],"up":[{"embeddable":true,"href":"https:\/\/ccbc.com\/fr\/wp-json\/wp\/v2\/pages\/76"}],"wp:featuredmedia":[{"embeddable":true,"href":"https:\/\/ccbc.com\/fr\/wp-json\/wp\/v2\/media\/838"}],"wp:attachment":[{"href":"https:\/\/ccbc.com\/fr\/wp-json\/wp\/v2\/media?parent=1244"}],"wp:term":[{"taxonomy":"category","embeddable":true,"href":"https:\/\/ccbc.com\/fr\/wp-json\/wp\/v2\/categories?post=1244"},{"taxonomy":"post_tag","embeddable":true,"href":"https:\/\/ccbc.com\/fr\/wp-json\/wp\/v2\/tags?post=1244"}],"curies":[{"name":"wp","href":"https:\/\/api.w.org\/{rel}","templated":true}]}}