{"id":11072,"date":"2012-04-03T17:57:45","date_gmt":"2012-08-27T14:57:28","guid":{"rendered":"https:\/\/ccbc.com\/?page_id=11072"},"modified":"2012-08-27T20:53:42","modified_gmt":"2012-08-27T20:53:42","slug":"online-form","status":"publish","type":"page","link":"https:\/\/ccbc.com\/fr\/adhesion\/plateforme-dincubation-dentreprises\/online-form\/","title":{"rendered":"Formulaire en ligne"},"content":{"rendered":"<script type=\"text\/javascript\">\n\/* <![CDATA[ *\/\nvar gform;gform||(document.addEventListener(\"gform_main_scripts_loaded\",function(){gform.scriptsLoaded=!0}),document.addEventListener(\"gform\/theme\/scripts_loaded\",function(){gform.themeScriptsLoaded=!0}),window.addEventListener(\"DOMContentLoaded\",function(){gform.domLoaded=!0}),gform={domLoaded:!1,scriptsLoaded:!1,themeScriptsLoaded:!1,isFormEditor:()=>\"function\"==typeof InitializeEditor,callIfLoaded:function(o){return!(!gform.domLoaded||!gform.scriptsLoaded||!gform.themeScriptsLoaded&&!gform.isFormEditor()||(gform.isFormEditor()&&console.warn(\"The use of gform.initializeOnLoaded() is deprecated in the form editor context and will be removed in Gravity Forms 3.1.\"),o(),0))},initializeOnLoaded:function(o){gform.callIfLoaded(o)||(document.addEventListener(\"gform_main_scripts_loaded\",()=>{gform.scriptsLoaded=!0,gform.callIfLoaded(o)}),document.addEventListener(\"gform\/theme\/scripts_loaded\",()=>{gform.themeScriptsLoaded=!0,gform.callIfLoaded(o)}),window.addEventListener(\"DOMContentLoaded\",()=>{gform.domLoaded=!0,gform.callIfLoaded(o)}))},hooks:{action:{},filter:{}},addAction:function(o,r,e,t){gform.addHook(\"action\",o,r,e,t)},addFilter:function(o,r,e,t){gform.addHook(\"filter\",o,r,e,t)},doAction:function(o){gform.doHook(\"action\",o,arguments)},applyFilters:function(o){return gform.doHook(\"filter\",o,arguments)},removeAction:function(o,r){gform.removeHook(\"action\",o,r)},removeFilter:function(o,r,e){gform.removeHook(\"filter\",o,r,e)},addHook:function(o,r,e,t,n){null==gform.hooks[o][r]&&(gform.hooks[o][r]=[]);var d=gform.hooks[o][r];null==n&&(n=r+\"_\"+d.length),gform.hooks[o][r].push({tag:n,callable:e,priority:t=null==t?10:t})},doHook:function(r,o,e){var t;if(e=Array.prototype.slice.call(e,1),null!=gform.hooks[r][o]&&((o=gform.hooks[r][o]).sort(function(o,r){return o.priority-r.priority}),o.forEach(function(o){\"function\"!=typeof(t=o.callable)&&(t=window[t]),\"action\"==r?t.apply(null,e):e[0]=t.apply(null,e)})),\"filter\"==r)return e[0]},removeHook:function(o,r,t,n){var e;null!=gform.hooks[o][r]&&(e=(e=gform.hooks[o][r]).filter(function(o,r,e){return!!(null!=n&&n!=o.tag||null!=t&&t!=o.priority)}),gform.hooks[o][r]=e)}});\n\/* ]]> *\/\n<\/script>\n\n                <div class='gf_browser_gecko gform_wrapper gform_legacy_markup_wrapper gform-theme--no-framework' data-form-theme='legacy' data-form-index='0' id='gform_wrapper_11' >\n                        <div class='gform_heading'>\n                            <h3 class=\"gform_title\">Business Incubation Centre (BIC) Application<\/h3>\n                            <p class='gform_description'><\/p>\n                        <\/div><form method='post' enctype='multipart\/form-data'  id='gform_11'  action='\/fr\/wp-json\/wp\/v2\/pages\/11072' data-formid='11' novalidate>\n                        <div class='gform-body gform_body'><ul id='gform_fields_11' class='gform_fields top_label form_sublabel_below description_below validation_below'><li id=\"field_11_27\" class=\"gfield gfield--type-honeypot gform_validation_container field_sublabel_below gfield--has-description field_description_below field_validation_below gfield_visibility_visible\"  ><label class='gfield_label gform-field-label' for='input_11_27'>X\/Twitter<\/label><div class='ginput_container'><input name='input_27' id='input_11_27' type='text' value='' autocomplete='new-password'\/><\/div><div class='gfield_description' id='gfield_description_11_27'>Ce champ n\u2019est utilis\u00e9 qu\u2019\u00e0 des fins de validation et devrait rester inchang\u00e9.<\/div><\/li><li id=\"field_11_24\" class=\"gfield gfield--type-text field_sublabel_below gfield--no-description field_description_below field_validation_below gfield_visibility_visible\"  ><label class='gfield_label gform-field-label' for='input_11_24'>Company Name \/ Nom de la compagnie<\/label><div class='ginput_container ginput_container_text'><input name='input_24' id='input_11_24' type='text' value='' class='medium'      aria-invalid=\"false\"   \/><\/div><\/li><li id=\"field_11_2\" class=\"gfield gfield--type-textarea gfield_contains_required field_sublabel_below gfield--no-description field_description_below field_validation_below gfield_visibility_visible\"  ><label class='gfield_label gform-field-label' for='input_11_2'>Head Office Address \/ Adresse du Bureau Chef<span class=\"gfield_required\"><span class=\"gfield_required gfield_required_asterisk\">*<\/span><\/span><\/label><div class='ginput_container ginput_container_textarea'><textarea name='input_2' id='input_11_2' class='textarea medium'     aria-required=\"true\" aria-invalid=\"false\"   rows='10' cols='50'><\/textarea><\/div><\/li><li id=\"field_11_3\" class=\"gfield gfield--type-text field_sublabel_below gfield--no-description field_description_below field_validation_below gfield_visibility_visible\"  ><label class='gfield_label gform-field-label' for='input_11_3'>Postal Code \/ Code postal<\/label><div class='ginput_container ginput_container_text'><input name='input_3' id='input_11_3' type='text' value='' class='medium'      aria-invalid=\"false\"   \/><\/div><\/li><li id=\"field_11_1\" class=\"gfield gfield--type-text gfield_contains_required field_sublabel_below gfield--no-description field_description_below field_validation_below gfield_visibility_visible\"  ><label class='gfield_label gform-field-label' for='input_11_1'>General Telephone \/ T\u00e9l\u00e9phone<span class=\"gfield_required\"><span class=\"gfield_required gfield_required_asterisk\">*<\/span><\/span><\/label><div class='ginput_container ginput_container_text'><input name='input_1' id='input_11_1' type='text' value='' class='medium'     aria-required=\"true\" aria-invalid=\"false\"   \/><\/div><\/li><li id=\"field_11_4\" class=\"gfield gfield--type-text field_sublabel_below gfield--no-description field_description_below field_validation_below gfield_visibility_visible\"  ><label class='gfield_label gform-field-label' for='input_11_4'>General Fax \/ T\u00e9l\u00e9copieur<\/label><div class='ginput_container ginput_container_text'><input name='input_4' id='input_11_4' type='text' value='' class='medium'      aria-invalid=\"false\"   \/><\/div><\/li><li id=\"field_11_5\" class=\"gfield gfield--type-text field_sublabel_below gfield--no-description field_description_below field_validation_below gfield_visibility_visible\"  ><label class='gfield_label gform-field-label' for='input_11_5'>CEO\/President\/Chief Representative \/ Chef de la Direction\/ Pr\u00e9sident \/Repr\u00e9sentant en Chef<\/label><div class='ginput_container ginput_container_text'><input name='input_5' id='input_11_5' type='text' value='' class='medium'      aria-invalid=\"false\"   \/><\/div><\/li><li id=\"field_11_6\" class=\"gfield gfield--type-text field_sublabel_below gfield--no-description field_description_below field_validation_below gfield_visibility_visible\"  ><label class='gfield_label gform-field-label' for='input_11_6'>Industry sector \/ Secteur d\u2019activit\u00e9<\/label><div class='ginput_container ginput_container_text'><input name='input_6' id='input_11_6' type='text' value='' class='medium'      aria-invalid=\"false\"   \/><\/div><\/li><li id=\"field_11_7\" class=\"gfield gfield--type-text field_sublabel_below gfield--no-description field_description_below field_validation_below gfield_visibility_visible\"  ><label class='gfield_label gform-field-label' for='input_11_7'>Core Products\/Services \/ Produits\/Services fondamentaux <\/label><div class='ginput_container ginput_container_text'><input name='input_7' id='input_11_7' type='text' value='' class='medium'      aria-invalid=\"false\"   \/><\/div><\/li><li id=\"field_11_8\" class=\"gfield gfield--type-text field_sublabel_below gfield--no-description field_description_below field_validation_below gfield_visibility_visible\"  ><label class='gfield_label gform-field-label' for='input_11_8'>Web site \/ Site internet<\/label><div class='ginput_container ginput_container_text'><input name='input_8' id='input_11_8' type='text' value='' class='medium'      aria-invalid=\"false\"   \/><\/div><\/li><li id=\"field_11_25\" class=\"gfield gfield--type-text field_sublabel_below gfield--no-description field_description_below field_validation_below gfield_visibility_visible\"  ><label class='gfield_label gform-field-label' for='input_11_25'>Gross Annual Revenue \/ Revenu annuel brut<\/label><div class='ginput_container ginput_container_text'><input name='input_25' id='input_11_25' type='text' value='' class='medium'      aria-invalid=\"false\"   \/><\/div><\/li><li id=\"field_11_10\" class=\"gfield gfield--type-radio gfield--type-choice field_sublabel_below gfield--no-description field_description_below field_validation_below gfield_visibility_visible\"  ><label class='gfield_label gform-field-label' >Are you currently a CCBC member? \/ \u00cates-vous pr\u00e9sentement membre du CCCC<\/label><div class='ginput_container ginput_container_radio'><ul class='gfield_radio' id='input_11_10'>\n\t\t\t<li class='gchoice gchoice_11_10_0'>\n\t\t\t\t<input name='input_10' type='radio' value='Yes\/Oui'  id='choice_11_10_0'    \/>\n\t\t\t\t<label for='choice_11_10_0' id='label_11_10_0' class='gform-field-label gform-field-label--type-inline'>Yes\/Oui<\/label>\n\t\t\t<\/li>\n\t\t\t<li class='gchoice gchoice_11_10_1'>\n\t\t\t\t<input name='input_10' type='radio' value='No\/Non'  id='choice_11_10_1'    \/>\n\t\t\t\t<label for='choice_11_10_1' id='label_11_10_1' class='gform-field-label gform-field-label--type-inline'>No\/Non<\/label>\n\t\t\t<\/li>\n\t\t\t<li class='gchoice gchoice_11_10_2'>\n\t\t\t\t<input name='input_10' type='radio' value='I don&#039;t know\/Je ne sais pas'  id='choice_11_10_2'    \/>\n\t\t\t\t<label for='choice_11_10_2' id='label_11_10_2' class='gform-field-label gform-field-label--type-inline'>I don't know\/Je ne sais pas<\/label>\n\t\t\t<\/li><\/ul><\/div><\/li><li id=\"field_11_12\" class=\"gfield gfield--type-radio gfield--type-choice field_sublabel_below gfield--no-description field_description_below field_validation_below gfield_visibility_visible\"  ><label class='gfield_label gform-field-label' >What is the company\u2019s current structure in China? \/ Quelle est la structure actuelle de l\u2019entreprise en Chine?<\/label><div class='ginput_container ginput_container_radio'><ul class='gfield_radio' id='input_11_12'>\n\t\t\t<li class='gchoice gchoice_11_12_0'>\n\t\t\t\t<input name='input_12' type='radio' value='No current structure in China\/ Aucune structure'  id='choice_11_12_0'    \/>\n\t\t\t\t<label for='choice_11_12_0' id='label_11_12_0' class='gform-field-label gform-field-label--type-inline'>No current structure in China\/ Aucune structure<\/label>\n\t\t\t<\/li>\n\t\t\t<li class='gchoice gchoice_11_12_1'>\n\t\t\t\t<input name='input_12' type='radio' value='Representative Office\/ Bureau de repr\u00e9sentation'  id='choice_11_12_1'    \/>\n\t\t\t\t<label for='choice_11_12_1' id='label_11_12_1' class='gform-field-label gform-field-label--type-inline'>Representative Office\/ Bureau de repr\u00e9sentation<\/label>\n\t\t\t<\/li>\n\t\t\t<li class='gchoice gchoice_11_12_2'>\n\t\t\t\t<input name='input_12' type='radio' value='WOFE\/ Soci\u00e9t\u00e9 \u00e0 Capital 100% \u00c9tranger (WOFE)'  id='choice_11_12_2'    \/>\n\t\t\t\t<label for='choice_11_12_2' id='label_11_12_2' class='gform-field-label gform-field-label--type-inline'>WOFE\/ Soci\u00e9t\u00e9 \u00e0 Capital 100% \u00c9tranger (WOFE)<\/label>\n\t\t\t<\/li>\n\t\t\t<li class='gchoice gchoice_11_12_3'>\n\t\t\t\t<input name='input_12' type='radio' value='Other\/ Autre'  id='choice_11_12_3'    \/>\n\t\t\t\t<label for='choice_11_12_3' id='label_11_12_3' class='gform-field-label gform-field-label--type-inline'>Other\/ Autre<\/label>\n\t\t\t<\/li><\/ul><\/div><\/li><li id=\"field_11_9\" class=\"gfield gfield--type-text field_sublabel_below gfield--no-description field_description_below field_validation_below gfield_visibility_visible\"  ><label class='gfield_label gform-field-label' for='input_11_9'>When would you like to begin using the Business Incubation Centre? \/ Quand d\u00e9sirez-vous commencer \u00e0 utiliser le Centre d\u2019Incubation d\u2019Entreprise?<\/label><div class='ginput_container ginput_container_text'><input name='input_9' id='input_11_9' type='text' value='' class='large'      aria-invalid=\"false\"   \/><\/div><\/li><li id=\"field_11_13\" class=\"gfield gfield--type-textarea field_sublabel_below gfield--no-description field_description_below field_validation_below gfield_visibility_visible\"  ><label class='gfield_label gform-field-label' for='input_11_13'>Company overview and current engagement in China \/ Vue d\u2019ensemble de la compagnie et engagement actuel en Chine<\/label><div class='ginput_container ginput_container_textarea'><textarea name='input_13' id='input_11_13' class='textarea medium'      aria-invalid=\"false\"   rows='10' cols='50'><\/textarea><\/div><\/li><li id=\"field_11_14\" class=\"gfield gfield--type-textarea field_sublabel_below gfield--no-description field_description_below field_validation_below gfield_visibility_visible\"  ><label class='gfield_label gform-field-label' for='input_11_14'>In what ways will you make use of the Business Incubation Centre? (For example, as a place to meet with clients, etc) \/ De quelle mani\u00e8re comptez-vous utiliser le Centre d\u2019Incubation d\u2019Entreprise? (Par exemple : en tant qu\u2019endroit pour rencontrer vos clients, etc.)<\/label><div class='ginput_container ginput_container_textarea'><textarea name='input_14' id='input_11_14' class='textarea medium'      aria-invalid=\"false\"   rows='10' cols='50'><\/textarea><\/div><\/li><li id=\"field_11_15\" class=\"gfield gfield--type-textarea field_sublabel_below gfield--no-description field_description_below field_validation_below gfield_visibility_visible\"  ><label class='gfield_label gform-field-label' for='input_11_15'>\ufffcWhat are some of the goals that you hope to achieve while using the service and tools offered by the Business Incubation Centre? \/ Quels sont certains des objectifs que vous esp\u00e9rez atteindre en utilisant les services et outils offerts par le Centre d\u2019Incubation d\u2019Entreprise?<\/label><div class='ginput_container ginput_container_textarea'><textarea name='input_15' id='input_11_15' class='textarea medium'      aria-invalid=\"false\"   rows='10' cols='50'><\/textarea><\/div><\/li><li id=\"field_11_18\" class=\"gfield gfield--type-section gsection field_sublabel_below gfield--no-description field_description_below field_validation_below gfield_visibility_visible\"  ><h2 class=\"gsection_title\">Contact Information \/ Coordonn\u00e9es: Primary Designated Representative \/ Principal Repr\u00e9sentant(e) D\u00e9sign\u00e9(e)<\/h2><\/li><li id=\"field_11_16\" class=\"gfield gfield--type-text field_sublabel_below gfield--no-description field_description_below field_validation_below gfield_visibility_visible\"  ><label class='gfield_label gform-field-label' for='input_11_16'>Given Name(s) \/ Pr\u00e9nom &amp; Family Name \/ Nom<\/label><div class='ginput_container ginput_container_text'><input name='input_16' id='input_11_16' type='text' value='' class='medium'      aria-invalid=\"false\"   \/><\/div><\/li><li id=\"field_11_17\" class=\"gfield gfield--type-text field_sublabel_below gfield--no-description field_description_below field_validation_below gfield_visibility_visible\"  ><label class='gfield_label gform-field-label' for='input_11_17'>Chinese Name \/ Nom chinois<\/label><div class='ginput_container ginput_container_text'><input name='input_17' id='input_11_17' type='text' value='' class='medium'      aria-invalid=\"false\"   \/><\/div><\/li><li id=\"field_11_19\" class=\"gfield gfield--type-text field_sublabel_below gfield--no-description field_description_below field_validation_below gfield_visibility_visible\"  ><label class='gfield_label gform-field-label' for='input_11_19'> Citizenship \/ Citoyennet\u00e9<\/label><div class='ginput_container ginput_container_text'><input name='input_19' id='input_11_19' type='text' value='' class='medium'      aria-invalid=\"false\"   \/><\/div><\/li><li id=\"field_11_20\" class=\"gfield gfield--type-text field_sublabel_below gfield--no-description field_description_below field_validation_below gfield_visibility_visible\"  ><label class='gfield_label gform-field-label' for='input_11_20'>Job Title \/ Titre de son poste<\/label><div class='ginput_container ginput_container_text'><input name='input_20' id='input_11_20' type='text' value='' class='medium'      aria-invalid=\"false\"   \/><\/div><\/li><li id=\"field_11_21\" class=\"gfield gfield--type-text field_sublabel_below gfield--no-description field_description_below field_validation_below gfield_visibility_visible\"  ><label class='gfield_label gform-field-label' for='input_11_21'>Phone number Canada \/ Num\u00e9ro de t\u00e9l\u00e9phone au Canada &amp; Fax number \/ Num\u00e9ro de t\u00e9l\u00e9copieur &amp; Phone number China \/ Num\u00e9ro de t\u00e9l\u00e9phone en Chine<\/label><div class='ginput_container ginput_container_text'><input name='input_21' id='input_11_21' type='text' value='' class='large'      aria-invalid=\"false\"   \/><\/div><\/li><li id=\"field_11_22\" class=\"gfield gfield--type-text field_sublabel_below gfield--no-description field_description_below field_validation_below gfield_visibility_visible\"  ><label class='gfield_label gform-field-label' for='input_11_22'>Mailing address (If different from company address) \/ Adresse postale (si diff\u00e9rente de celle de la compagnie) <\/label><div class='ginput_container ginput_container_text'><input name='input_22' id='input_11_22' type='text' value='' class='medium'      aria-invalid=\"false\"   \/><\/div><\/li><li id=\"field_11_23\" class=\"gfield gfield--type-text field_sublabel_below gfield--no-description field_description_below field_validation_below gfield_visibility_visible\"  ><label class='gfield_label gform-field-label' for='input_11_23'>Primary e-mail address \/ Adresse de courrier \u00e9lectronique principale<\/label><div class='ginput_container ginput_container_text'><input name='input_23' id='input_11_23' type='text' value='' class='medium'      aria-invalid=\"false\"   \/><\/div><\/li><li id=\"field_11_26\" class=\"gfield gfield--type-email field_sublabel_below gfield--no-description field_description_below field_validation_below gfield_visibility_visible\"  ><label class='gfield_label gform-field-label' for='input_11_26'>Email<\/label><div class='ginput_container ginput_container_email'>\n                            <input name='input_26' id='input_11_26' type='email' value='' class='medium'     aria-invalid=\"false\"  \/>\n                        <\/div><\/li><\/ul><\/div>\n        <div class='gform-footer gform_footer top_label'> <input type='submit' id='gform_submit_button_11' class='gform_button button' onclick='gform.submission.handleButtonClick(this);' data-submission-type='submit' value='Submit'  \/> \n            <input type='hidden' class='gform_hidden' name='gform_submission_method' data-js='gform_submission_method_11' value='postback' \/>\n            <input type='hidden' class='gform_hidden' name='gform_theme' data-js='gform_theme_11' id='gform_theme_11' value='legacy' \/>\n            <input type='hidden' class='gform_hidden' name='gform_style_settings' data-js='gform_style_settings_11' id='gform_style_settings_11' value='[]' \/>\n            <input type='hidden' class='gform_hidden' name='is_submit_11' value='1' \/>\n            <input type='hidden' class='gform_hidden' name='gform_submit' value='11' \/>\n            \n            <input type='hidden' class='gform_hidden' name='gform_currency' data-currency='CAD' value='ayXl9ESLB4fbsNOacS9vlfEFQpJMHyTSf3eeXVpn7BgPMxiGnXTuaXFkHBIrus93eZ5X98PkBZWi8jIIysCrbhUj5DqonkokvSj1odMInJk4BSA=' \/>\n            <input type='hidden' class='gform_hidden' name='gform_unique_id' value='' \/>\n            <input type='hidden' class='gform_hidden' name='state_11' value='WyJbXSIsImY0MjM3Zjc0ZDQxMjJmYThkOGRiZGU3NWIwYjM2Yjg4Il0=' \/>\n            <input type='hidden' autocomplete='off' class='gform_hidden' name='gform_target_page_number_11' id='gform_target_page_number_11' value='0' \/>\n            <input type='hidden' autocomplete='off' class='gform_hidden' name='gform_source_page_number_11' id='gform_source_page_number_11' value='1' \/>\n            <input type='hidden' name='gform_field_values' value='' \/>\n            \n        <\/div>\n                        <\/form>\n                        <\/div><script type=\"text\/javascript\">\n\/* <![CDATA[ *\/\n gform.initializeOnLoaded( function() {gformInitSpinner( 11, 'https:\/\/ccbc.com\/wp-content\/plugins\/gravityforms\/images\/spinner.svg', true );jQuery('#gform_ajax_frame_11').on('load',function(){var contents = jQuery(this).contents().find('*').html();var is_postback = contents.indexOf('GF_AJAX_POSTBACK') >= 0;if(!is_postback){return;}var form_content = jQuery(this).contents().find('#gform_wrapper_11');var is_confirmation = jQuery(this).contents().find('#gform_confirmation_wrapper_11').length > 0;var is_redirect = contents.indexOf('gformRedirect(){') >= 0;var is_form = form_content.length > 0 && ! is_redirect && ! is_confirmation;var mt = parseInt(jQuery('html').css('margin-top'), 10) + parseInt(jQuery('body').css('margin-top'), 10) + 100;if(is_form){jQuery('#gform_wrapper_11').html(form_content.html());if(form_content.hasClass('gform_validation_error')){jQuery('#gform_wrapper_11').addClass('gform_validation_error');} else {jQuery('#gform_wrapper_11').removeClass('gform_validation_error');}setTimeout( function() { \/* delay the scroll by 50 milliseconds to fix a bug in chrome *\/  }, 50 );if(window['gformInitDatepicker']) {gformInitDatepicker();}if(window['gformInitPriceFields']) {gformInitPriceFields();}var current_page = jQuery('#gform_source_page_number_11').val();gformInitSpinner( 11, 'https:\/\/ccbc.com\/wp-content\/plugins\/gravityforms\/images\/spinner.svg', true );jQuery(document).trigger('gform_page_loaded', [11, current_page]);window['gf_submitting_11'] = false;}else if(!is_redirect){var confirmation_content = jQuery(this).contents().find('.GF_AJAX_POSTBACK').html();if(!confirmation_content){confirmation_content = contents;}jQuery('#gform_wrapper_11').replaceWith(confirmation_content);jQuery(document).trigger('gform_confirmation_loaded', [11]);window['gf_submitting_11'] = false;wp.a11y.speak(jQuery('#gform_confirmation_message_11').text());}else{jQuery('#gform_11').append(contents);if(window['gformRedirect']) {gformRedirect();}}jQuery(document).trigger(\"gform_pre_post_render\", [{ formId: \"11\", currentPage: \"current_page\", abort: function() { this.preventDefault(); } }]);        if (event && event.defaultPrevented) {                return;        }        const gformWrapperDiv = document.getElementById( \"gform_wrapper_11\" );        if ( gformWrapperDiv ) {            const visibilitySpan = document.createElement( \"span\" );            visibilitySpan.id = \"gform_visibility_test_11\";            gformWrapperDiv.insertAdjacentElement( \"afterend\", visibilitySpan );        }        const visibilityTestDiv = document.getElementById( \"gform_visibility_test_11\" );        let postRenderFired = false;        function triggerPostRender() {            if ( postRenderFired ) {                return;            }            postRenderFired = true;            gform.core.triggerPostRenderEvents( 11, current_page );            if ( visibilityTestDiv ) {                visibilityTestDiv.parentNode.removeChild( visibilityTestDiv );            }        }        function debounce( func, wait, immediate ) {            var timeout;            return function() {                var context = this, args = arguments;                var later = function() {                    timeout = null;                    if ( !immediate ) func.apply( context, args );                };                var callNow = immediate && !timeout;                clearTimeout( timeout );                timeout = setTimeout( later, wait );                if ( callNow ) func.apply( context, args );            };        }        const debouncedTriggerPostRender = debounce( function() {            triggerPostRender();        }, 200 );        if ( visibilityTestDiv && visibilityTestDiv.offsetParent === null ) {            const observer = new MutationObserver( ( mutations ) => {                mutations.forEach( ( mutation ) => {                    if ( mutation.type === 'attributes' && visibilityTestDiv.offsetParent !== null ) {                        debouncedTriggerPostRender();                        observer.disconnect();                    }                });            });            observer.observe( document.body, {                attributes: true,                childList: false,                subtree: true,                attributeFilter: [ 'style', 'class' ],            });        } else {            triggerPostRender();        }    } );} ); \n\/* ]]> *\/\n<\/script>\n\n","protected":false},"excerpt":{"rendered":"","protected":false},"author":141,"featured_media":0,"parent":1305,"menu_order":4,"comment_status":"open","ping_status":"closed","template":"","meta":{"_acf_changed":false,"_et_pb_use_builder":"","_et_pb_old_content":"","_et_gb_content_width":"","footnotes":""},"categories":[],"tags":[],"class_list":["post-11072","page","type-page","status-publish","hentry"],"acf":[],"_links":{"self":[{"href":"https:\/\/ccbc.com\/fr\/wp-json\/wp\/v2\/pages\/11072","targetHints":{"allow":["GET"]}}],"collection":[{"href":"https:\/\/ccbc.com\/fr\/wp-json\/wp\/v2\/pages"}],"about":[{"href":"https:\/\/ccbc.com\/fr\/wp-json\/wp\/v2\/types\/page"}],"author":[{"embeddable":true,"href":"https:\/\/ccbc.com\/fr\/wp-json\/wp\/v2\/users\/141"}],"replies":[{"embeddable":true,"href":"https:\/\/ccbc.com\/fr\/wp-json\/wp\/v2\/comments?post=11072"}],"version-history":[{"count":1,"href":"https:\/\/ccbc.com\/fr\/wp-json\/wp\/v2\/pages\/11072\/revisions"}],"predecessor-version":[{"id":11073,"href":"https:\/\/ccbc.com\/fr\/wp-json\/wp\/v2\/pages\/11072\/revisions\/11073"}],"up":[{"embeddable":true,"href":"https:\/\/ccbc.com\/fr\/wp-json\/wp\/v2\/pages\/1305"}],"wp:attachment":[{"href":"https:\/\/ccbc.com\/fr\/wp-json\/wp\/v2\/media?parent=11072"}],"wp:term":[{"taxonomy":"category","embeddable":true,"href":"https:\/\/ccbc.com\/fr\/wp-json\/wp\/v2\/categories?post=11072"},{"taxonomy":"post_tag","embeddable":true,"href":"https:\/\/ccbc.com\/fr\/wp-json\/wp\/v2\/tags?post=11072"}],"curies":[{"name":"wp","href":"https:\/\/api.w.org\/{rel}","templated":true}]}}