{"id":11070,"date":"2012-04-04T16:17:01","date_gmt":"2012-04-04T20:17:01","guid":{"rendered":"https:\/\/ccbc.com\/?page_id=11070"},"modified":"2012-08-27T20:52:03","modified_gmt":"2012-08-27T20:52:03","slug":"business-incubation-platform-pricing","status":"publish","type":"page","link":"https:\/\/ccbc.com\/fr\/adhesion\/plateforme-dincubation-dentreprises\/business-incubation-platform-pricing\/","title":{"rendered":"Tarifs du centre d&rsquo;incubation d&rsquo;entreprise"},"content":{"rendered":"<p><span style=\"color: #ff0000;\"><strong>Les tarifs du centre d&rsquo;incubation d&rsquo;entreprise<\/strong><\/span><\/p>\n<p><strong><span style=\"color: #ff0000;\">&gt;<\/span>\u00a0<\/strong>Bureau et acc\u00e8s aux installations \u00e0 partir de 5 000 RMB par mois pour un minimum de six mois.<\/p>\n<p><span style=\"color: #ff0000;\"><strong>&gt;<\/strong><\/span> Bureau et acc\u00e8s aux installations en plus d&rsquo;un employ\u00e9 de service \u00e0 partir de 12 000 RMB par mois pour un minimum de six mois.<\/p>\n<p><span style=\"color: #ff0000;\"><strong>&gt;<\/strong><\/span>\u00a0Services additionnels discut\u00e9s sur la base du cas par cas (les prix peuvent varier).<\/p>\n<p>Contactez\u00a0<a href=\"mailto:tony@ccbc.sunflowerdemo.com\">tony@ccbc.sunflowerdemo.com<\/a>\u00a0pour plus d&rsquo;informations.<\/p>\n<div>\u00a0<\/div>\n","protected":false},"excerpt":{"rendered":"<p>Les tarifs du centre d&rsquo;incubation d&rsquo;entreprise &gt;\u00a0Bureau et acc\u00e8s aux installations \u00e0 partir de 5 000 RMB par mois pour un minimum de six mois. &gt; Bureau et acc\u00e8s aux [&hellip;]<\/p>\n","protected":false},"author":141,"featured_media":0,"parent":1305,"menu_order":5,"comment_status":"open","ping_status":"closed","template":"","meta":{"_acf_changed":false,"_et_pb_use_builder":"","_et_pb_old_content":"","_et_gb_content_width":"","footnotes":""},"categories":[],"tags":[],"class_list":["post-11070","page","type-page","status-publish","hentry"],"acf":[],"_links":{"self":[{"href":"https:\/\/ccbc.com\/fr\/wp-json\/wp\/v2\/pages\/11070","targetHints":{"allow":["GET"]}}],"collection":[{"href":"https:\/\/ccbc.com\/fr\/wp-json\/wp\/v2\/pages"}],"about":[{"href":"https:\/\/ccbc.com\/fr\/wp-json\/wp\/v2\/types\/page"}],"author":[{"embeddable":true,"href":"https:\/\/ccbc.com\/fr\/wp-json\/wp\/v2\/users\/141"}],"replies":[{"embeddable":true,"href":"https:\/\/ccbc.com\/fr\/wp-json\/wp\/v2\/comments?post=11070"}],"version-history":[{"count":1,"href":"https:\/\/ccbc.com\/fr\/wp-json\/wp\/v2\/pages\/11070\/revisions"}],"predecessor-version":[{"id":11071,"href":"https:\/\/ccbc.com\/fr\/wp-json\/wp\/v2\/pages\/11070\/revisions\/11071"}],"up":[{"embeddable":true,"href":"https:\/\/ccbc.com\/fr\/wp-json\/wp\/v2\/pages\/1305"}],"wp:attachment":[{"href":"https:\/\/ccbc.com\/fr\/wp-json\/wp\/v2\/media?parent=11070"}],"wp:term":[{"taxonomy":"category","embeddable":true,"href":"https:\/\/ccbc.com\/fr\/wp-json\/wp\/v2\/categories?post=11070"},{"taxonomy":"post_tag","embeddable":true,"href":"https:\/\/ccbc.com\/fr\/wp-json\/wp\/v2\/tags?post=11070"}],"curies":[{"name":"wp","href":"https:\/\/api.w.org\/{rel}","templated":true}]}}