{"id":11068,"date":"2012-04-04T16:12:51","date_gmt":"2012-04-04T20:12:51","guid":{"rendered":"https:\/\/ccbc.com\/?page_id=11068"},"modified":"2012-08-27T20:45:48","modified_gmt":"2012-08-27T20:45:48","slug":"frequently-asked-questions","status":"publish","type":"page","link":"https:\/\/ccbc.com\/fr\/adhesion\/plateforme-dincubation-dentreprises\/frequently-asked-questions\/","title":{"rendered":"Questions fr\u00e9quemment pos\u00e9es"},"content":{"rendered":"<p><img loading=\"lazy\" decoding=\"async\" class=\"alignleft\" title=\"hand holding seedling\" src=\"https:\/\/ccbc.com\/wp-content\/uploads\/2012\/03\/hand-holding-seedling-300x275.jpg\" alt=\"\" width=\"240\" height=\"220\" \/><\/p>\n<p dir=\"ltr\"><span style=\"font-size: medium; color: #ff0000;\"><strong>Pourquoi le service d&rsquo;incubation?<\/strong><\/span><\/p>\n<p dir=\"ltr\">L\u2019incubation d\u2019entreprise est un syst\u00e8me prouv\u00e9 d\u2019infrastructures, de r\u00e9seaux et d\u2019outils qui supportent le d\u00e9veloppement des PMEs lorsque celles-ci s\u2019engagent dans de nouveaux march\u00e9s ou un nouveau secteur de croissance. Pour les PMEs se d\u00e9veloppant en Chine, les premi\u00e8res ann\u00e9es sont critiques pour \u00e9tablir une structure d\u2019entreprise, construire ses liaisons avec les fournisseurs, les clients ainsi que les autres partenaires, pour acc\u00e9der aux sources de financement et \u00e9largir son exposition au march\u00e9. Les d\u00e9fis suppl\u00e9mentaires qu\u2019apportent les cadres sociaux, culturels, l\u00e9gaux et \u00e9conomiques d\u2019une soci\u00e9t\u00e9 peu famili\u00e8re ajoutent une complexit\u00e9 \u00e0 laquelle les PME doivent faire face au stade de l\u2019incubation. L\u2019incubation permet de faire un pont entre ces incertitudes et ces d\u00e9fis, permettant aux compagnies de g\u00e9rer le risque et d\u2019atteindre des r\u00e9sultats plus rapidement.\u00a0<\/p>\n<p>&nbsp;<\/p>\n<p><span style=\"color: #ff0000;\"><strong>Dois-je enregistrer mon entreprise pour utiliser le centre d\u2019incubation d\u2019entreprise?<\/strong><\/span><\/p>\n<p>Un des avantages de l\u2019utilisation du centre d\u2019incubation d\u2019entreprise est que vous n\u2019avez pas \u00e0 enregistrer une entreprise en Chine imm\u00e9diatement. Plusieurs PMEs doivent premi\u00e8rement explorer les diff\u00e9rents types de structures corporatives disponibles en chine ainsi que les multiples villes et r\u00e9gions de la Chine avant d\u2019enregistrer formellement une entreprise. Le centre d\u2019incubation d\u2019entreprise vous permet d\u2019explorer vos options en Chine sans avoir \u00e0 effectuer un grand investissement initial en infrastructure et autres n\u00e9cessit\u00e9s.\u00a0<\/p>\n<p><span style=\"color: #ff0000;\"><strong>Pourrai-je utiliser une adresse et aurai-je mon propre num\u00e9ro de t\u00e9l\u00e9phone et de fax au centre d\u2019incubation d\u2019entreprise?<\/strong><\/span><\/p>\n<p>Oui, en tant qu\u2019usager du centre d\u2019incubation d\u2019entreprise, vous aurez votre propre adresse, num\u00e9ro de t\u00e9l\u00e9phone et de fax en Chine. Vous pouvez aussi choisir entre une ligne t\u00e9l\u00e9phonique d\u00e9di\u00e9e ou un num\u00e9ro d\u2019extension r\u00e9pondu par notre r\u00e9ceptionniste.\u00a0<\/p>\n<p><span style=\"color: #ff0000;\"><strong>Comment fournir du personnel \u00e0 mon bureau d\u2019incubation et qui pourra acc\u00e9der aux services d\u2019incubation?<\/strong><\/span><\/p>\n<p>Les services d\u2019incubation sont adapt\u00e9s \u00e0 une vari\u00e9t\u00e9 de personnes. Que ce soit des cadres voyageant fr\u00e9quemment en Chine, des repr\u00e9sentants d\u2019entreprises n\u00e9cessitant un endroit pour rencontrer des clients potentiels ou des employ\u00e9s d\u00e9di\u00e9s occupant quotidiennement le bureau, nos services d\u2019incubation satisferont vos besoins. Si vous cherchez \u00e0 engager un employ\u00e9 chinois, nous pouvons vous recommander un service de ressources humaines capable de vous appuyer \u00e0 l\u2019embauche.<\/p>\n<p><span style=\"color: #ff0000;\"><strong>Vers qui dois-je diriger mes questions?<\/strong><\/span><\/p>\n<p>Pour plus d\u2019information \u00e0 propos du centre d\u2019incubation d\u2019entreprise du CCBC et sur comment le CCBC peut vous aider \u00e0 mener votre entreprise au prochain niveau, contacter Tony Gostling au 416-954-3800 ext. 313\u00a0ou au\u00a0<a href=\"mailto:tony@ccbc.sunflowerdemo.com\">tony@ccbc.sunflowerdemo.com<\/a>.<\/p>\n","protected":false},"excerpt":{"rendered":"<p>Pourquoi le service d&rsquo;incubation? L\u2019incubation d\u2019entreprise est un syst\u00e8me prouv\u00e9 d\u2019infrastructures, de r\u00e9seaux et d\u2019outils qui supportent le d\u00e9veloppement des PMEs lorsque celles-ci s\u2019engagent dans de nouveaux march\u00e9s ou un [&hellip;]<\/p>\n","protected":false},"author":141,"featured_media":0,"parent":1305,"menu_order":2,"comment_status":"open","ping_status":"closed","template":"","meta":{"_acf_changed":false,"_et_pb_use_builder":"","_et_pb_old_content":"","_et_gb_content_width":"","footnotes":""},"categories":[],"tags":[],"class_list":["post-11068","page","type-page","status-publish","hentry"],"acf":[],"_links":{"self":[{"href":"https:\/\/ccbc.com\/fr\/wp-json\/wp\/v2\/pages\/11068","targetHints":{"allow":["GET"]}}],"collection":[{"href":"https:\/\/ccbc.com\/fr\/wp-json\/wp\/v2\/pages"}],"about":[{"href":"https:\/\/ccbc.com\/fr\/wp-json\/wp\/v2\/types\/page"}],"author":[{"embeddable":true,"href":"https:\/\/ccbc.com\/fr\/wp-json\/wp\/v2\/users\/141"}],"replies":[{"embeddable":true,"href":"https:\/\/ccbc.com\/fr\/wp-json\/wp\/v2\/comments?post=11068"}],"version-history":[{"count":1,"href":"https:\/\/ccbc.com\/fr\/wp-json\/wp\/v2\/pages\/11068\/revisions"}],"predecessor-version":[{"id":11069,"href":"https:\/\/ccbc.com\/fr\/wp-json\/wp\/v2\/pages\/11068\/revisions\/11069"}],"up":[{"embeddable":true,"href":"https:\/\/ccbc.com\/fr\/wp-json\/wp\/v2\/pages\/1305"}],"wp:attachment":[{"href":"https:\/\/ccbc.com\/fr\/wp-json\/wp\/v2\/media?parent=11068"}],"wp:term":[{"taxonomy":"category","embeddable":true,"href":"https:\/\/ccbc.com\/fr\/wp-json\/wp\/v2\/categories?post=11068"},{"taxonomy":"post_tag","embeddable":true,"href":"https:\/\/ccbc.com\/fr\/wp-json\/wp\/v2\/tags?post=11068"}],"curies":[{"name":"wp","href":"https:\/\/api.w.org\/{rel}","templated":true}]}}