{"id":11065,"date":"2012-04-04T16:06:14","date_gmt":"2012-08-27T14:50:56","guid":{"rendered":"https:\/\/ccbc.com\/?page_id=11065"},"modified":"2013-11-22T14:15:21","modified_gmt":"2013-11-22T19:15:21","slug":"espace-bureau-salle-conferenc","status":"publish","type":"page","link":"https:\/\/ccbc.com\/fr\/adhesion\/plateforme-dincubation-dentreprises\/espace-bureau-salle-conferenc\/","title":{"rendered":"Espaces de bureau et salle de conf\u00e9rence"},"content":{"rendered":"<p>Le centre d&rsquo;incubation d&rsquo;entreprise est avantageusement situ\u00e9 \u00e0 l&rsquo;int\u00e9rieur du Shanghai Mart, un centre de commerce international disposant de salles de montres, de bureaux de commerce et de ressources informatives. Pr\u00e8s d&rsquo;une centaine de d\u00e9taillants, de grossistes et d&rsquo;importateurs internationaux ont \u00e9tabli leur si\u00e8ge social \u00e0 l&rsquo;int\u00e9rieur du Shanghai Mart, ce dernier \u00e9tant le premier de la sorte en Chine et le plus grand centre de commerce international en Asie. Cet environnement de commerce international fournit plusieurs opportunit\u00e9s aux r\u00e9sidents du centre d&rsquo;incubation d&rsquo;entreprise afin de s&rsquo;approvisionner en ressources, d&rsquo;\u00e9changer de l&rsquo;information, de r\u00e9seauter et de participer \u00e0 des \u00e9v\u00e9nements en compagnie d&rsquo;entreprises locales et internationales d&rsquo;une vari\u00e9t\u00e9 d&rsquo;industrie. Autant le bureau de Shanghai du CCBC ainsi que le centre du Canada sont favorablement situ\u00e9s dans l&rsquo;immeuble, mettant \u00e0 la disposition des r\u00e9sidents du centre d&rsquo;incubation d&rsquo;entreprise un acc\u00e8s exceptionnel aux personnels et aux ressources du CCBC.\u00a0<\/p>\n<p><span style=\"color: #ff0000;\"><strong>Espace de bureau:<\/strong><\/span><\/p>\n<p>Le centre d&rsquo;incubation d&rsquo;entreprise est un espace de bureau ouvert pouvant accommoder 6 compagnies. L&rsquo;espace donne aussi acc\u00e8s aux \u00e9quipements suivants:<\/p>\n<p><span style=\"color: #ff0000;\"><strong>&gt;<\/strong><\/span>\u00a0 Fax, photocopieur, r\u00e9frig\u00e9rateur, cafeti\u00e8re, fontaine d&rsquo;eau ainsi qu&rsquo;un service de r\u00e9ceptionniste.\u00a0<\/p>\n<p><strong>\u00a0<span style=\"color: #ff0000;\">Salle de conf\u00e9rence:<\/span><\/strong><\/p>\n<p>Les r\u00e9sidents du centre d&rsquo;incubation d&rsquo;entreprise ont acc\u00e8s \u00e0 une salle de conf\u00e9rence pouvant accueillir 12 personnes. La salle est dot\u00e9e d&rsquo;\u00e9quipement de t\u00e9l\u00e9conf\u00e9rence de pointe, incluant:\u00a0<\/p>\n<p><strong><span style=\"color: #ff0000;\">&gt;<\/span><\/strong> Ordinateur, cam\u00e9ra vid\u00e9o, haut-parleur de table pour t\u00e9l\u00e9conf\u00e9rences, projecteur ancr\u00e9 au plafond ainsi qu&rsquo;un \u00e9cran r\u00e9tractable.\u00a0<\/p>\n<p><span style=\"color: #ff0000;\"><strong>Support administratif:\u00a0<\/strong><\/span><\/p>\n<p>Les r\u00e9sidents du centre d&rsquo;incubation d&rsquo;entreprise ont acc\u00e8s \u00e0 du personnel du CCBC parlant le mandarin, des services de r\u00e9ceptionniste ainsi que du soutien dans l&#8217;embauche d&#8217;employ\u00e9s locaux.\u00a0\u00a0<\/p>\n<p>&nbsp;<\/p>\n<p>&nbsp;<\/p>\n<p>&nbsp;<\/p>\n<p>&nbsp;<\/p>\n<p>&nbsp;<\/p>\n<p><strong><span style=\"font-size: medium; color: #ff0000;\">Caract\u00e9ristique:\u00a0<\/span><\/strong><\/p>\n<p>Surface d&rsquo;un bureau: 9.5 pieds carr\u00e9s<br \/>Nombre total de bureau: 6<br \/>La salle de conf\u00e9rence peut\u00a0accueillir\u00a012 personnes.<\/p>\n<p><a href=\"https:\/\/ccbc.com\/wp-content\/uploads\/2012\/04\/incubator-layout.jpg\"><img loading=\"lazy\" decoding=\"async\" class=\"alignleft size-full wp-image-7208\" title=\"incubator layout\" alt=\"\" src=\"https:\/\/ccbc.com\/wp-content\/uploads\/2012\/04\/incubator-layout.jpg\" width=\"533\" height=\"330\" srcset=\"https:\/\/ccbc.com\/wp-content\/uploads\/2012\/04\/incubator-layout.jpg 1600w, https:\/\/ccbc.com\/wp-content\/uploads\/2012\/04\/incubator-layout-300x186.jpg 300w, https:\/\/ccbc.com\/wp-content\/uploads\/2012\/04\/incubator-layout-1024x634.jpg 1024w, https:\/\/ccbc.com\/wp-content\/uploads\/2012\/04\/incubator-layout-483x300.jpg 483w\" sizes=\"(max-width: 533px) 100vw, 533px\" \/><\/a><\/p>\n<p>&nbsp;<\/p>\n<p>&nbsp;<\/p>\n<p>&nbsp;<\/p>\n<p>&nbsp;<\/p>\n<p>&nbsp;<\/p>\n<p>&nbsp;<\/p>\n<p>&nbsp;<\/p>\n<p>&nbsp;<\/p>\n<p>&nbsp;<\/p>\n<p>&nbsp;<\/p>\n<p>&nbsp;<\/p>\n<p>&nbsp;<\/p>\n<h3>\u00a0<\/h3>\n","protected":false},"excerpt":{"rendered":"<p>Le centre d&rsquo;incubation d&rsquo;entreprise est avantageusement situ\u00e9 \u00e0 l&rsquo;int\u00e9rieur du Shanghai Mart, un centre de commerce international disposant de salles de montres, de bureaux de commerce et de ressources informatives. [&hellip;]<\/p>\n","protected":false},"author":141,"featured_media":0,"parent":1305,"menu_order":0,"comment_status":"open","ping_status":"open","template":"","meta":{"_acf_changed":false,"_et_pb_use_builder":"","_et_pb_old_content":"","_et_gb_content_width":"","footnotes":""},"categories":[],"tags":[],"class_list":["post-11065","page","type-page","status-publish","hentry"],"acf":[],"_links":{"self":[{"href":"https:\/\/ccbc.com\/fr\/wp-json\/wp\/v2\/pages\/11065","targetHints":{"allow":["GET"]}}],"collection":[{"href":"https:\/\/ccbc.com\/fr\/wp-json\/wp\/v2\/pages"}],"about":[{"href":"https:\/\/ccbc.com\/fr\/wp-json\/wp\/v2\/types\/page"}],"author":[{"embeddable":true,"href":"https:\/\/ccbc.com\/fr\/wp-json\/wp\/v2\/users\/141"}],"replies":[{"embeddable":true,"href":"https:\/\/ccbc.com\/fr\/wp-json\/wp\/v2\/comments?post=11065"}],"version-history":[{"count":4,"href":"https:\/\/ccbc.com\/fr\/wp-json\/wp\/v2\/pages\/11065\/revisions"}],"predecessor-version":[{"id":18609,"href":"https:\/\/ccbc.com\/fr\/wp-json\/wp\/v2\/pages\/11065\/revisions\/18609"}],"up":[{"embeddable":true,"href":"https:\/\/ccbc.com\/fr\/wp-json\/wp\/v2\/pages\/1305"}],"wp:attachment":[{"href":"https:\/\/ccbc.com\/fr\/wp-json\/wp\/v2\/media?parent=11065"}],"wp:term":[{"taxonomy":"category","embeddable":true,"href":"https:\/\/ccbc.com\/fr\/wp-json\/wp\/v2\/categories?post=11065"},{"taxonomy":"post_tag","embeddable":true,"href":"https:\/\/ccbc.com\/fr\/wp-json\/wp\/v2\/tags?post=11065"}],"curies":[{"name":"wp","href":"https:\/\/api.w.org\/{rel}","templated":true}]}}